{"id":27828,"date":"2023-01-30T22:32:26","date_gmt":"2023-07-18T09:00:00","guid":{"rendered":"https:\/\/wildenherbals.com\/shop\/unkategorisiert\/quietea-bio-kraeutertee-%c2%b7-schachtel-mit-10-beuteln\/"},"modified":"2025-05-31T09:58:44","modified_gmt":"2025-05-31T07:58:44","slug":"bio-tisana-quietea-box-10-beutel","status":"publish","type":"product","link":"https:\/\/wildenherbals.com\/de\/shop\/krautertees\/bio-tisana-quietea-box-10-beutel\/","title":{"rendered":"QuieTea Bio-Kr\u00e4utertee"},"content":{"rendered":"<p><span style=\"font-weight: 400;\">QuieTea ist ein Kr\u00e4utertee, der dank der Eigenschaften von Kamille und Wei\u00dfdorn zur Entspannung beitr\u00e4gt und das geistige Wohlbefinden f\u00f6rdert. Die Eigenschaften von Rhodiola helfen, die Stimmung auszugleichen und k\u00f6rperliche und geistige M\u00fcdigkeit zu bek\u00e4mpfen. <\/span><\/p>\n<p><span style=\"font-weight: 400;\">QuieTea hat ausgepr\u00e4gte s\u00fc\u00dfe und blumige Noten von Kamille und Wei\u00dfdorn, zusammen mit einem Hauch von Rose aus Rhodiola. Das Ergebnis ist ein frischer und zarter Duft und ein s\u00fc\u00dfer Geschmack, der jedoch durch die bitteren Noten der Orange abgeschw\u00e4cht wird. <\/span><\/p>\n<p><b>Indikationen f\u00fcr den Verzehr<\/b><\/p>\n<p><i><span style=\"font-weight: 400;\">Dosis und Modus<\/span><\/i><\/p>\n<p><span style=\"font-weight: 400;\">Lassen Sie 1 Beutel 7-9 Minuten in 300-500 ml 95\u00b0 hei\u00dfem Wasser ziehen.<\/span><\/p>\n<p><span style=\"font-weight: 400;\">Es wird empfohlen, nicht mehr als 2 Beutel pro Tag zu verwenden.<\/span><\/p>\n<p>&nbsp;<\/p>\n<p><i><span style=\"font-weight: 400;\">Wilden.herbals Health-Kr\u00e4utertees sind Nahrungserg\u00e4nzungsmittel<\/span><\/i><\/p>\n<p><span style=\"font-weight: 400;\">\u00dcberschreiten Sie nicht die empfohlene Tagesdosis. Nahrungserg\u00e4nzungsmittel sollten nicht als Ersatz f\u00fcr eine abwechslungsreiche Ern\u00e4hrung und eine gesunde Lebensweise verwendet werden. Au\u00dferhalb der Reichweite von Kindern unter drei Jahren aufbewahren. \u00dcberm\u00e4\u00dfiger Verzehr kann abf\u00fchrend wirken.   <\/span><\/p>\n","protected":false},"excerpt":{"rendered":"<p>QuieTea ist ein Kr\u00e4utertee, der dank der Eigenschaften von Kamille und Wei\u00dfdorn zur Entspannung beitr\u00e4gt und das geistige Wohlbefinden f\u00f6rdert. Die Eigenschaften von Rhodiola helfen, die Stimmung auszugleichen und k\u00f6rperliche und geistige M\u00fcdigkeit zu bek\u00e4mpfen. QuieTea hat ausgepr\u00e4gte s\u00fc\u00dfe und blumige Noten von Kamille und Wei\u00dfdorn, zusammen mit einem Hauch von Rose aus Rhodiola. Das [&hellip;]<\/p>\n","protected":false},"featured_media":35071,"template":"","meta":{"_acf_changed":false,"inline_featured_image":false,"_mbp_gutenberg_autopost":false},"product_brand":[],"product_cat":[550,551],"product_tag":[689,552],"partner":[],"line":[546,548],"class_list":{"0":"post-27828","1":"product","2":"type-product","3":"status-publish","4":"has-post-thumbnail","6":"product_cat-krautertees","7":"product_cat-im-beutel","8":"product_tag-ruhig","9":"product_tag-wohlbefinden","10":"line-health-line","11":"line-wilden-herbals-health","13":"first","14":"outofstock","15":"taxable","16":"shipping-taxable","17":"purchasable","18":"product-type-variable"},"bundle_layout":"","bundled_by":[],"bundled_items":[],"acf":[],"_links":{"self":[{"href":"https:\/\/wildenherbals.com\/de\/wp-json\/wp\/v2\/product\/27828","targetHints":{"allow":["GET"]}}],"collection":[{"href":"https:\/\/wildenherbals.com\/de\/wp-json\/wp\/v2\/product"}],"about":[{"href":"https:\/\/wildenherbals.com\/de\/wp-json\/wp\/v2\/types\/product"}],"wp:featuredmedia":[{"embeddable":true,"href":"https:\/\/wildenherbals.com\/de\/wp-json\/wp\/v2\/media\/35071"}],"wp:attachment":[{"href":"https:\/\/wildenherbals.com\/de\/wp-json\/wp\/v2\/media?parent=27828"}],"wp:term":[{"taxonomy":"product_brand","embeddable":true,"href":"https:\/\/wildenherbals.com\/de\/wp-json\/wp\/v2\/product_brand?post=27828"},{"taxonomy":"product_cat","embeddable":true,"href":"https:\/\/wildenherbals.com\/de\/wp-json\/wp\/v2\/product_cat?post=27828"},{"taxonomy":"product_tag","embeddable":true,"href":"https:\/\/wildenherbals.com\/de\/wp-json\/wp\/v2\/product_tag?post=27828"},{"taxonomy":"partner","embeddable":true,"href":"https:\/\/wildenherbals.com\/de\/wp-json\/wp\/v2\/partner?post=27828"},{"taxonomy":"line","embeddable":true,"href":"https:\/\/wildenherbals.com\/de\/wp-json\/wp\/v2\/line?post=27828"}],"curies":[{"name":"wp","href":"https:\/\/api.w.org\/{rel}","templated":true}]}}