{"id":26531,"date":"2023-07-18T10:24:58","date_gmt":"2023-07-18T08:24:58","guid":{"rendered":"https:\/\/wildenherbals.com\/datenschutzbestimmungen\/"},"modified":"2025-05-30T15:49:07","modified_gmt":"2025-05-30T13:49:07","slug":"datenschutzbestimmungen","status":"publish","type":"page","link":"https:\/\/wildenherbals.com\/de\/datenschutzbestimmungen\/","title":{"rendered":"Datenschutzbestimmungen"},"content":{"rendered":"\n<p>Der Zweck dieses Dokuments (im Folgenden \u201e <strong>Datenschutzrichtlinie<\/strong> \u201c) besteht darin, Benutzer \u00fcber personenbezogene Daten zu informieren, darunter alle Informationen, die die Identifizierung einer nat\u00fcrlichen Person erm\u00f6glichen (im Folgenden \u201e <strong>personenbezogene Daten<\/strong> \u201c), die auf der Website www.wildenherbals gesammelt werden .com (im Folgenden <strong>die \u201eAnwendung\u201c<\/strong> ).<\/p>\n\n<p>Der Datenverantwortliche, wie unten angegeben, kann diese Richtlinie ganz oder teilweise \u00e4ndern oder einfach aktualisieren, indem er die Benutzer dar\u00fcber informiert. \u00c4nderungen und Aktualisierungen sind verbindlich, sobald sie in der Anwendung ver\u00f6ffentlicht werden. Der Nutzer wird daher aufgefordert, die Datenschutzrichtlinie bei jedem Zugriff auf die Anwendung zu lesen.<\/p>\n\n<p>Wenn Sie die \u00c4nderungen an der Datenschutzrichtlinie nicht akzeptieren, m\u00fcssen Sie die Nutzung dieser Anwendung einstellen und k\u00f6nnen den f\u00fcr die Datenverarbeitung Verantwortlichen auffordern, Ihre pers\u00f6nlichen Daten zu entfernen.<\/p>\n\n<ol class=\"wp-block-list\"><li>Von der Anwendung gesammelte personenbezogene DatenDer Eigent\u00fcmer sammelt die folgenden Arten von personenbezogenen Daten:<ol type=\"A\"><li><strong>Inhalt und Informationen, die vom<\/strong>Benutzer <strong>freiwillig zur Verf\u00fcgung gestellt werden<\/strong>Die Nichtbereitstellung von personenbezogenen Daten durch den Benutzer, f\u00fcr die eine gesetzliche oder vertragliche Verpflichtung besteht oder die eine notwendige Voraussetzung f\u00fcr die Nutzung des Dienstes oder f\u00fcr den Vertragsabschluss darstellen, hat zur Folge, dass der f\u00fcr die Verarbeitung Verantwortliche seine Dienstleistungen ganz oder teilweise nicht erbringen kann.Der Benutzer, der dem f\u00fcr die Verarbeitung Verantwortlichen personenbezogene Daten von Dritten mitteilt, ist direkt und ausschlie\u00dflich f\u00fcr deren Herkunft, Erhebung, Verarbeitung, Mitteilung oder Verbreitung verantwortlich.<ul><li><strong>Kontaktdaten und Inhalte:<\/strong> Dies sind die pers\u00f6nlichen Daten, die der Nutzer w\u00e4hrend der Nutzung der Anwendung freiwillig zur Verf\u00fcgung stellt, wie z. B. pers\u00f6nliche Daten, Kontaktdaten, Zugangsdaten f\u00fcr die angebotenen Dienste und\/oder Produkte, pers\u00f6nliche Interessen und Vorlieben und andere pers\u00f6nliche Inhalte usw.<\/li><li><strong>Sensible Daten:<\/strong> Personenbezogene Daten, aus denen die rassische oder ethnische Herkunft, politische Meinungen, religi\u00f6se oder philosophische \u00dcberzeugungen, die Mitgliedschaft in einer Gewerkschaft hervorgehen, sowie genetische Daten, biometrische Daten zur eindeutigen Identifizierung einer nat\u00fcrlichen Person, Daten \u00fcber die Gesundheit oder das Sexualleben oder die sexuelle Ausrichtung einer Person.<\/li><li><strong>\u00dcber soziale Medien gesammelte personenbezogene Daten:<\/strong> Benutzer k\u00f6nnen Daten, die sie in sozialen Medien zur Verf\u00fcgung stellen, mit der Anwendung teilen. Der Nutzer kann die pers\u00f6nlichen Daten, auf die die Anwendung zugreifen kann, \u00fcber die in den betreffenden sozialen Medien verf\u00fcgbaren Datenschutzeinstellungen kontrollieren. Durch die Verkn\u00fcpfung von \u00fcber soziale Medien verwalteten Konten mit der Anwendung und die Erm\u00e4chtigung des f\u00fcr die Verarbeitung Verantwortlichen, auf diese personenbezogenen Daten zuzugreifen, willigt der Nutzer in die Erfassung, Verarbeitung und Speicherung dieser personenbezogenen Daten in \u00dcbereinstimmung mit dieser Datenschutzrichtlinie ein.<\/li><\/ul><\/li><li><strong>Daten und Inhalte, die w\u00e4hrend der Nutzung der Anwendung automatisch erfasst werden:<\/strong><ul><li><strong>Technische Daten:<\/strong> Die Computersysteme und Softwareverfahren, die f\u00fcr den Betrieb dieser Anwendung verwendet werden, k\u00f6nnen im Laufe ihres normalen Betriebs einige personenbezogene Daten erfassen, deren \u00dcbertragung durch die Verwendung von Internet-Kommunikationsprotokollen impliziert ist. Diese Informationen werden nicht gesammelt, um mit identifizierten Benutzern in Verbindung gebracht zu werden, sondern k\u00f6nnten aufgrund ihrer Beschaffenheit durch die Verarbeitung und Verkn\u00fcpfung mit Daten, die sich im Besitz von Dritten befinden, die Identifizierung von Benutzern erm\u00f6glichen. Zu dieser Kategorie geh\u00f6ren die IP-Adressen oder die Dom\u00e4nennamen, die von den Benutzern verwendet werden, die sich mit der Anwendung verbinden, die URI (Uniform Resource Identifier)-Adressen der angeforderten Ressourcen, die Uhrzeit der Anfrage, die Methode, mit der die Anfrage an den Server \u00fcbermittelt wurde, die Gr\u00f6\u00dfe der erhaltenen Datei usw.<\/li><li><strong>Nutzungsdaten:<\/strong> Pers\u00f6nliche Daten, die sich auf die Nutzung der Anwendung durch den Nutzer beziehen, k\u00f6nnen ebenfalls gesammelt werden, wie z.B. die besuchten Seiten, die durchgef\u00fchrten Aktionen, die genutzten Funktionen und Dienste.<\/li><li><strong>Geolokalisierungsdaten:<\/strong> Die Anwendung kann personenbezogene Daten \u00fcber den Standort des Nutzers erfassen, bei denen es sich um GNSS-Daten (Global Navigation Satellite System) wie GPS-Daten sowie um Daten zur Identifizierung des n\u00e4chstgelegenen Repeaters, Wi-Fi- und Bluetooth-Hotspots handeln kann, die bei der Aktivierung von standortbasierten Produkten oder Funktionen \u00fcbermittelt werden.<\/li><\/ul><\/li><li><strong>Pers\u00f6nliche Daten, die durch Cookies oder \u00e4hnliche Technologien gesammelt werden:<\/strong>Die Anwendung verwendet Cookies, Web Beacons, eindeutige Identifikatoren und andere \u00e4hnliche Technologien, um pers\u00f6nliche Daten \u00fcber die von Ihnen besuchten Seiten, Links und andere Aktionen zu sammeln, die Sie bei der Nutzung unserer Dienste durchf\u00fchren. Sie werden gespeichert und beim n\u00e4chsten Besuch desselben Benutzers erneut \u00fcbertragen. Der Benutzer kann die vollst\u00e4ndige Cookie-Richtlinie unter der folgenden Adresse einsehen: https:\/\/wildenherbals.com\/cookie-policy.<\/li><\/ol><\/li><li>ZweckeDie erfassten personenbezogenen Daten k\u00f6nnen f\u00fcr die Erf\u00fcllung vertraglicher und vorvertraglicher Verpflichtungen und f\u00fcr gesetzliche Verpflichtungen sowie f\u00fcr die folgenden Zwecke verwendet werden:<ul><li><strong>Benutzerregistrierung und -authentifizierung:<\/strong> um dem Benutzer die Registrierung in der Anwendung zu erm\u00f6glichen, damit er auf die Anwendung zugreifen und sich identifizieren kann.<\/li><li><strong>Externe Verarbeitung von Zahlungen per Kreditkarte, Bank\u00fcberweisung oder auf anderem Wege:<\/strong> Verarbeitung von Zahlungen der Benutzer \u00fcber externe Plattformen, die Zahlungsdaten erfassen, ohne dass der Eigent\u00fcmer der Anwendung Zugriff darauf hat. Pers\u00f6nliche Daten werden an https:\/\/stripe.com\/it\/privacy weitergegeben.<\/li><li><strong>Versand von E-Mails oder Newslettern und Verwaltung von Mailinglisten:<\/strong> um den Nutzer mit E-Mails zu kontaktieren, die kommerzielle und werbliche Informationen in Bezug auf die Anwendung enthalten. Pers\u00f6nliche Daten werden an https:\/\/mailchimp.com\/legal\/privacy\/ weitergeleitet.<\/li><li><strong>Speicherung, Hosting und Verwaltung der Backend-Infrastruktur:<\/strong> zur Verwaltung der technischen Infrastruktur f\u00fcr die Speicherung der Benutzerdaten. Pers\u00f6nliche Daten werden an https:\/\/www.ovh.it\/protezione-dati-personali\/ weitergegeben.<\/li><li><strong>Statistiken nur mit anonymen Daten:<\/strong> zur Durchf\u00fchrung von statistischen Analysen auf der Grundlage von aggregierten Daten oder Daten, die keine Identifizierung des Benutzers erm\u00f6glichen. Pers\u00f6nliche Daten werden an https:\/\/policies.google.com\/privacy weitergegeben.<\/li><\/ul><\/li><li>VerarbeitungsmethodenDie Verarbeitung personenbezogener Daten erfolgt mit Hilfe von Computer- und\/oder Telematikinstrumenten, wobei die organisatorischen Methoden und die Logik strikt mit den angegebenen Zwecken zusammenh\u00e4ngen. In einigen F\u00e4llen k\u00f6nnen auch Personen, die in die Organisation des f\u00fcr die Verarbeitung Verantwortlichen eingebunden sind (wie z. B. Mitarbeiter der Personalverwaltung, Vertriebsmitarbeiter, Systemadministratoren usw.) oder externe Personen (wie IT-Unternehmen, Dienstleister, Postkuriere, Hosting-Anbieter usw.) Zugang zu den personenbezogenen Daten haben. Diese Personen k\u00f6nnen von dem f\u00fcr die Verarbeitung Verantwortlichen zu Datenverarbeitern ernannt werden und haben bei Bedarf Zugang zu den pers\u00f6nlichen Daten der Nutzer und sind vertraglich verpflichtet, die pers\u00f6nlichen Daten vertraulich zu behandeln. Die aktualisierte Liste der Datenverarbeiter kann per E-Mail an info@wildenherbals.com angefordert werden.<\/li><li>Rechtsgrundlage der VerarbeitungDie Verarbeitung personenbezogener Daten des Nutzers basiert auf den folgenden Rechtsgrundlagen:Sie k\u00f6nnen den f\u00fcr die Verarbeitung Verantwortlichen jederzeit bitten, die Rechtsgrundlage jeder Verarbeitung unter info@wildenherbals.com zu erl\u00e4utern.<ul><li>die vom Nutzer erteilte Zustimmung f\u00fcr einen oder mehrere bestimmte Zwecke;<\/li><li>die Verarbeitung ist f\u00fcr die Erf\u00fcllung eines Vertrags mit dem Nutzer und\/oder die Durchf\u00fchrung vorvertraglicher Ma\u00dfnahmen erforderlich<\/li><li>die Verarbeitung ist erforderlich, um einer rechtlichen Verpflichtung nachzukommen, der der f\u00fcr die Verarbeitung Verantwortliche unterliegt<\/li><li>die Verarbeitung ist f\u00fcr die Wahrnehmung einer Aufgabe erforderlich, die im \u00f6ffentlichen Interesse liegt oder in Aus\u00fcbung \u00f6ffentlicher Gewalt erfolgt, die dem f\u00fcr die Verarbeitung Verantwortlichen \u00fcbertragen wurde<\/li><li>die Verarbeitung ist f\u00fcr die Verfolgung des berechtigten Interesses des f\u00fcr die Verarbeitung Verantwortlichen oder eines Dritten erforderlich<\/li><li>die Verarbeitung ist f\u00fcr die Verfolgung eines lebenswichtigen Interesses des f\u00fcr die Verarbeitung Verantwortlichen oder eines Dritten erforderlich.<\/li><\/ul><\/li><li>OrtPersonenbezogene Daten werden in den R\u00e4umlichkeiten des f\u00fcr die Datenverarbeitung Verantwortlichen und an jedem anderen Ort verarbeitet, an dem sich die an der Verarbeitung beteiligten Parteien befinden. F\u00fcr weitere Informationen wenden Sie sich bitte an den Eigent\u00fcmer unter der folgenden E-Mail-Adresse info@wildenherbals.com oder unter der folgenden Postanschrift via carlo farini 6, Milano 20154 Italien.<\/li><li>Sicherheitsma\u00dfnahmenDie Verarbeitung erfolgt auf eine Art und Weise und mit Instrumenten, die die Sicherheit und Vertraulichkeit der personenbezogenen Daten gew\u00e4hrleisten, wobei der f\u00fcr die Verarbeitung Verantwortliche geeignete technische und organisatorische Ma\u00dfnahmen ergriffen hat, die gew\u00e4hrleisten und den Nachweis erm\u00f6glichen, dass die Verarbeitung in \u00dcbereinstimmung mit den einschl\u00e4gigen Rechtsvorschriften erfolgt.<\/li><li>Dauer der DatenaufbewahrungPersonenbezogene Daten werden so lange aufbewahrt, wie es f\u00fcr die Erf\u00fcllung der Zwecke, f\u00fcr die sie erhoben wurden, erforderlich ist. Insbesondere werden personenbezogene Daten f\u00fcr die gesamte Dauer des Vertragsverh\u00e4ltnisses, f\u00fcr die Erf\u00fcllung der inh\u00e4renten und sich daraus ergebenden Verpflichtungen, f\u00fcr die Einhaltung geltender gesetzlicher und beh\u00f6rdlicher Verpflichtungen sowie f\u00fcr eigene oder fremde Verteidigungszwecke aufbewahrt.Wenn die Verarbeitung personenbezogener Daten auf der Zustimmung des Nutzers beruht, kann der f\u00fcr die Verarbeitung Verantwortliche die personenbezogenen Daten bis zum Widerruf der Zustimmung aufbewahren. Personenbezogene Daten k\u00f6nnen f\u00fcr einen l\u00e4ngeren Zeitraum aufbewahrt werden, wenn dies zur Erf\u00fcllung einer gesetzlichen Verpflichtung oder auf Anordnung einer Beh\u00f6rde erforderlich ist. Nach Ablauf dieser Frist kann das Recht auf Zugang, L\u00f6schung, Berichtigung und das Recht auf \u00dcbertragbarkeit der personenbezogenen Daten nicht mehr ausge\u00fcbt werden.<\/li><li>Automatisierte EntscheidungsfindungsprozesseAlle erfassten personenbezogenen Daten d\u00fcrfen keinen automatisierten Entscheidungsfindungsprozessen, einschlie\u00dflich Profiling, unterzogen werden, die rechtliche Auswirkungen auf die Person haben oder die Person erheblich beeintr\u00e4chtigen k\u00f6nnen.<\/li><li>BenutzerrechteDie Benutzer k\u00f6nnen bestimmte Rechte in Bezug auf die von der verantwortlichen Stelle verarbeiteten personenbezogenen Daten aus\u00fcben. Die Nutzer haben insbesondere das Recht:Zur Aus\u00fcbung ihrer Rechte k\u00f6nnen die Nutzer eine Anfrage an die in diesem Dokument angegebenen Kontaktdaten des f\u00fcr die Verarbeitung Verantwortlichen richten. Die Antr\u00e4ge werden kostenlos gestellt und vom Inhaber so schnell wie m\u00f6glich bearbeitet, in jedem Fall innerhalb von 30 Tagen.<ul><li>die Zustimmung jederzeit widerrufen;<\/li><li>der Verarbeitung ihrer pers\u00f6nlichen Daten zu widersprechen;<\/li><li>auf ihre pers\u00f6nlichen Daten zugreifen;<\/li><li>\u00fcberpr\u00fcfen und um Berichtigung bitten;<\/li><li>eine Einschr\u00e4nkung der Verarbeitung zu erwirken;<\/li><li>die L\u00f6schung ihrer pers\u00f6nlichen Daten zu erwirken;<\/li><li>ihre pers\u00f6nlichen Daten zu erhalten oder sie an einen anderen Verantwortlichen zu \u00fcbermitteln;<\/li><li>eine Beschwerde bei der Datenschutzaufsichtsbeh\u00f6rde einreichen und\/oder rechtliche Schritte einleiten.<\/li><\/ul><\/li><li>Verantwortlicher f\u00fcr die DatenverarbeitungDer Verantwortliche f\u00fcr die Datenverarbeitung ist Wilden srl , mit Sitz in Via Carlo Farini 6, 20154, Mailand , Steuernummer\/VAT Nr. IT10575530968, E-Mail Adresse info@wildenherbals.com.<\/li><\/ol>\n\n<p>Zuletzt aktualisiert: 13\/07\/2020<\/p>\n","protected":false},"excerpt":{"rendered":"<p>Der Zweck dieses Dokuments (im Folgenden \u201e Datenschutzrichtlinie \u201c) besteht darin, Benutzer \u00fcber personenbezogene Daten zu informieren, darunter alle Informationen, die die Identifizierung einer nat\u00fcrlichen Person erm\u00f6glichen (im Folgenden \u201e personenbezogene Daten \u201c), die auf der Website www.wildenherbals gesammelt werden .com (im Folgenden die \u201eAnwendung\u201c ). Der Datenverantwortliche, wie unten angegeben, kann diese Richtlinie ganz [&hellip;]<\/p>\n","protected":false},"author":2,"featured_media":0,"parent":0,"menu_order":0,"comment_status":"closed","ping_status":"open","template":"","meta":{"_acf_changed":false,"inline_featured_image":false,"_mbp_gutenberg_autopost":false,"footnotes":""},"class_list":["post-26531","page","type-page","status-publish","hentry"],"acf":[],"_links":{"self":[{"href":"https:\/\/wildenherbals.com\/de\/wp-json\/wp\/v2\/pages\/26531","targetHints":{"allow":["GET"]}}],"collection":[{"href":"https:\/\/wildenherbals.com\/de\/wp-json\/wp\/v2\/pages"}],"about":[{"href":"https:\/\/wildenherbals.com\/de\/wp-json\/wp\/v2\/types\/page"}],"author":[{"embeddable":true,"href":"https:\/\/wildenherbals.com\/de\/wp-json\/wp\/v2\/users\/2"}],"replies":[{"embeddable":true,"href":"https:\/\/wildenherbals.com\/de\/wp-json\/wp\/v2\/comments?post=26531"}],"version-history":[{"count":3,"href":"https:\/\/wildenherbals.com\/de\/wp-json\/wp\/v2\/pages\/26531\/revisions"}],"predecessor-version":[{"id":40386,"href":"https:\/\/wildenherbals.com\/de\/wp-json\/wp\/v2\/pages\/26531\/revisions\/40386"}],"wp:attachment":[{"href":"https:\/\/wildenherbals.com\/de\/wp-json\/wp\/v2\/media?parent=26531"}],"curies":[{"name":"wp","href":"https:\/\/api.w.org\/{rel}","templated":true}]}}