{"id":26526,"date":"2023-07-18T10:24:27","date_gmt":"2023-07-18T08:24:27","guid":{"rendered":"https:\/\/wildenherbals.com\/zertifizierungen\/"},"modified":"2025-05-30T15:49:06","modified_gmt":"2025-05-30T13:49:06","slug":"zertifizierungen","status":"publish","type":"page","link":"https:\/\/wildenherbals.com\/de\/zertifizierungen\/","title":{"rendered":"Zertifizierungen"},"content":{"rendered":"<p>F\u00fcr Wilden.herbals sind Bio und biologisch abbaubar nicht nur Etiketten.<\/p>\n<p>Alle Wilden.herbals Produkte stammen aus kontrolliert biologischem Anbau und sind &#8218;ICEA&#8216; zertifiziert. Die Aufg\u00fcsse von Wilden.herbals sind das Ergebnis einer Reise, die von Erzeugern und Lieferanten unternommen wurde, die die h\u00f6chstm\u00f6glichen Standards garantieren, und zwar durch eine Landwirtschaft, die darauf abzielt, den externen Input zu minimieren, die nat\u00fcrliche Fruchtbarkeit des Bodens zu erhalten und sein nat\u00fcrliches Gleichgewicht zu f\u00f6rdern.<\/p>\n<p>Bei Wilden.herbals sind daher alle Pflanzen aus Monokulturen, Hydrokulturen und erdlosem Anbau nicht enthalten.<\/p>\n<p>Wie der Inhalt jedes Beutels, der im Hinblick auf die Bodenfruchtbarkeit bio-zertifiziert ist, entspricht auch das &#8218;Kleid&#8216; von Wilden.herbals der nat\u00fcrlichen Philosophie, die das Unternehmen verk\u00fcnden will. Wilden.herbals ist bestrebt, die Auswirkungen auf die Umwelt so weit wie m\u00f6glich zu begrenzen und so wenig Spuren wie m\u00f6glich in der Umwelt zu hinterlassen, sobald es entsorgt wird. Um dies zu erreichen, hat Wilden.herbals vom ersten Tag an eine umweltfreundliche Verpackung untersucht und entwickelt.<\/p>\n<p>Die Verpackung, der Beutel, der Faden und die Perle sind tats\u00e4chlich vollst\u00e4ndig kompostierbar. Sie werden nicht nur mit dem Nassm\u00fcll getrennt, sondern sind auch mit dem Zertifikat &#8218;Ok compost &#8211; TUV&#8216; versehen. Die Kartons sind au\u00dferdem vollst\u00e4ndig recycelbar. Dies wird durch die FSC-Zertifizierung best\u00e4tigt, ein Label, das garantiert, dass die gesamte Holz-Papier-Kette aus umweltfreundlicher, sozial vertr\u00e4glicher und wirtschaftlich nachhaltiger Forstwirtschaft stammt.<\/p>\n<p>Auf jeder Kiste finden Sie au\u00dferdem das Zeichen UNI EN 13432, die europ\u00e4ische technische Referenznorm par excellence f\u00fcr Materialhersteller, Kompostierer und Zertifizierer. Auf jedem Produkt von Wilden.herbals finden Sie daher das Zeichen UNI EN 13432, ein Hinweis auf die Einhaltung der europ\u00e4ischen und internationalen Normen f\u00fcr den biologischen Abbau von Produkten. Es handelt sich dabei nicht nur um ein Symbol, sondern um eine konkrete Ma\u00dfnahme derjenigen, die beschlossen haben, in die Wiederentdeckung und den Schutz des Naturerbes zu investieren. Beginnen Sie mit einer Infusion.<\/p>\n<p>Schlie\u00dflich<span style=\"font-size: revert; color: initial;\">wurden durch die Teilnahme am Klimapartner-Programm die <\/span><span style=\"font-size: revert; color: initial;\">CO2-Emissionen der Kr\u00e4utertees der Health-Linie berechnet, reduziert und durch Klima-Aktionsstrategien und zertifizierte Klimaschutzprojekte kompensiert. <\/span><span style=\"font-size: revert; color: initial;\">Mit dem Kauf eines klimaneutralen Produkts leistet der Verbraucher einen konkreten Beitrag zum Klimaschutz.<\/span><\/p>\n","protected":false},"excerpt":{"rendered":"<p>F\u00fcr Wilden.herbals sind Bio und biologisch abbaubar nicht nur Etiketten. Alle Wilden.herbals Produkte stammen aus kontrolliert biologischem Anbau und sind &#8218;ICEA&#8216; zertifiziert. Die Aufg\u00fcsse von Wilden.herbals sind das Ergebnis einer Reise, die von Erzeugern und Lieferanten unternommen wurde, die die h\u00f6chstm\u00f6glichen Standards garantieren, und zwar durch eine Landwirtschaft, die darauf abzielt, den externen Input zu [&hellip;]<\/p>\n","protected":false},"author":2,"featured_media":0,"parent":0,"menu_order":0,"comment_status":"closed","ping_status":"closed","template":"","meta":{"_acf_changed":false,"inline_featured_image":false,"_mbp_gutenberg_autopost":false,"footnotes":""},"class_list":["post-26526","page","type-page","status-publish","hentry"],"acf":[],"_links":{"self":[{"href":"https:\/\/wildenherbals.com\/de\/wp-json\/wp\/v2\/pages\/26526","targetHints":{"allow":["GET"]}}],"collection":[{"href":"https:\/\/wildenherbals.com\/de\/wp-json\/wp\/v2\/pages"}],"about":[{"href":"https:\/\/wildenherbals.com\/de\/wp-json\/wp\/v2\/types\/page"}],"author":[{"embeddable":true,"href":"https:\/\/wildenherbals.com\/de\/wp-json\/wp\/v2\/users\/2"}],"replies":[{"embeddable":true,"href":"https:\/\/wildenherbals.com\/de\/wp-json\/wp\/v2\/comments?post=26526"}],"version-history":[{"count":2,"href":"https:\/\/wildenherbals.com\/de\/wp-json\/wp\/v2\/pages\/26526\/revisions"}],"predecessor-version":[{"id":40385,"href":"https:\/\/wildenherbals.com\/de\/wp-json\/wp\/v2\/pages\/26526\/revisions\/40385"}],"wp:attachment":[{"href":"https:\/\/wildenherbals.com\/de\/wp-json\/wp\/v2\/media?parent=26526"}],"curies":[{"name":"wp","href":"https:\/\/api.w.org\/{rel}","templated":true}]}}