{"id":26434,"date":"2023-07-18T10:23:18","date_gmt":"2023-07-18T08:23:18","guid":{"rendered":"https:\/\/wildenherbals.com\/wie-funktioniert-ein-mix\/"},"modified":"2025-05-30T15:48:33","modified_gmt":"2025-05-30T13:48:33","slug":"wie-funktioniert-ein-mix","status":"publish","type":"page","link":"https:\/\/wildenherbals.com\/de\/wie-funktioniert-ein-mix\/","title":{"rendered":"Wie funktioniert ein Mix?"},"content":{"rendered":"\n<p>Mit Wilden.herbals k\u00f6nnen Sie eine Kr\u00e4utermischung aus der Remedium-Linie zusammenstellen, die Ihre Pers\u00f6nlichkeit, Ihren Rhythmus und Ihren Tag widerspiegelt.<\/p>\n\n<p><strong>Wie viele Kr\u00e4utertees sind in einer Mischung enthalten?<\/strong><\/p>\n\n<p>Sie k\u00f6nnen den von Ihnen bevorzugten Kr\u00e4utertee und die f\u00fcr Sie passende Menge aus 24, 32 oder 60 Beuteln w\u00e4hlen.<\/p>\n\n<p><strong>Warum einen Mix erstellen?<\/strong><\/p>\n\n<p>Denn jeder Mensch ist anders und erlebt Kr\u00e4utertees auf seine eigene Art und Weise. Deshalb haben wir einen Weg gefunden, Wilden in v\u00f6lliger Freiheit zu interpretieren, buchst\u00e4blich<em> aus dem<\/em> Stand heraus, im Vergleich zu unseren F\u00e4llen mit nur einer Verkostung.<\/p>\n\n<p>Wir m\u00f6chten, dass Sie sich wie ein DJ f\u00fchlen und den perfekten Mix mit dem zusammenstellen k\u00f6nnen, was Ihnen am besten gef\u00e4llt. Au\u00dferdem ist es ein tolles Geschenk f\u00fcr die Menschen, die Sie am meisten lieben: ein Wellness-Mix, der zu ihrem Lebensstil passt!<\/p>\n\n<p><strong>Gibt es eine vorgegebene Anzahl von Beuteln pro Geschmacksrichtung, die ich der Mischung hinzuf\u00fcgen kann?<\/strong><\/p>\n\n<p>Je nach der von Ihnen gew\u00e4hlten Menge an Beuteln und Ihren bevorzugten Geschmacksrichtungen pr\u00e4sentieren wir Ihnen die ausgewogenste Zusammenstellung von Geschmacksrichtungen.<\/p>\n\n<p>Sie k\u00f6nnen die Anzahl der Beutel nat\u00fcrlich \u00e4ndern, indem Sie sie um ein Vielfaches von 6 erh\u00f6hen oder verringern, bis Sie die von Ihnen angegebene Gesamtzahl erreichen.<\/p>\n\n<p><strong>Was ist, wenn ich den Mix in einer regelm\u00e4\u00dfigen Frequenz empfangen m\u00f6chte?<\/strong><\/p>\n\n<p>Wussten Sie, dass Sie Ihren Mix in ein Abonnement umwandeln k\u00f6nnen? Auf diese Weise erhalten Sie Ihren Mix in einem festen Rhythmus &#8211; alle 3 Monate.<\/p>\n\n<p>Eine Entscheidung, die Ihnen und unserem Planeten hilft: Sie erm\u00f6glicht es uns, die Anzahl der Sendungen zu verringern und die \u00f6kologischen Auswirkungen zu reduzieren.<\/p>\n\n<p><strong>Mir gef\u00e4llt die Idee des Abonnements: Kann ich mehr erfahren?<\/strong><\/p>\n\n<p>Wir haben eine Seite mit allen h\u00e4ufig gestellten Fragen zum Wilden&#8217;s Abonnement vorbereitet. Wir berichten Ihnen <a class=\"rank-math-link\" href=\"https:\/\/wildenherbals.com\/de\/wie-funktioniert-ein-abonnement\/\">hier<\/a> im Detail dar\u00fcber.<\/p>\n\n<p>Haben Sie irgendwelche Zweifel oder Fragen an uns? Kontaktieren Sie uns \u00fcber den Chat, indem Sie auf das gelbe Symbol unten rechts klicken, oder schreiben Sie an <a href=\"mailto:info@wildenherbals.com\" class=\"rank-math-link\">info@wildenherbals.com.<\/a><\/p>\n\n<p>Gute Mischung!<\/p>\n\n<p>#ShareYourNature<\/p>\n","protected":false},"excerpt":{"rendered":"<p>Mit Wilden.herbals k\u00f6nnen Sie eine Kr\u00e4utermischung aus der Remedium-Linie zusammenstellen, die Ihre Pers\u00f6nlichkeit, Ihren Rhythmus und Ihren Tag widerspiegelt. Wie viele Kr\u00e4utertees sind in einer Mischung enthalten? Sie k\u00f6nnen den von Ihnen bevorzugten Kr\u00e4utertee und die f\u00fcr Sie passende Menge aus 24, 32 oder 60 Beuteln w\u00e4hlen. Warum einen Mix erstellen? Denn jeder Mensch ist [&hellip;]<\/p>\n","protected":false},"author":2,"featured_media":0,"parent":0,"menu_order":0,"comment_status":"closed","ping_status":"closed","template":"","meta":{"_acf_changed":false,"inline_featured_image":false,"_mbp_gutenberg_autopost":false,"footnotes":""},"class_list":["post-26434","page","type-page","status-publish","hentry"],"acf":[],"_links":{"self":[{"href":"https:\/\/wildenherbals.com\/de\/wp-json\/wp\/v2\/pages\/26434","targetHints":{"allow":["GET"]}}],"collection":[{"href":"https:\/\/wildenherbals.com\/de\/wp-json\/wp\/v2\/pages"}],"about":[{"href":"https:\/\/wildenherbals.com\/de\/wp-json\/wp\/v2\/types\/page"}],"author":[{"embeddable":true,"href":"https:\/\/wildenherbals.com\/de\/wp-json\/wp\/v2\/users\/2"}],"replies":[{"embeddable":true,"href":"https:\/\/wildenherbals.com\/de\/wp-json\/wp\/v2\/comments?post=26434"}],"version-history":[{"count":2,"href":"https:\/\/wildenherbals.com\/de\/wp-json\/wp\/v2\/pages\/26434\/revisions"}],"predecessor-version":[{"id":40335,"href":"https:\/\/wildenherbals.com\/de\/wp-json\/wp\/v2\/pages\/26434\/revisions\/40335"}],"wp:attachment":[{"href":"https:\/\/wildenherbals.com\/de\/wp-json\/wp\/v2\/media?parent=26434"}],"curies":[{"name":"wp","href":"https:\/\/api.w.org\/{rel}","templated":true}]}}