{"id":51053,"date":"2026-05-05T10:15:05","date_gmt":"2026-05-05T08:15:05","guid":{"rendered":"https:\/\/wildenherbals.com\/?post_type=product&#038;p=51053"},"modified":"2026-05-08T14:13:33","modified_gmt":"2026-05-08T12:13:33","slug":"levante-softpack-16pz","status":"publish","type":"product","link":"https:\/\/wildenherbals.com\/da\/shop\/urteteer\/levante-softpack-16pz\/","title":{"rendered":"Levante &#8211; SoftPack 16 stk."},"content":{"rendered":"<p>En k\u00f8lig, foryngende brise kommer fra \u00f8st.<\/p>\n<p><strong>Levante<\/strong> er en blanding baseret p\u00e5 Sencha gr\u00f8n te, beriget med mynte, ingef\u00e6r, timian og lakrids. Resultatet er en afbalanceret, frisk og let krydret infusion, der er perfekt til at stimulere sanserne og ledsage varmere dage. <\/p>\n<p>En dynamisk og harmonisk blanding, ideel til dem, der s\u00f8ger energi og lethed i en enkelt kop.<\/p>\n<p><strong>Kompatibel med herbpress-systemet.<\/strong><\/p>\n","protected":false},"excerpt":{"rendered":"<p>En k\u00f8lig, foryngende brise kommer fra \u00f8st. Levante er en blanding baseret p\u00e5 Sencha gr\u00f8n te, beriget med mynte, ingef\u00e6r, timian og lakrids. Resultatet er en afbalanceret, frisk og let krydret infusion, der er perfekt til at stimulere sanserne og ledsage varmere dage. En dynamisk og harmonisk blanding, ideel til dem, der s\u00f8ger energi og [&hellip;]<\/p>\n","protected":false},"featured_media":51132,"template":"","meta":{"_acf_changed":false,"inline_featured_image":false,"_mbp_gutenberg_autopost":false},"product_brand":[],"product_cat":[1423],"product_tag":[],"partner":[],"line":[1796],"class_list":{"0":"post-51053","1":"product","2":"type-product","3":"status-publish","4":"has-post-thumbnail","6":"product_cat-urteteer","7":"product_shipping_class-herbpress-spedizione-da-it-da","8":"line-fresh-line","10":"first","11":"onbackorder","12":"taxable","13":"shipping-taxable","14":"purchasable","15":"product-type-simple"},"bundle_layout":"","bundled_by":[],"bundled_items":[],"acf":[],"_links":{"self":[{"href":"https:\/\/wildenherbals.com\/da\/wp-json\/wp\/v2\/product\/51053","targetHints":{"allow":["GET"]}}],"collection":[{"href":"https:\/\/wildenherbals.com\/da\/wp-json\/wp\/v2\/product"}],"about":[{"href":"https:\/\/wildenherbals.com\/da\/wp-json\/wp\/v2\/types\/product"}],"wp:featuredmedia":[{"embeddable":true,"href":"https:\/\/wildenherbals.com\/da\/wp-json\/wp\/v2\/media\/51132"}],"wp:attachment":[{"href":"https:\/\/wildenherbals.com\/da\/wp-json\/wp\/v2\/media?parent=51053"}],"wp:term":[{"taxonomy":"product_brand","embeddable":true,"href":"https:\/\/wildenherbals.com\/da\/wp-json\/wp\/v2\/product_brand?post=51053"},{"taxonomy":"product_cat","embeddable":true,"href":"https:\/\/wildenherbals.com\/da\/wp-json\/wp\/v2\/product_cat?post=51053"},{"taxonomy":"product_tag","embeddable":true,"href":"https:\/\/wildenherbals.com\/da\/wp-json\/wp\/v2\/product_tag?post=51053"},{"taxonomy":"partner","embeddable":true,"href":"https:\/\/wildenherbals.com\/da\/wp-json\/wp\/v2\/partner?post=51053"},{"taxonomy":"line","embeddable":true,"href":"https:\/\/wildenherbals.com\/da\/wp-json\/wp\/v2\/line?post=51053"}],"curies":[{"name":"wp","href":"https:\/\/api.w.org\/{rel}","templated":true}]}}