{"id":51047,"date":"2026-05-05T10:08:34","date_gmt":"2026-05-05T08:08:34","guid":{"rendered":"https:\/\/wildenherbals.com\/?post_type=product&#038;p=51047"},"modified":"2026-05-11T07:25:46","modified_gmt":"2026-05-11T05:25:46","slug":"libeccio-softpack-16pz","status":"publish","type":"product","link":"https:\/\/wildenherbals.com\/da\/shop\/urteteer\/libeccio-softpack-16pz\/","title":{"rendered":"Libeccio &#8211; SoftPack 16 stk."},"content":{"rendered":"<p>Varm, omsluttende og alligevel overraskende forfriskende.<\/p>\n<p><strong>Libeccio<\/strong> er en aromatisk blanding af ingef\u00e6r, citronverbena, mynte og citrongr\u00e6s. Citrus- og balsamico-noterne fletter sig sammen med ingef\u00e6rens krydring og skaber en livlig og t\u00f8rstslukkende infusion. <\/p>\n<p>Inspireret af den varme sydvestenvind bringer den energi og lys med sig og bliver til en k\u00f8lig, intens og foryngende drik.<\/p>\n<p><strong>Kompatibel med herbpress-systemet.<\/strong><\/p>\n","protected":false},"excerpt":{"rendered":"<p>Varm, omsluttende og alligevel overraskende forfriskende. Libeccio er en aromatisk blanding af ingef\u00e6r, citronverbena, mynte og citrongr\u00e6s. Citrus- og balsamico-noterne fletter sig sammen med ingef\u00e6rens krydring og skaber en livlig og t\u00f8rstslukkende infusion. Inspireret af den varme sydvestenvind bringer den energi og lys med sig og bliver til en k\u00f8lig, intens og foryngende drik. Kompatibel [&hellip;]<\/p>\n","protected":false},"featured_media":51144,"template":"","meta":{"_acf_changed":false,"inline_featured_image":false,"_mbp_gutenberg_autopost":false},"product_brand":[],"product_cat":[1423],"product_tag":[],"partner":[],"line":[1796],"class_list":{"0":"post-51047","1":"product","2":"type-product","3":"status-publish","4":"has-post-thumbnail","6":"product_cat-urteteer","7":"product_shipping_class-herbpress-spedizione-da-it-da","8":"line-fresh-line","10":"first","11":"onbackorder","12":"taxable","13":"shipping-taxable","14":"purchasable","15":"product-type-simple"},"bundle_layout":"","bundled_by":[],"bundled_items":[],"acf":[],"_links":{"self":[{"href":"https:\/\/wildenherbals.com\/da\/wp-json\/wp\/v2\/product\/51047","targetHints":{"allow":["GET"]}}],"collection":[{"href":"https:\/\/wildenherbals.com\/da\/wp-json\/wp\/v2\/product"}],"about":[{"href":"https:\/\/wildenherbals.com\/da\/wp-json\/wp\/v2\/types\/product"}],"wp:featuredmedia":[{"embeddable":true,"href":"https:\/\/wildenherbals.com\/da\/wp-json\/wp\/v2\/media\/51144"}],"wp:attachment":[{"href":"https:\/\/wildenherbals.com\/da\/wp-json\/wp\/v2\/media?parent=51047"}],"wp:term":[{"taxonomy":"product_brand","embeddable":true,"href":"https:\/\/wildenherbals.com\/da\/wp-json\/wp\/v2\/product_brand?post=51047"},{"taxonomy":"product_cat","embeddable":true,"href":"https:\/\/wildenherbals.com\/da\/wp-json\/wp\/v2\/product_cat?post=51047"},{"taxonomy":"product_tag","embeddable":true,"href":"https:\/\/wildenherbals.com\/da\/wp-json\/wp\/v2\/product_tag?post=51047"},{"taxonomy":"partner","embeddable":true,"href":"https:\/\/wildenherbals.com\/da\/wp-json\/wp\/v2\/partner?post=51047"},{"taxonomy":"line","embeddable":true,"href":"https:\/\/wildenherbals.com\/da\/wp-json\/wp\/v2\/line?post=51047"}],"curies":[{"name":"wp","href":"https:\/\/api.w.org\/{rel}","templated":true}]}}