{"id":51041,"date":"2026-05-05T10:04:52","date_gmt":"2026-05-05T08:04:52","guid":{"rendered":"https:\/\/wildenherbals.com\/?post_type=product&#038;p=51041"},"modified":"2026-05-11T07:24:53","modified_gmt":"2026-05-11T05:24:53","slug":"cacao-cascara-astuccio-10pz","status":"publish","type":"product","link":"https:\/\/wildenherbals.com\/da\/shop\/urteteer\/cacao-cascara-astuccio-10pz\/","title":{"rendered":"Cacao, cascara &#8211; \u00c6ske 10 stk."},"content":{"rendered":"<p>En overraskende og indbydende infusion, der er skabt ved at udnytte en v\u00e6rdifuld del af<br \/>\nkakaoen: cascaraen, alts\u00e5 b\u00f8nnens skal.<\/p>\n<p><strong>Cacao, Cascara<\/strong> har en unik smagsprofil, der er naturligt s\u00f8d og delikat frugtagtig, med lette noter, der minder om honning, r\u00f8de b\u00e6r og chokolade. En elegant og b\u00e6redygtig urtete, perfekt til dem, der s\u00f8ger et koffeinfrit alternativ eller en varm pause med en rund og beroligende smag.<\/p>\n<p>Cascara har altid v\u00e6ret brugt i de sydamerikanske kulturer som en traditionel drik: i dag vender den tilbage som hovedrolle i en moderne, enkel og autentisk version.<\/p>\n","protected":false},"excerpt":{"rendered":"<p>En overraskende og indbydende infusion, der er skabt ved at udnytte en v\u00e6rdifuld del af kakaoen: cascaraen, alts\u00e5 b\u00f8nnens skal. Cacao, Cascara har en unik smagsprofil, der er naturligt s\u00f8d og delikat frugtagtig, med lette noter, der minder om honning, r\u00f8de b\u00e6r og chokolade. En elegant og b\u00e6redygtig urtete, perfekt til dem, der s\u00f8ger et [&hellip;]<\/p>\n","protected":false},"featured_media":51090,"template":"","meta":{"_acf_changed":false,"inline_featured_image":false,"_mbp_gutenberg_autopost":false},"product_brand":[],"product_cat":[1423],"product_tag":[],"partner":[],"line":[1779],"class_list":{"0":"post-51041","1":"product","2":"type-product","3":"status-publish","4":"has-post-thumbnail","6":"product_cat-urteteer","7":"product_shipping_class-herbpress-spedizione-da-it-da","8":"line-egen-botanisk-serie","10":"first","11":"onbackorder","12":"taxable","13":"shipping-taxable","14":"purchasable","15":"product-type-simple"},"bundle_layout":"","bundled_by":[],"bundled_items":[],"acf":[],"_links":{"self":[{"href":"https:\/\/wildenherbals.com\/da\/wp-json\/wp\/v2\/product\/51041","targetHints":{"allow":["GET"]}}],"collection":[{"href":"https:\/\/wildenherbals.com\/da\/wp-json\/wp\/v2\/product"}],"about":[{"href":"https:\/\/wildenherbals.com\/da\/wp-json\/wp\/v2\/types\/product"}],"wp:featuredmedia":[{"embeddable":true,"href":"https:\/\/wildenherbals.com\/da\/wp-json\/wp\/v2\/media\/51090"}],"wp:attachment":[{"href":"https:\/\/wildenherbals.com\/da\/wp-json\/wp\/v2\/media?parent=51041"}],"wp:term":[{"taxonomy":"product_brand","embeddable":true,"href":"https:\/\/wildenherbals.com\/da\/wp-json\/wp\/v2\/product_brand?post=51041"},{"taxonomy":"product_cat","embeddable":true,"href":"https:\/\/wildenherbals.com\/da\/wp-json\/wp\/v2\/product_cat?post=51041"},{"taxonomy":"product_tag","embeddable":true,"href":"https:\/\/wildenherbals.com\/da\/wp-json\/wp\/v2\/product_tag?post=51041"},{"taxonomy":"partner","embeddable":true,"href":"https:\/\/wildenherbals.com\/da\/wp-json\/wp\/v2\/partner?post=51041"},{"taxonomy":"line","embeddable":true,"href":"https:\/\/wildenherbals.com\/da\/wp-json\/wp\/v2\/line?post=51041"}],"curies":[{"name":"wp","href":"https:\/\/api.w.org\/{rel}","templated":true}]}}