{"id":51035,"date":"2026-05-05T09:59:40","date_gmt":"2026-05-05T07:59:40","guid":{"rendered":"https:\/\/wildenherbals.com\/?post_type=product&#038;p=51035"},"modified":"2026-05-11T07:23:06","modified_gmt":"2026-05-11T05:23:06","slug":"earl-grey-astuccio-10pz","status":"publish","type":"product","link":"https:\/\/wildenherbals.com\/da\/shop\/urteteer\/earl-grey-astuccio-10pz\/","title":{"rendered":"Earl Grey &#8211; \u00c6ske 10 stk."},"content":{"rendered":"<p>Elegant, citrusagtig, tidl\u00f8s.<\/p>\n<p><strong>Earl Grey<\/strong> er en raffineret sort te, aromatiseret med \u00e6terisk bergamotolie, der giver teen en frisk og umiskendelig citrusagtig smag. Resultatet er en perfekt balance mellem intensitet og lethed, ideel til en sofistikeret pause n\u00e5r som helst p\u00e5 dagen.<\/p>\n<p>En stor klassiker genfortolket med udvalgte r\u00e5varer og en ren og naturlig aromaprofil.<\/p>\n","protected":false},"excerpt":{"rendered":"<p>Elegant, citrusagtig, tidl\u00f8s. Earl Grey er en raffineret sort te, aromatiseret med \u00e6terisk bergamotolie, der giver teen en frisk og umiskendelig citrusagtig smag. Resultatet er en perfekt balance mellem intensitet og lethed, ideel til en sofistikeret pause n\u00e5r som helst p\u00e5 dagen. En stor klassiker genfortolket med udvalgte r\u00e5varer og en ren og naturlig aromaprofil.<\/p>\n","protected":false},"featured_media":51096,"template":"","meta":{"_acf_changed":false,"inline_featured_image":false,"_mbp_gutenberg_autopost":false},"product_brand":[],"product_cat":[1423],"product_tag":[],"partner":[],"line":[1787],"class_list":{"0":"post-51035","1":"product","2":"type-product","3":"status-publish","4":"has-post-thumbnail","6":"product_cat-urteteer","7":"product_shipping_class-herbpress-spedizione-da-it-da","8":"line-te-lavt-koffeinindhold","10":"first","11":"onbackorder","12":"taxable","13":"shipping-taxable","14":"purchasable","15":"product-type-simple"},"bundle_layout":"","bundled_by":[],"bundled_items":[],"acf":[],"_links":{"self":[{"href":"https:\/\/wildenherbals.com\/da\/wp-json\/wp\/v2\/product\/51035","targetHints":{"allow":["GET"]}}],"collection":[{"href":"https:\/\/wildenherbals.com\/da\/wp-json\/wp\/v2\/product"}],"about":[{"href":"https:\/\/wildenherbals.com\/da\/wp-json\/wp\/v2\/types\/product"}],"wp:featuredmedia":[{"embeddable":true,"href":"https:\/\/wildenherbals.com\/da\/wp-json\/wp\/v2\/media\/51096"}],"wp:attachment":[{"href":"https:\/\/wildenherbals.com\/da\/wp-json\/wp\/v2\/media?parent=51035"}],"wp:term":[{"taxonomy":"product_brand","embeddable":true,"href":"https:\/\/wildenherbals.com\/da\/wp-json\/wp\/v2\/product_brand?post=51035"},{"taxonomy":"product_cat","embeddable":true,"href":"https:\/\/wildenherbals.com\/da\/wp-json\/wp\/v2\/product_cat?post=51035"},{"taxonomy":"product_tag","embeddable":true,"href":"https:\/\/wildenherbals.com\/da\/wp-json\/wp\/v2\/product_tag?post=51035"},{"taxonomy":"partner","embeddable":true,"href":"https:\/\/wildenherbals.com\/da\/wp-json\/wp\/v2\/partner?post=51035"},{"taxonomy":"line","embeddable":true,"href":"https:\/\/wildenherbals.com\/da\/wp-json\/wp\/v2\/line?post=51035"}],"curies":[{"name":"wp","href":"https:\/\/api.w.org\/{rel}","templated":true}]}}