{"id":51029,"date":"2026-05-05T09:46:27","date_gmt":"2026-05-05T07:46:27","guid":{"rendered":"https:\/\/wildenherbals.com\/?post_type=product&#038;p=51029"},"modified":"2026-05-11T07:22:26","modified_gmt":"2026-05-11T05:22:26","slug":"english-breakfast-astuccio-10pz","status":"publish","type":"product","link":"https:\/\/wildenherbals.com\/da\/shop\/urteteer\/english-breakfast-astuccio-10pz\/","title":{"rendered":"English Breakfast &#8211; \u00c6ske 10 stk."},"content":{"rendered":"<p>En stor klassiker i den britiske tradition, intens og velstruktureret.<\/p>\n<p><strong>English Breakfast<\/strong> er en blanding af sort te med en fyldig og markant smag, perfekt til at starte dagen med energi. Den kraftige og let maltede smag g\u00f8r den ideel at nyde ren eller med en dr\u00e5be m\u00e6lk, som det er tradition i England.<\/p>\n<p>En essentiel, direkte te uden kompromiser: skabt til dem, der elsker autentiske og<br \/>\ndybe smagsoplevelser.<\/p>\n<p>Translated with DeepL.com (free version)<\/p>\n","protected":false},"excerpt":{"rendered":"<p>En stor klassiker i den britiske tradition, intens og velstruktureret. English Breakfast er en blanding af sort te med en fyldig og markant smag, perfekt til at starte dagen med energi. Den kraftige og let maltede smag g\u00f8r den ideel at nyde ren eller med en dr\u00e5be m\u00e6lk, som det er tradition i England. En [&hellip;]<\/p>\n","protected":false},"featured_media":51108,"template":"","meta":{"_acf_changed":false,"inline_featured_image":false,"_mbp_gutenberg_autopost":false},"product_brand":[],"product_cat":[1423],"product_tag":[],"partner":[],"line":[1787],"class_list":{"0":"post-51029","1":"product","2":"type-product","3":"status-publish","4":"has-post-thumbnail","6":"product_cat-urteteer","7":"product_shipping_class-herbpress-spedizione-da-it-da","8":"line-te-lavt-koffeinindhold","10":"first","11":"onbackorder","12":"taxable","13":"shipping-taxable","14":"purchasable","15":"product-type-simple"},"bundle_layout":"","bundled_by":[],"bundled_items":[],"acf":[],"_links":{"self":[{"href":"https:\/\/wildenherbals.com\/da\/wp-json\/wp\/v2\/product\/51029","targetHints":{"allow":["GET"]}}],"collection":[{"href":"https:\/\/wildenherbals.com\/da\/wp-json\/wp\/v2\/product"}],"about":[{"href":"https:\/\/wildenherbals.com\/da\/wp-json\/wp\/v2\/types\/product"}],"wp:featuredmedia":[{"embeddable":true,"href":"https:\/\/wildenherbals.com\/da\/wp-json\/wp\/v2\/media\/51108"}],"wp:attachment":[{"href":"https:\/\/wildenherbals.com\/da\/wp-json\/wp\/v2\/media?parent=51029"}],"wp:term":[{"taxonomy":"product_brand","embeddable":true,"href":"https:\/\/wildenherbals.com\/da\/wp-json\/wp\/v2\/product_brand?post=51029"},{"taxonomy":"product_cat","embeddable":true,"href":"https:\/\/wildenherbals.com\/da\/wp-json\/wp\/v2\/product_cat?post=51029"},{"taxonomy":"product_tag","embeddable":true,"href":"https:\/\/wildenherbals.com\/da\/wp-json\/wp\/v2\/product_tag?post=51029"},{"taxonomy":"partner","embeddable":true,"href":"https:\/\/wildenherbals.com\/da\/wp-json\/wp\/v2\/partner?post=51029"},{"taxonomy":"line","embeddable":true,"href":"https:\/\/wildenherbals.com\/da\/wp-json\/wp\/v2\/line?post=51029"}],"curies":[{"name":"wp","href":"https:\/\/api.w.org\/{rel}","templated":true}]}}