{"id":47304,"date":"2025-10-07T12:53:15","date_gmt":"2025-10-07T10:53:15","guid":{"rendered":"https:\/\/wildenherbals.com\/?post_type=product&#038;p=47304"},"modified":"2025-12-10T12:47:41","modified_gmt":"2025-12-10T11:47:41","slug":"remedium-okologisk-urtete-nr-8-reborn-copia","status":"publish","type":"product","link":"https:\/\/wildenherbals.com\/da\/shop\/urteteer\/remedium-okologisk-urtete-nr-8-reborn-copia\/","title":{"rendered":"Sencha gr\u00f8n te"},"content":{"rendered":"<p>Sencha er en af de mest popul\u00e6re gr\u00f8nne teer og en hyldest til friskhed og renhed. Den er kendetegnet ved en livlig, vegetabilsk smag, der minder om nysl\u00e5et gr\u00e6s, ledsaget af en s\u00f8dlig, afbalanceret eftersmag. Sencha er ideel til dem, der s\u00f8ger en foryngende og wellness-rig pause<br \/>\n, og den forvandler hver slurk til et \u00f8jeblik af naturlig harmoni.  <\/p>\n","protected":false},"excerpt":{"rendered":"<p>Sencha er en af de mest popul\u00e6re gr\u00f8nne teer og en hyldest til friskhed og renhed. Den er kendetegnet ved en livlig, vegetabilsk smag, der minder om nysl\u00e5et gr\u00e6s, ledsaget af en s\u00f8dlig, afbalanceret eftersmag. Sencha er ideel til dem, der s\u00f8ger en foryngende og wellness-rig pause , og den forvandler hver slurk til et [&hellip;]<\/p>\n","protected":false},"featured_media":47360,"template":"","meta":{"_acf_changed":false,"inline_featured_image":false,"_mbp_gutenberg_autopost":false},"product_brand":[],"product_cat":[1423,1450],"product_tag":[1534,1457,1533,1532,1461],"partner":[],"line":[1787],"class_list":{"0":"post-47304","1":"product","2":"type-product","3":"status-publish","4":"has-post-thumbnail","6":"product_cat-urteteer","7":"product_cat-i-pose","8":"product_tag-rensende-da","9":"product_tag-afslappende","10":"product_tag-rensende","11":"product_tag-revitaliserende","12":"product_tag-velbefindende","13":"line-te-lavt-koffeinindhold","15":"first","16":"instock","17":"taxable","18":"shipping-taxable","19":"purchasable","20":"product-type-variable"},"bundle_layout":"","bundled_by":[],"bundled_items":[],"acf":[],"_links":{"self":[{"href":"https:\/\/wildenherbals.com\/da\/wp-json\/wp\/v2\/product\/47304","targetHints":{"allow":["GET"]}}],"collection":[{"href":"https:\/\/wildenherbals.com\/da\/wp-json\/wp\/v2\/product"}],"about":[{"href":"https:\/\/wildenherbals.com\/da\/wp-json\/wp\/v2\/types\/product"}],"wp:featuredmedia":[{"embeddable":true,"href":"https:\/\/wildenherbals.com\/da\/wp-json\/wp\/v2\/media\/47360"}],"wp:attachment":[{"href":"https:\/\/wildenherbals.com\/da\/wp-json\/wp\/v2\/media?parent=47304"}],"wp:term":[{"taxonomy":"product_brand","embeddable":true,"href":"https:\/\/wildenherbals.com\/da\/wp-json\/wp\/v2\/product_brand?post=47304"},{"taxonomy":"product_cat","embeddable":true,"href":"https:\/\/wildenherbals.com\/da\/wp-json\/wp\/v2\/product_cat?post=47304"},{"taxonomy":"product_tag","embeddable":true,"href":"https:\/\/wildenherbals.com\/da\/wp-json\/wp\/v2\/product_tag?post=47304"},{"taxonomy":"partner","embeddable":true,"href":"https:\/\/wildenherbals.com\/da\/wp-json\/wp\/v2\/partner?post=47304"},{"taxonomy":"line","embeddable":true,"href":"https:\/\/wildenherbals.com\/da\/wp-json\/wp\/v2\/line?post=47304"}],"curies":[{"name":"wp","href":"https:\/\/api.w.org\/{rel}","templated":true}]}}