{"id":47222,"date":"2025-10-07T11:26:48","date_gmt":"2025-10-07T09:26:48","guid":{"rendered":"https:\/\/wildenherbals.com\/?post_type=product&#038;p=47222"},"modified":"2025-10-13T18:11:59","modified_gmt":"2025-10-13T16:11:59","slug":"herbpress-lemon-verbena-softpack-20-kvadratiske-filtre-copia-copia-copia-copia-copia-copia-copia-copia-copia-copia-3","status":"publish","type":"product","link":"https:\/\/wildenherbals.com\/da\/shop\/urteteer\/herbpress-lemon-verbena-softpack-20-kvadratiske-filtre-copia-copia-copia-copia-copia-copia-copia-copia-copia-copia-3\/","title":{"rendered":"Botanica Propria Citronverbena &#8211; 30 breve"},"content":{"rendered":"<p>Med sin livlige og forfriskende aroma er den perfekt til en urtete, der stimulerer sanserne og giver en f\u00f8lelse af energi og friskhed.<\/p>\n<p>Indtagelsesm\u00e5de: Hver pose er beregnet til brug i vand p\u00e5 op til 500 ml.<\/p>\n<p>N\u00e5r du k\u00f8ber vores urteteer i formatet med 30 stk. bomuldsposer, f\u00e5r du vores praktiske og elegante bomuldspose som gave. Den er genanvendelig og perfekt som gavepakke, og det er en lille gestus, der g\u00f8r dine \u00f8jeblikke af afslapning endnu mere specielle. <\/p>\n","protected":false},"excerpt":{"rendered":"<p><strong data-start=\"89\" data-end=\"106\">Citronverbena<\/strong> urtete, ideel til <strong data-start=\"128\" data-end=\"150\">ford\u00f8jelse og afslapning<\/strong>. Hver pakke indeholder <strong data-start=\"177\" data-end=\"199\">20 kvadratiske<\/strong> <strong data-start=\"230\" data-end=\"243\">Herbpress-kompatible<\/strong> <strong data-start=\"177\" data-end=\"199\">filtre.<\/strong> Med sin <strong data-start=\"257\" data-end=\"288\">friske, citrusagtige og naturlige<\/strong> smag er den perfekt p\u00e5 alle tidspunkter af dagen.  <\/p>\n","protected":false},"featured_media":39167,"template":"","meta":{"_acf_changed":false,"inline_featured_image":false,"_mbp_gutenberg_autopost":false},"product_brand":[],"product_cat":[1423],"product_tag":[],"partner":[],"line":[1779],"class_list":{"0":"post-47222","1":"product","2":"type-product","3":"status-publish","4":"has-post-thumbnail","6":"product_cat-urteteer","7":"product_shipping_class-herbpress-spedizione-da-it-da","8":"line-egen-botanisk-serie","10":"first","11":"instock","12":"taxable","13":"shipping-taxable","14":"purchasable","15":"product-type-simple"},"bundle_layout":"","bundled_by":[],"bundled_items":[],"acf":[],"_links":{"self":[{"href":"https:\/\/wildenherbals.com\/da\/wp-json\/wp\/v2\/product\/47222","targetHints":{"allow":["GET"]}}],"collection":[{"href":"https:\/\/wildenherbals.com\/da\/wp-json\/wp\/v2\/product"}],"about":[{"href":"https:\/\/wildenherbals.com\/da\/wp-json\/wp\/v2\/types\/product"}],"wp:featuredmedia":[{"embeddable":true,"href":"https:\/\/wildenherbals.com\/da\/wp-json\/wp\/v2\/media\/39167"}],"wp:attachment":[{"href":"https:\/\/wildenherbals.com\/da\/wp-json\/wp\/v2\/media?parent=47222"}],"wp:term":[{"taxonomy":"product_brand","embeddable":true,"href":"https:\/\/wildenherbals.com\/da\/wp-json\/wp\/v2\/product_brand?post=47222"},{"taxonomy":"product_cat","embeddable":true,"href":"https:\/\/wildenherbals.com\/da\/wp-json\/wp\/v2\/product_cat?post=47222"},{"taxonomy":"product_tag","embeddable":true,"href":"https:\/\/wildenherbals.com\/da\/wp-json\/wp\/v2\/product_tag?post=47222"},{"taxonomy":"partner","embeddable":true,"href":"https:\/\/wildenherbals.com\/da\/wp-json\/wp\/v2\/partner?post=47222"},{"taxonomy":"line","embeddable":true,"href":"https:\/\/wildenherbals.com\/da\/wp-json\/wp\/v2\/line?post=47222"}],"curies":[{"name":"wp","href":"https:\/\/api.w.org\/{rel}","templated":true}]}}