{"id":47123,"date":"2025-09-30T08:32:09","date_gmt":"2025-09-30T06:32:09","guid":{"rendered":"https:\/\/wildenherbals.com\/?post_type=product&#038;p=47123"},"modified":"2026-03-25T17:36:58","modified_gmt":"2026-03-25T16:36:58","slug":"herbpress-lemon-verbena-softpack-20-kvadratiske-filtre-copia-copia-copia-copia-copia-copia-2","status":"publish","type":"product","link":"https:\/\/wildenherbals.com\/da\/shop\/herbpress-da\/herbpress-lemon-verbena-softpack-20-kvadratiske-filtre-copia-copia-copia-copia-copia-copia-2\/","title":{"rendered":"Herbpress Vermouth 20 kvadratiske filtre"},"content":{"rendered":"<p>Citrusdrevet og kompleks karakter, bl\u00f8d s\u00f8dme og en t\u00f8r, bitter finish; elegant varm eller over is, en botanisk base, der er ideel til alkoholfrie mocktails.<br \/>\nCitrusdrevet kompleksitet med blid s\u00f8dme og en t\u00f8r, bitter finish; elegant varm eller over is, en botanisk base, der er ideel til alkoholfrie mocktails.<\/p>\n","protected":false},"excerpt":{"rendered":"<p><strong data-start=\"89\" data-end=\"106\">Citronverbena<\/strong> urtete, ideel til <strong data-start=\"128\" data-end=\"150\">ford\u00f8jelse og afslapning<\/strong>. Hver pakke indeholder <strong data-start=\"177\" data-end=\"199\">20 kvadratiske<\/strong> <strong data-start=\"230\" data-end=\"243\">Herbpress-kompatible<\/strong> <strong data-start=\"177\" data-end=\"199\">filtre.<\/strong> Med sin <strong data-start=\"257\" data-end=\"288\">friske, citrusagtige og naturlige<\/strong> smag er den perfekt p\u00e5 alle tidspunkter af dagen.  <\/p>\n","protected":false},"featured_media":47581,"template":"","meta":{"_acf_changed":false,"inline_featured_image":false,"_mbp_gutenberg_autopost":false},"product_brand":[],"product_cat":[1639],"product_tag":[],"partner":[],"line":[],"class_list":{"0":"post-47123","1":"product","2":"type-product","3":"status-publish","4":"has-post-thumbnail","6":"product_cat-herbpress-da","7":"product_shipping_class-herbpress-spedizione-da-it-da","9":"first","10":"instock","11":"taxable","12":"shipping-taxable","13":"purchasable","14":"product-type-simple"},"bundle_layout":"","bundled_by":[],"bundled_items":[],"acf":[],"_links":{"self":[{"href":"https:\/\/wildenherbals.com\/da\/wp-json\/wp\/v2\/product\/47123","targetHints":{"allow":["GET"]}}],"collection":[{"href":"https:\/\/wildenherbals.com\/da\/wp-json\/wp\/v2\/product"}],"about":[{"href":"https:\/\/wildenherbals.com\/da\/wp-json\/wp\/v2\/types\/product"}],"wp:featuredmedia":[{"embeddable":true,"href":"https:\/\/wildenherbals.com\/da\/wp-json\/wp\/v2\/media\/47581"}],"wp:attachment":[{"href":"https:\/\/wildenherbals.com\/da\/wp-json\/wp\/v2\/media?parent=47123"}],"wp:term":[{"taxonomy":"product_brand","embeddable":true,"href":"https:\/\/wildenherbals.com\/da\/wp-json\/wp\/v2\/product_brand?post=47123"},{"taxonomy":"product_cat","embeddable":true,"href":"https:\/\/wildenherbals.com\/da\/wp-json\/wp\/v2\/product_cat?post=47123"},{"taxonomy":"product_tag","embeddable":true,"href":"https:\/\/wildenherbals.com\/da\/wp-json\/wp\/v2\/product_tag?post=47123"},{"taxonomy":"partner","embeddable":true,"href":"https:\/\/wildenherbals.com\/da\/wp-json\/wp\/v2\/partner?post=47123"},{"taxonomy":"line","embeddable":true,"href":"https:\/\/wildenherbals.com\/da\/wp-json\/wp\/v2\/line?post=47123"}],"curies":[{"name":"wp","href":"https:\/\/api.w.org\/{rel}","templated":true}]}}