{"id":47105,"date":"2025-09-30T08:29:45","date_gmt":"2025-09-30T06:29:45","guid":{"rendered":"https:\/\/wildenherbals.com\/?post_type=product&#038;p=47105"},"modified":"2025-10-13T18:09:44","modified_gmt":"2025-10-13T16:09:44","slug":"herbpress-lemon-verbena-softpack-20-kvadratiske-filtre-copia-copia-copia-2","status":"publish","type":"product","link":"https:\/\/wildenherbals.com\/da\/shop\/herbpress-da\/herbpress-lemon-verbena-softpack-20-kvadratiske-filtre-copia-copia-copia-2\/","title":{"rendered":"Herbpress Kamille &amp; Lind 20 kvadratiske filtre"},"content":{"rendered":"<p>Koffeinfri infusion med honningagtige, blomsteragtige noter. Berolig dine tanker og lad dig falde i s\u00f8vn med et varmt, s\u00f8dt og blidt k\u00e6rtegn.<br \/>\nKoffeinfri infusion med honningagtige, blomsteragtige noter, der beroliger sindet og lader dig falde i s\u00f8vn med en varm, s\u00f8d og blid omfavnelse. <\/p>\n","protected":false},"excerpt":{"rendered":"<p><strong data-start=\"89\" data-end=\"106\">Citronverbena<\/strong> urtete, ideel til <strong data-start=\"128\" data-end=\"150\">ford\u00f8jelse og afslapning<\/strong>. Hver pakke indeholder <strong data-start=\"177\" data-end=\"199\">20 kvadratiske<\/strong> <strong data-start=\"230\" data-end=\"243\">Herbpress-kompatible<\/strong> <strong data-start=\"177\" data-end=\"199\">filtre.<\/strong> Med sin <strong data-start=\"257\" data-end=\"288\">friske, citrusagtige og naturlige<\/strong> smag er den perfekt p\u00e5 alle tidspunkter af dagen.  <\/p>\n","protected":false},"featured_media":47611,"template":"","meta":{"_acf_changed":false,"inline_featured_image":false,"_mbp_gutenberg_autopost":false},"product_brand":[],"product_cat":[1639],"product_tag":[],"partner":[],"line":[],"class_list":{"0":"post-47105","1":"product","2":"type-product","3":"status-publish","4":"has-post-thumbnail","6":"product_cat-herbpress-da","7":"product_shipping_class-herbpress-spedizione-da-it-da","9":"first","10":"instock","11":"taxable","12":"shipping-taxable","13":"purchasable","14":"product-type-simple"},"bundle_layout":"","bundled_by":[],"bundled_items":[],"acf":[],"_links":{"self":[{"href":"https:\/\/wildenherbals.com\/da\/wp-json\/wp\/v2\/product\/47105","targetHints":{"allow":["GET"]}}],"collection":[{"href":"https:\/\/wildenherbals.com\/da\/wp-json\/wp\/v2\/product"}],"about":[{"href":"https:\/\/wildenherbals.com\/da\/wp-json\/wp\/v2\/types\/product"}],"wp:featuredmedia":[{"embeddable":true,"href":"https:\/\/wildenherbals.com\/da\/wp-json\/wp\/v2\/media\/47611"}],"wp:attachment":[{"href":"https:\/\/wildenherbals.com\/da\/wp-json\/wp\/v2\/media?parent=47105"}],"wp:term":[{"taxonomy":"product_brand","embeddable":true,"href":"https:\/\/wildenherbals.com\/da\/wp-json\/wp\/v2\/product_brand?post=47105"},{"taxonomy":"product_cat","embeddable":true,"href":"https:\/\/wildenherbals.com\/da\/wp-json\/wp\/v2\/product_cat?post=47105"},{"taxonomy":"product_tag","embeddable":true,"href":"https:\/\/wildenherbals.com\/da\/wp-json\/wp\/v2\/product_tag?post=47105"},{"taxonomy":"partner","embeddable":true,"href":"https:\/\/wildenherbals.com\/da\/wp-json\/wp\/v2\/partner?post=47105"},{"taxonomy":"line","embeddable":true,"href":"https:\/\/wildenherbals.com\/da\/wp-json\/wp\/v2\/line?post=47105"}],"curies":[{"name":"wp","href":"https:\/\/api.w.org\/{rel}","templated":true}]}}