{"id":46952,"date":"2025-09-29T20:11:12","date_gmt":"2025-09-29T18:11:12","guid":{"rendered":"https:\/\/wildenherbals.com\/?post_type=product&#038;p=46952"},"modified":"2025-10-13T18:13:26","modified_gmt":"2025-10-13T16:13:26","slug":"okologisk-pose-jordfarver-copia","status":"publish","type":"product","link":"https:\/\/wildenherbals.com\/da\/shop\/tekstil\/okologisk-pose-jordfarver-copia\/","title":{"rendered":"\u00d8kologisk pose &#8211; jordfarver &#8211; r\u00f8d jord"},"content":{"rendered":"<p><span style=\"font-weight: 400;\">Taske til flere form\u00e5l.  <\/span><span style=\"font-weight: 400;\">Fremstillet af \u00f8kologisk bomuld, silke og br\u00e6nden\u00e6lde og indfarvet med gammel italiensk jord.  <\/span><span style=\"font-weight: 400;\">En genstand, der giver form til begrebet b\u00e6redygtighed fra stoffet i \u00f8kologisk bomuldspanama til indfarvningsmetoden, der er lavet med planteekstrakter i henhold til gamle indfarvningsopskrifter.  <\/span><span style=\"font-weight: 400;\">Hvert stykke er unikt, med nuancer og farvevariationer, der giver f\u00f8lelsen af at have naturen i h\u00e6nderne.  <\/span><\/p>\n<p><span style=\"font-weight: 400;\">Perfekt til opbevaring og transport af Wildens spisekammerprodukter &#8211; fra urteteposer til syltet\u00f8j og honningkrukker.<\/span><\/p>\n<p><span style=\"font-weight: 400;\">Farver: Gul jord, r\u00f8d jord, gr\u00f8n jord  <\/span><\/p>\n<p>M\u00e5l: 11x11x13 cm<\/p>\n<p><i><span style=\"font-weight: 400;\">Vi anbefaler at vaske den forsigtigt ved h\u00f8jst 30 grader med et uld- eller silkevaskemiddel, der er opl\u00f8st i vand.  <\/span><\/i><i><span style=\"font-weight: 400;\">M\u00e5 ikke uds\u00e6ttes for sol, m\u00e5 ikke bleges, og der m\u00e5 ikke bruges syreholdige stoffer.<\/span><\/i><\/p>\n","protected":false},"excerpt":{"rendered":"<p>Taske til flere form\u00e5l. Fremstillet af \u00f8kologisk bomuld, silke og br\u00e6nden\u00e6lde og indfarvet med gammel italiensk jord. En genstand, der giver form til begrebet b\u00e6redygtighed fra stoffet i \u00f8kologisk bomuldspanama til indfarvningsmetoden, der er lavet med planteekstrakter i henhold til gamle indfarvningsopskrifter. Hvert stykke er unikt, med nuancer og farvevariationer, der giver f\u00f8lelsen af at [&hellip;]<\/p>\n","protected":false},"featured_media":41124,"template":"","meta":{"_acf_changed":false,"inline_featured_image":false,"_mbp_gutenberg_autopost":false},"product_brand":[],"product_cat":[1467,1471],"product_tag":[],"partner":[],"line":[],"class_list":{"0":"post-46952","1":"product","2":"type-product","3":"status-publish","4":"has-post-thumbnail","6":"product_cat-tekstil","7":"product_cat-mere-om-det-da","9":"first","10":"instock","11":"taxable","12":"shipping-taxable","13":"purchasable","14":"product-type-variable"},"bundle_layout":"","bundled_by":[],"bundled_items":[],"acf":[],"_links":{"self":[{"href":"https:\/\/wildenherbals.com\/da\/wp-json\/wp\/v2\/product\/46952","targetHints":{"allow":["GET"]}}],"collection":[{"href":"https:\/\/wildenherbals.com\/da\/wp-json\/wp\/v2\/product"}],"about":[{"href":"https:\/\/wildenherbals.com\/da\/wp-json\/wp\/v2\/types\/product"}],"wp:featuredmedia":[{"embeddable":true,"href":"https:\/\/wildenherbals.com\/da\/wp-json\/wp\/v2\/media\/41124"}],"wp:attachment":[{"href":"https:\/\/wildenherbals.com\/da\/wp-json\/wp\/v2\/media?parent=46952"}],"wp:term":[{"taxonomy":"product_brand","embeddable":true,"href":"https:\/\/wildenherbals.com\/da\/wp-json\/wp\/v2\/product_brand?post=46952"},{"taxonomy":"product_cat","embeddable":true,"href":"https:\/\/wildenherbals.com\/da\/wp-json\/wp\/v2\/product_cat?post=46952"},{"taxonomy":"product_tag","embeddable":true,"href":"https:\/\/wildenherbals.com\/da\/wp-json\/wp\/v2\/product_tag?post=46952"},{"taxonomy":"partner","embeddable":true,"href":"https:\/\/wildenherbals.com\/da\/wp-json\/wp\/v2\/partner?post=46952"},{"taxonomy":"line","embeddable":true,"href":"https:\/\/wildenherbals.com\/da\/wp-json\/wp\/v2\/line?post=46952"}],"curies":[{"name":"wp","href":"https:\/\/api.w.org\/{rel}","templated":true}]}}