{"id":46922,"date":"2025-09-29T20:05:32","date_gmt":"2025-09-29T18:05:32","guid":{"rendered":"https:\/\/wildenherbals.com\/?post_type=product&#038;p=46922"},"modified":"2025-10-13T18:13:10","modified_gmt":"2025-10-13T16:13:10","slug":"wild-natural-shopper-med-lomme-og-vandflaskeholder-copia","status":"publish","type":"product","link":"https:\/\/wildenherbals.com\/da\/shop\/tekstil\/wild-natural-shopper-med-lomme-og-vandflaskeholder-copia\/","title":{"rendered":"Wild Natural Shopper &#8211; med lomme og vandflaskeholder &#8211; r\u00f8d jord"},"content":{"rendered":"<p>Shopper-taske lavet af kraftigt, rent h\u00f8rstof, h\u00e5ndfarvet med naturlige jordfarver. P\u00e5 indersiden er der to stropper til Kinto x Wilden.herbals-termokanden, som holder den p\u00e5 plads, og p\u00e5 ydersiden er der en lomme.<br \/>\nDen er essentiel, st\u00e6rk og ergonomisk og designet til at f\u00f8lge dig hver dag p\u00e5 kontoret, i fitnesscenteret eller til indk\u00f8b. Hver taske er h\u00e5ndlavet og h\u00e5ndfarvet efter gamle opskrifter med naturlige farver.  <\/p>\n<p>Farver: R\u00f8d jord\/gul jord<\/p>\n<p>M\u00e5l: 36&#215;34 cm &#8211; front 27&#215;34 cm &#8211; dybde: 10 cm &#8211; h\u00e5ndtag: 26 cm<\/p>\n<p><em>&#8220;Tak, fordi du har valgt dette h\u00e5ndlavede stykke stof, som er fremstillet af naturlige vegetabilske fibre. <\/em><em>Hvert stykke er indfarvet med naturlige italienske jordfarver. <\/em><em>De naturlige farver giver en behagelig f\u00f8lelse af energi og ro. <\/em><em>Hver nuance eller farvevariation er et symbol p\u00e5 sin naturlige unikhed.<\/em><br \/>\n<em>Vi anbefaler at vaske det forsigtigt ved h\u00f8jst 30 grader med et uld- eller silkevaskemiddel, der er opl\u00f8st i vand. <\/em><em>M\u00e5 ikke uds\u00e6ttes for sol, m\u00e5 ikke bleges, pas p\u00e5 syreholdige stoffer.<\/em>&#8220;<\/p>\n","protected":false},"excerpt":{"rendered":"<p>Shopper-taske lavet af kraftigt, rent h\u00f8rstof, h\u00e5ndfarvet med naturlige jordfarver. P\u00e5 indersiden er der to stropper til Kinto x Wilden.herbals-termokanden, som holder den p\u00e5 plads, og p\u00e5 ydersiden er der en lomme. Den er essentiel, st\u00e6rk og ergonomisk og designet til at f\u00f8lge dig hver dag p\u00e5 kontoret, i fitnesscenteret eller til indk\u00f8b. Hver taske [&hellip;]<\/p>\n","protected":false},"featured_media":41139,"template":"","meta":{"_acf_changed":false,"inline_featured_image":false,"_mbp_gutenberg_autopost":false},"product_brand":[],"product_cat":[1467,1476],"product_tag":[],"partner":[],"line":[],"class_list":{"0":"post-46922","1":"product","2":"type-product","3":"status-publish","4":"has-post-thumbnail","6":"product_cat-tekstil","7":"product_cat-shopper-taske","9":"first","10":"instock","11":"taxable","12":"shipping-taxable","13":"purchasable","14":"product-type-variable"},"bundle_layout":"","bundled_by":[],"bundled_items":[],"acf":[],"_links":{"self":[{"href":"https:\/\/wildenherbals.com\/da\/wp-json\/wp\/v2\/product\/46922","targetHints":{"allow":["GET"]}}],"collection":[{"href":"https:\/\/wildenherbals.com\/da\/wp-json\/wp\/v2\/product"}],"about":[{"href":"https:\/\/wildenherbals.com\/da\/wp-json\/wp\/v2\/types\/product"}],"wp:featuredmedia":[{"embeddable":true,"href":"https:\/\/wildenherbals.com\/da\/wp-json\/wp\/v2\/media\/41139"}],"wp:attachment":[{"href":"https:\/\/wildenherbals.com\/da\/wp-json\/wp\/v2\/media?parent=46922"}],"wp:term":[{"taxonomy":"product_brand","embeddable":true,"href":"https:\/\/wildenherbals.com\/da\/wp-json\/wp\/v2\/product_brand?post=46922"},{"taxonomy":"product_cat","embeddable":true,"href":"https:\/\/wildenherbals.com\/da\/wp-json\/wp\/v2\/product_cat?post=46922"},{"taxonomy":"product_tag","embeddable":true,"href":"https:\/\/wildenherbals.com\/da\/wp-json\/wp\/v2\/product_tag?post=46922"},{"taxonomy":"partner","embeddable":true,"href":"https:\/\/wildenherbals.com\/da\/wp-json\/wp\/v2\/partner?post=46922"},{"taxonomy":"line","embeddable":true,"href":"https:\/\/wildenherbals.com\/da\/wp-json\/wp\/v2\/line?post=46922"}],"curies":[{"name":"wp","href":"https:\/\/api.w.org\/{rel}","templated":true}]}}