{"id":45719,"date":"2025-06-26T13:26:29","date_gmt":"2025-06-26T11:26:29","guid":{"rendered":"https:\/\/wildenherbals.com\/?post_type=product&#038;p=45719"},"modified":"2026-03-06T10:58:49","modified_gmt":"2026-03-06T09:58:49","slug":"herbpress-filter-og-diffusorskive-copia-copia-3","status":"publish","type":"product","link":"https:\/\/wildenherbals.com\/da\/shop\/herbpress-da\/herbpress-filter-og-diffusorskive-copia-copia-3\/","title":{"rendered":"HERBPRESS FILTER 4 &#8211; Indvendig diameter 54 mm \u2013 Kantdiameter 62,5 mm &#8211; Stampere 53 \/ 53.4 mm &#8211; Fuld kompatibilitet: Breville \/ Sage, Solis"},"content":{"rendered":"<p data-start=\"159\" data-end=\"233\"><strong data-start=\"159\" data-end=\"233\">Herbpress: brygger klar p\u00e5 60 sekunder med din espressomaskine<\/strong><\/p>\n<p data-start=\"235\" data-end=\"540\">Herbpress er den f\u00f8rste patenterede teknologi, udviklet af Wilden Herbals i samarbejde med IMS, som giver dig mulighed for at tilberede urtete og infusioner ved hj\u00e6lp af din espressomaskine. Den kombinerer <strong data-start=\"428\" data-end=\"442\">pr\u00e6cision<\/strong>, <strong data-start=\"444\" data-end=\"456\">hastighed<\/strong> og <strong data-start=\"459\" data-end=\"482\">aromatisk intensitet<\/strong> og giver et fantastisk resultat, der er klar p\u00e5 bare 60 sekunder. <\/p>\n<p data-start=\"547\" data-end=\"570\"><strong data-start=\"547\" data-end=\"570\">Hvad den indeholder:<\/strong><\/p>\n<p data-start=\"572\" data-end=\"697\">Dette s\u00e6t indeholder <strong data-start=\"592\" data-end=\"641\">kun det filter og den diffusorskive<\/strong>, der kr\u00e6ves til ekstraktion med Herbpress-teknologien. Hvis du vil opleve Herbpress-oplevelsen med det samme, anbefaler vi, at du k\u00f8ber et alternativ:<\/p>\n<ul data-start=\"794\" data-end=\"947\">\n<li data-start=\"794\" data-end=\"856\">\n<p data-start=\"796\" data-end=\"856\">Det <a href=\"http:\/\/www.wildenherbals.com\/shop\/herbpress\/herbpress-kit-2\/\" target=\"_blank\" rel=\"noopener\"><strong data-start=\"799\" data-end=\"815\">tests\u00e6t<\/strong><\/a>som indeholder 4 teer i poseformat<\/p>\n<\/li>\n<li data-start=\"857\" data-end=\"947\">\n<p data-start=\"859\" data-end=\"947\">Eller ogs\u00e5 de <strong data-start=\"869\" data-end=\"912\">kompatible blends i softpack-format <\/strong>, som du kan finde <a href=\"http:\/\/www.wildenherbals.com\/tipologia\/herbpress\/\" target=\"_blank\" rel=\"noopener\"><strong data-start=\"869\" data-end=\"912\">her<\/strong><\/a>som indeholder 20 kvadratiske filtre.<\/p>\n<\/li>\n<\/ul>\n<p data-start=\"859\" data-end=\"947\"><strong data-start=\"954\" data-end=\"1002\">Find det s\u00e6t, der passer til din maskine:<\/strong><\/p>\n<p data-start=\"1004\" data-end=\"1199\">V\u00e6lg den rigtige version til din espressomaskine: Tjek de <strong data-start=\"1086\" data-end=\"1120\">tilg\u00e6ngelige varianter<\/strong> for at sikre, at du v\u00e6lger det perfekt kompatible filter og skive.<\/p>\n<p data-start=\"126\" data-end=\"291\"><strong data-start=\"126\" data-end=\"184\">Patenteret teknologi <\/strong> til udtr\u00e6kning af infusioner og urtete med en espressomaskine. Intensitet og hastighed i en 60-sekunders infusion. <\/p>\n<p data-start=\"298\" data-end=\"329\"><strong data-start=\"298\" data-end=\"329\">Vigtigste funktioner:<\/strong><\/p>\n<ul data-start=\"331\" data-end=\"745\">\n<li data-start=\"331\" data-end=\"609\">\n<p data-start=\"333\" data-end=\"357\"><strong data-start=\"333\" data-end=\"355\">Filter HERBPRESS 4<\/strong><\/p>\n<ul data-start=\"360\" data-end=\"609\">\n<li data-start=\"360\" data-end=\"396\">\n<p data-start=\"362\" data-end=\"396\">Elektropoleret 304 rustfrit st\u00e5l<\/p>\n<\/li>\n<li data-start=\"399\" data-end=\"435\">\n<p data-start=\"401\" data-end=\"435\">Enkelt hul \u00d8 0,30 mm i bunden<\/p>\n<\/li>\n<li data-start=\"438\" data-end=\"499\">\n<p data-start=\"440\" data-end=\"499\">Foto\u00e6tset AISI 301 (150 mikron) membran + 85-hullers st\u00f8tte i 301 r\u00e5st\u00e5l<\/p>\n<\/li>\n<li data-start=\"502\" data-end=\"522\">\n<p data-start=\"504\" data-end=\"522\">Design uden r\u00f8dder<\/p>\n<\/li>\n<li data-start=\"525\" data-end=\"562\">\n<p data-start=\"527\" data-end=\"562\">Indvendig \u00d8 54 mm &#8211; kant \u00d8 62,5 mm<\/p>\n<\/li>\n<li data-start=\"565\" data-end=\"609\">\n<p data-start=\"567\" data-end=\"609\">Kompatibel med 53 \/ 53,4 mm presser<\/p>\n<\/li>\n<\/ul>\n<\/li>\n<li data-start=\"611\" data-end=\"745\">\n<p data-start=\"613\" data-end=\"642\"><strong data-start=\"613\" data-end=\"640\">PUCK DIFFUSER 2 \/ 3 \/ 4<\/strong><\/p>\n<ul data-start=\"645\" data-end=\"745\">\n<li data-start=\"645\" data-end=\"677\">\n<p data-start=\"647\" data-end=\"677\">Rustfrit st\u00e5l AISI 301<\/p>\n<\/li>\n<li data-start=\"680\" data-end=\"745\">\n<p data-start=\"682\" data-end=\"745\">Boring designet til j\u00e6vn vandfordeling<\/p>\n<\/li>\n<\/ul>\n<\/li>\n<\/ul>\n<p data-start=\"752\" data-end=\"779\"><strong data-start=\"752\" data-end=\"777\">Anbefalet brug:<\/strong><\/p>\n<ul data-start=\"780\" data-end=\"869\">\n<li data-start=\"780\" data-end=\"809\">\n<p data-start=\"782\" data-end=\"809\">Dosis: 1,5 &#8211; 2 g plante<\/p>\n<\/li>\n<li data-start=\"810\" data-end=\"846\">\n<p data-start=\"812\" data-end=\"846\">Ekstraktion: 150-180 ml p\u00e5 60 sek.<\/p>\n<\/li>\n<li data-start=\"847\" data-end=\"869\">\n<p data-start=\"849\" data-end=\"869\">Tryk: 8-9 bar<\/p>\n<\/li>\n<\/ul>\n<p data-start=\"876\" data-end=\"929\"><strong data-start=\"876\" data-end=\"903\">Compatibilit\u00e0 completa:<\/strong><br data-start=\"903\" data-end=\"906\">Breville \/ Sage, Solis.<\/p>\n","protected":false},"excerpt":{"rendered":"<p>Herbpress: brygger klar p\u00e5 60 sekunder med din espressomaskine Herbpress er den f\u00f8rste patenterede teknologi, udviklet af Wilden Herbals i samarbejde med IMS, som giver dig mulighed for at tilberede urtete og infusioner ved hj\u00e6lp af din espressomaskine. Den kombinerer pr\u00e6cision, hastighed og aromatisk intensitet og giver et fantastisk resultat, der er klar p\u00e5 bare [&hellip;]<\/p>\n","protected":false},"featured_media":44505,"template":"","meta":{"_acf_changed":false,"inline_featured_image":false,"_mbp_gutenberg_autopost":false},"product_brand":[],"product_cat":[1639],"product_tag":[],"partner":[],"line":[],"class_list":{"0":"post-45719","1":"product","2":"type-product","3":"status-publish","4":"has-post-thumbnail","6":"product_cat-herbpress-da","7":"product_shipping_class-herbpress-spedizione-da-it-da","9":"first","10":"instock","11":"taxable","12":"shipping-taxable","13":"purchasable","14":"product-type-simple"},"bundle_layout":"","bundled_by":[],"bundled_items":[],"acf":[],"_links":{"self":[{"href":"https:\/\/wildenherbals.com\/da\/wp-json\/wp\/v2\/product\/45719","targetHints":{"allow":["GET"]}}],"collection":[{"href":"https:\/\/wildenherbals.com\/da\/wp-json\/wp\/v2\/product"}],"about":[{"href":"https:\/\/wildenherbals.com\/da\/wp-json\/wp\/v2\/types\/product"}],"wp:featuredmedia":[{"embeddable":true,"href":"https:\/\/wildenherbals.com\/da\/wp-json\/wp\/v2\/media\/44505"}],"wp:attachment":[{"href":"https:\/\/wildenherbals.com\/da\/wp-json\/wp\/v2\/media?parent=45719"}],"wp:term":[{"taxonomy":"product_brand","embeddable":true,"href":"https:\/\/wildenherbals.com\/da\/wp-json\/wp\/v2\/product_brand?post=45719"},{"taxonomy":"product_cat","embeddable":true,"href":"https:\/\/wildenherbals.com\/da\/wp-json\/wp\/v2\/product_cat?post=45719"},{"taxonomy":"product_tag","embeddable":true,"href":"https:\/\/wildenherbals.com\/da\/wp-json\/wp\/v2\/product_tag?post=45719"},{"taxonomy":"partner","embeddable":true,"href":"https:\/\/wildenherbals.com\/da\/wp-json\/wp\/v2\/partner?post=45719"},{"taxonomy":"line","embeddable":true,"href":"https:\/\/wildenherbals.com\/da\/wp-json\/wp\/v2\/line?post=45719"}],"curies":[{"name":"wp","href":"https:\/\/api.w.org\/{rel}","templated":true}]}}