{"id":44236,"date":"2025-06-04T15:42:47","date_gmt":"2025-06-04T13:42:47","guid":{"rendered":"https:\/\/wildenherbals.com\/?post_type=product&#038;p=44236"},"modified":"2025-10-09T11:36:36","modified_gmt":"2025-10-09T09:36:36","slug":"detox-kold-urtete-24-daser-copia-copia-copia-copia-copia-copia-copia-copia-copia","status":"publish","type":"product","link":"https:\/\/wildenherbals.com\/da\/shop\/herbpress-da\/detox-kold-urtete-24-daser-copia-copia-copia-copia-copia-copia-copia-copia-copia\/","title":{"rendered":"Herbpress Lemon Verbena Softpack 20 kvadratiske filtre"},"content":{"rendered":"<p data-start=\"59\" data-end=\"349\">Slap af med naturens renhed takket v\u00e6re <strong data-start=\"106\" data-end=\"133\">Herbpress Lemon Verbena<\/strong>, en softpack med <strong data-start=\"158\" data-end=\"180\">20<\/strong> foruddoserede <strong data-start=\"158\" data-end=\"180\">firkantede filtre<\/strong>, der udelukkende er fremstillet af <strong data-start=\"223\" data-end=\"276\">Lemon Verbena monobotanica<\/strong>, en plante, der er kendt for sine gavnlige egenskaber og delikate aroma.<\/p>\n<p data-start=\"351\" data-end=\"377\"><strong data-start=\"351\" data-end=\"375\">De st\u00f8rste fordele:<\/strong><\/p>\n<ul data-start=\"378\" data-end=\"540\">\n<li data-start=\"378\" data-end=\"405\">\n<p data-start=\"380\" data-end=\"405\">Fremmer ford\u00f8jelsen<\/p>\n<\/li>\n<li data-start=\"406\" data-end=\"442\">\n<p data-start=\"408\" data-end=\"442\">Det har en beroligende og afslappende effekt<\/p>\n<\/li>\n<li data-start=\"443\" data-end=\"489\">\n<p data-start=\"445\" data-end=\"489\">Bidrager til mentalt og fysisk velbefindende<\/p>\n<\/li>\n<li data-start=\"490\" data-end=\"540\">\n<p data-start=\"492\" data-end=\"540\">Kan hj\u00e6lpe med at bek\u00e6mpe stress og s\u00f8vnl\u00f8shed<\/p>\n<\/li>\n<\/ul>\n<p data-start=\"542\" data-end=\"797\"><strong data-start=\"542\" data-end=\"562\">Smag i koppen:<\/strong><br data-start=\"562\" data-end=\"565\">I infusion frigiver citronverbena en <strong data-start=\"615\" data-end=\"636\">frisk, citrusagtig<\/strong> smag med lette, blomsteragtige noter. Resultatet er en <strong data-start=\"694\" data-end=\"754\">forfriskende, harmonisk og naturligt koffeinfri<\/strong> drik, der er perfekt til alle tidspunkter af dagen. <\/p>\n<p data-start=\"799\" data-end=\"980\"><strong data-start=\"799\" data-end=\"817\">Kompatibilitet:<\/strong><br data-start=\"817\" data-end=\"820\">Anvendes udelukkende med <strong data-start=\"867\" data-end=\"880\">Herbpress-teknologi<\/strong>, som garanterer optimal ekstraktion af de botaniske aktive ingredienser og en kop rig p\u00e5 aroma og fordele.<\/p>\n<p data-start=\"982\" data-end=\"1052\" data-is-last-node=\"\" data-is-only-node=\"\"><em><strong>Oplev gl\u00e6den ved en ekspressiv, funktionel og 100 % naturlig urtete.<\/strong><\/em><\/p>\n","protected":false},"excerpt":{"rendered":"<p><strong data-start=\"89\" data-end=\"106\">Citronverbena<\/strong> urtete, ideel til <strong data-start=\"128\" data-end=\"150\">ford\u00f8jelse og afslapning<\/strong>. Hver pakke indeholder <strong data-start=\"177\" data-end=\"199\">20 kvadratiske<\/strong> <strong data-start=\"230\" data-end=\"243\">Herbpress-kompatible<\/strong> <strong data-start=\"177\" data-end=\"199\">filtre.<\/strong> Med sin <strong data-start=\"257\" data-end=\"288\">friske, citrusagtige og naturlige<\/strong> smag er den perfekt p\u00e5 alle tidspunkter af dagen.  <\/p>\n","protected":false},"featured_media":47706,"template":"","meta":{"_acf_changed":false,"inline_featured_image":false,"_mbp_gutenberg_autopost":false},"product_brand":[],"product_cat":[1639],"product_tag":[],"partner":[],"line":[],"class_list":{"0":"post-44236","1":"product","2":"type-product","3":"status-publish","4":"has-post-thumbnail","6":"product_cat-herbpress-da","7":"product_shipping_class-herbpress-spedizione-da-it-da","9":"first","10":"instock","11":"taxable","12":"shipping-taxable","13":"purchasable","14":"product-type-simple"},"bundle_layout":"","bundled_by":[],"bundled_items":[],"acf":[],"_links":{"self":[{"href":"https:\/\/wildenherbals.com\/da\/wp-json\/wp\/v2\/product\/44236","targetHints":{"allow":["GET"]}}],"collection":[{"href":"https:\/\/wildenherbals.com\/da\/wp-json\/wp\/v2\/product"}],"about":[{"href":"https:\/\/wildenherbals.com\/da\/wp-json\/wp\/v2\/types\/product"}],"wp:featuredmedia":[{"embeddable":true,"href":"https:\/\/wildenherbals.com\/da\/wp-json\/wp\/v2\/media\/47706"}],"wp:attachment":[{"href":"https:\/\/wildenherbals.com\/da\/wp-json\/wp\/v2\/media?parent=44236"}],"wp:term":[{"taxonomy":"product_brand","embeddable":true,"href":"https:\/\/wildenherbals.com\/da\/wp-json\/wp\/v2\/product_brand?post=44236"},{"taxonomy":"product_cat","embeddable":true,"href":"https:\/\/wildenherbals.com\/da\/wp-json\/wp\/v2\/product_cat?post=44236"},{"taxonomy":"product_tag","embeddable":true,"href":"https:\/\/wildenherbals.com\/da\/wp-json\/wp\/v2\/product_tag?post=44236"},{"taxonomy":"partner","embeddable":true,"href":"https:\/\/wildenherbals.com\/da\/wp-json\/wp\/v2\/partner?post=44236"},{"taxonomy":"line","embeddable":true,"href":"https:\/\/wildenherbals.com\/da\/wp-json\/wp\/v2\/line?post=44236"}],"curies":[{"name":"wp","href":"https:\/\/api.w.org\/{rel}","templated":true}]}}