{"id":44230,"date":"2025-06-04T15:40:33","date_gmt":"2025-06-04T13:40:33","guid":{"rendered":"https:\/\/wildenherbals.com\/?post_type=product&#038;p=44230"},"modified":"2025-10-09T11:39:52","modified_gmt":"2025-10-09T09:39:52","slug":"detox-kold-urtete-24-daser-copia-copia-copia-copia-copia-copia-copia-copia","status":"publish","type":"product","link":"https:\/\/wildenherbals.com\/da\/shop\/herbpress-da\/detox-kold-urtete-24-daser-copia-copia-copia-copia-copia-copia-copia-copia\/","title":{"rendered":"Herbpress Bancha Tea Hoji Cha Softpack 20 kvadratiske filtre"},"content":{"rendered":"<p data-start=\"63\" data-end=\"324\">Smag p\u00e5 Japans autenticitet med <strong data-start=\"100\" data-end=\"128\">Herbpress Bancha H\u014djicha<\/strong>, en softpack med <strong data-start=\"145\" data-end=\"178\">20 f\u00e6rdigdoserede firkantede filtre<\/strong>, der udelukkende indeholder <strong data-start=\"206\" data-end=\"240\">Bancha H\u014djicha monobotanica<\/strong> &#8211; en japansk gr\u00f8n te fremstillet ved ristning af modne Bancha teblade.<\/p>\n<h3 data-start=\"326\" data-end=\"350\">De st\u00f8rste fordele:<\/h3>\n<ul data-start=\"351\" data-end=\"629\">\n<li data-start=\"351\" data-end=\"414\">\n<p data-start=\"353\" data-end=\"414\"><strong data-start=\"353\" data-end=\"388\">Naturligt lavt koffeinindhold<\/strong>, ogs\u00e5 perfekt om aftenen<\/p>\n<\/li>\n<li data-start=\"415\" data-end=\"492\">\n<p data-start=\"417\" data-end=\"492\">Fremmer <strong data-start=\"430\" data-end=\"444\">ford\u00f8jelsen<\/strong> og har en afbalancerende effekt p\u00e5 kroppen<\/p>\n<\/li>\n<li data-start=\"493\" data-end=\"574\">\n<p data-start=\"495\" data-end=\"574\">Rig p\u00e5 <strong data-start=\"504\" data-end=\"534\">polyfenoler og antioxidanter<\/strong> til at bek\u00e6mpe oxidativ stress<\/p>\n<\/li>\n<li data-start=\"575\" data-end=\"629\">\n<p data-start=\"577\" data-end=\"629\">Kan bidrage til <strong data-start=\"596\" data-end=\"629\">mental og fysisk afslapning<\/strong><\/p>\n<\/li>\n<\/ul>\n<h3 data-start=\"631\" data-end=\"653\">Smag i en kop:<\/h3>\n<p data-start=\"654\" data-end=\"869\">Bancha H\u014djicha har en <strong data-start=\"699\" data-end=\"729\">ristet, bl\u00f8d og afrundet<\/strong> smagsprofil med noter af hasseln\u00f8d, tr\u00e6 og let kakao. En varm og omsluttende drik med en dyb, men delikat smag, der betager ved f\u00f8rste slurk. <\/p>\n<h3 data-start=\"871\" data-end=\"891\">Kompatibilitet:<\/h3>\n<p data-start=\"892\" data-end=\"1075\">Den kan kun bruges sammen med <strong data-start=\"938\" data-end=\"951\">Herbpress-teknologien<\/strong>, som giver en komplet og afbalanceret ekstraktion af de aktive botaniske ingredienser, hvilket sikrer en smagfuld og velg\u00f8rende kop hver gang.<\/p>\n","protected":false},"excerpt":{"rendered":"<p>Ristet japansk Bancha gr\u00f8n te, rig p\u00e5 antioxidanter og med et lavt indhold af koffein. Med en bl\u00f8d, ristet og delikat smag hj\u00e6lper den p\u00e5 ford\u00f8jelsen og afslapningen. Kompatibel med Herbpress-teknologi til perfekt infusion.  <\/p>\n","protected":false},"featured_media":47730,"template":"","meta":{"_acf_changed":false,"inline_featured_image":false,"_mbp_gutenberg_autopost":false},"product_brand":[],"product_cat":[1639],"product_tag":[],"partner":[],"line":[],"class_list":{"0":"post-44230","1":"product","2":"type-product","3":"status-publish","4":"has-post-thumbnail","6":"product_cat-herbpress-da","7":"product_shipping_class-herbpress-spedizione-da-it-da","9":"first","10":"instock","11":"taxable","12":"shipping-taxable","13":"purchasable","14":"product-type-simple"},"bundle_layout":"","bundled_by":[],"bundled_items":[],"acf":[],"_links":{"self":[{"href":"https:\/\/wildenherbals.com\/da\/wp-json\/wp\/v2\/product\/44230","targetHints":{"allow":["GET"]}}],"collection":[{"href":"https:\/\/wildenherbals.com\/da\/wp-json\/wp\/v2\/product"}],"about":[{"href":"https:\/\/wildenherbals.com\/da\/wp-json\/wp\/v2\/types\/product"}],"wp:featuredmedia":[{"embeddable":true,"href":"https:\/\/wildenherbals.com\/da\/wp-json\/wp\/v2\/media\/47730"}],"wp:attachment":[{"href":"https:\/\/wildenherbals.com\/da\/wp-json\/wp\/v2\/media?parent=44230"}],"wp:term":[{"taxonomy":"product_brand","embeddable":true,"href":"https:\/\/wildenherbals.com\/da\/wp-json\/wp\/v2\/product_brand?post=44230"},{"taxonomy":"product_cat","embeddable":true,"href":"https:\/\/wildenherbals.com\/da\/wp-json\/wp\/v2\/product_cat?post=44230"},{"taxonomy":"product_tag","embeddable":true,"href":"https:\/\/wildenherbals.com\/da\/wp-json\/wp\/v2\/product_tag?post=44230"},{"taxonomy":"partner","embeddable":true,"href":"https:\/\/wildenherbals.com\/da\/wp-json\/wp\/v2\/partner?post=44230"},{"taxonomy":"line","embeddable":true,"href":"https:\/\/wildenherbals.com\/da\/wp-json\/wp\/v2\/line?post=44230"}],"curies":[{"name":"wp","href":"https:\/\/api.w.org\/{rel}","templated":true}]}}