{"id":44218,"date":"2025-06-04T14:53:01","date_gmt":"2025-06-04T12:53:01","guid":{"rendered":"https:\/\/wildenherbals.com\/?post_type=product&#038;p=44218"},"modified":"2025-10-09T11:37:55","modified_gmt":"2025-10-09T09:37:55","slug":"detox-kold-urtete-24-daser-copia-copia-copia-copia-copia-copia","status":"publish","type":"product","link":"https:\/\/wildenherbals.com\/da\/shop\/herbpress-da\/detox-kold-urtete-24-daser-copia-copia-copia-copia-copia-copia\/","title":{"rendered":"Herbpress Hibiscus Harmony Softpack 20 kvadratiske filtre"},"content":{"rendered":"<p data-start=\"191\" data-end=\"621\">En infusion designet til at regenerere krop og sind: <em data-start=\"310\" data-end=\"328\">Hibiscus Harmony<\/em> er en harmonisk botanisk blanding af <strong data-start=\"372\" data-end=\"430\">lakrids, ingef\u00e6r, fennikel, citronverbena og hibiscus<\/strong>, n\u00f8je udvalgt for deres gavnlige egenskaber og omsluttende smag. Softpacken indeholder 20 foruddoserede firkantede filtre, som er klar til at ledsage dig n\u00e5r som helst p\u00e5 dagen. <\/p>\n<ul data-start=\"653\" data-end=\"969\">\n<li data-start=\"653\" data-end=\"734\">\n<p data-start=\"655\" data-end=\"734\"><strong data-start=\"655\" data-end=\"692\">Fremmer<\/strong> kroppens <strong data-start=\"655\" data-end=\"692\">naturlige udrensning<\/strong> og underst\u00f8tter ford\u00f8jelsen<\/p>\n<\/li>\n<li data-start=\"735\" data-end=\"793\">\n<p data-start=\"737\" data-end=\"793\"><strong data-start=\"737\" data-end=\"791\">Bidrager til kredsl\u00f8bets velbefindende<\/strong><\/p>\n<\/li>\n<li data-start=\"794\" data-end=\"881\">\n<p data-start=\"796\" data-end=\"881\"><strong data-start=\"796\" data-end=\"831\">Rig p\u00e5 naturlige antioxidanter<\/strong>, som hj\u00e6lper med at bek\u00e6mpe oxidativ stress<\/p>\n<\/li>\n<li data-start=\"882\" data-end=\"969\">\n<p data-start=\"884\" data-end=\"969\"><strong data-start=\"884\" data-end=\"921\">Forfriskende og t\u00f8rstslukkende effekt<\/strong>, ogs\u00e5 perfekt kold p\u00e5 varme dage<\/p>\n<\/li>\n<\/ul>\n<p data-start=\"997\" data-end=\"1331\">Infusionen \u00e5bner med den livlige, let syrlige smag af hibiscus, der bl\u00f8dg\u00f8res af lakridsens naturlige s\u00f8dme, ingef\u00e6rens krydring, fennikelens friskhed og citronverbenaens citrusnoter. En harmonisk, <strong data-start=\"1257\" data-end=\"1291\">naturligt koffeinfri<\/strong> kombination, der er ideel p\u00e5 alle tidspunkter af dagen. <\/p>\n<p data-start=\"1364\" data-end=\"1523\"><strong data-start=\"1364\" data-end=\"1400\">Velegnet til Herbpress-teknologi<\/strong>, som garanterer en optimal og afbalanceret ekstraktion af de botaniske aktive ingredienser, s\u00e5 man f\u00e5r en kop rig p\u00e5 aroma, smag og fordele.<\/p>\n","protected":false},"excerpt":{"rendered":"<p>En infusion designet til at regenerere krop og sind: Hibiscus Harmony er en harmonisk botanisk blanding af lakrids, ingef\u00e6r, fennikel, citronverbena og hibiscus, n\u00f8je udvalgt for deres gavnlige egenskaber og omsluttende smag. Softpacken indeholder 20 foruddoserede firkantede filtre, som er klar til at ledsage dig n\u00e5r som helst p\u00e5 dagen. Fremmer kroppens naturlige udrensning og [&hellip;]<\/p>\n","protected":false},"featured_media":47718,"template":"","meta":{"_acf_changed":false,"inline_featured_image":false,"_mbp_gutenberg_autopost":false},"product_brand":[],"product_cat":[1639],"product_tag":[],"partner":[],"line":[],"class_list":{"0":"post-44218","1":"product","2":"type-product","3":"status-publish","4":"has-post-thumbnail","6":"product_cat-herbpress-da","7":"product_shipping_class-herbpress-spedizione-da-it-da","9":"first","10":"instock","11":"taxable","12":"shipping-taxable","13":"purchasable","14":"product-type-simple"},"bundle_layout":"","bundled_by":[],"bundled_items":[],"acf":[],"_links":{"self":[{"href":"https:\/\/wildenherbals.com\/da\/wp-json\/wp\/v2\/product\/44218","targetHints":{"allow":["GET"]}}],"collection":[{"href":"https:\/\/wildenherbals.com\/da\/wp-json\/wp\/v2\/product"}],"about":[{"href":"https:\/\/wildenherbals.com\/da\/wp-json\/wp\/v2\/types\/product"}],"wp:featuredmedia":[{"embeddable":true,"href":"https:\/\/wildenherbals.com\/da\/wp-json\/wp\/v2\/media\/47718"}],"wp:attachment":[{"href":"https:\/\/wildenherbals.com\/da\/wp-json\/wp\/v2\/media?parent=44218"}],"wp:term":[{"taxonomy":"product_brand","embeddable":true,"href":"https:\/\/wildenherbals.com\/da\/wp-json\/wp\/v2\/product_brand?post=44218"},{"taxonomy":"product_cat","embeddable":true,"href":"https:\/\/wildenherbals.com\/da\/wp-json\/wp\/v2\/product_cat?post=44218"},{"taxonomy":"product_tag","embeddable":true,"href":"https:\/\/wildenherbals.com\/da\/wp-json\/wp\/v2\/product_tag?post=44218"},{"taxonomy":"partner","embeddable":true,"href":"https:\/\/wildenherbals.com\/da\/wp-json\/wp\/v2\/partner?post=44218"},{"taxonomy":"line","embeddable":true,"href":"https:\/\/wildenherbals.com\/da\/wp-json\/wp\/v2\/line?post=44218"}],"curies":[{"name":"wp","href":"https:\/\/api.w.org\/{rel}","templated":true}]}}