{"id":42780,"date":"2020-06-23T11:21:00","date_gmt":"2020-06-23T09:21:00","guid":{"rendered":"https:\/\/wildenherbals.com\/shop\/Ikke%20kategoriseret\/melissa-froe\/"},"modified":"2025-09-29T09:35:19","modified_gmt":"2025-09-29T07:35:19","slug":"melissa-froe","status":"publish","type":"product","link":"https:\/\/wildenherbals.com\/da\/shop\/uddeling\/mere-om-det\/melissa-froe\/","title":{"rendered":"Melissa fr\u00f8"},"content":{"rendered":"<p>Sorten \u00bbQuedlinburger Niederliegende\u00ab er kendt, fordi den indeholder et h\u00f8jere indhold af \u00e6teriske olier end den almindelige citronmelisse.<\/p>\n<p>For os er grundene til at elske og dyrke citronmelisse uendelige: perfekt i madlavning, uundv\u00e6rlig i kosmetik, nyttig i medicin og mere end noget andet med en fabelagtig duft, et sted mellem mynte og citron.<\/p>\n<p>Det komplicerede navn kommer fra byen Quedlinburg, som ligger lige nord for Harzen i Sachsen. Mens \u00bbNiederliegende\u00ab kan overs\u00e6ttes til \u00bbliggende\u00ab, et botanisk adjektiv for \u00bbat sprede sig p\u00e5 jorden uden at sl\u00e5 rod\u00ab. <\/p>\n<p>En plante, der burde v\u00e6re i enhver have.<\/p>\n","protected":false},"excerpt":{"rendered":"<p>Sorten Quedlinburger Niederliegende er ber\u00f8mt, fordi den indeholder et h\u00f8jere indhold af \u00e6teriske olier end den almindelige citronmelisse. For os er grundene til at elske og dyrke citronmelisse uendelige: perfekt i madlavning, uundv\u00e6rlig i kosmetik, nyttig i medicin og mere end noget andet med en fabelagtig duft, et sted mellem mynte og citron. Det komplicerede navn kommer fra byen Quedlinburg, som ligger lige nord for Harzen i Sachsen. Mens \u00bbNiederliegende\u00ab kan overs\u00e6ttes til \u00bbliggende\u00ab, et botanisk adjektiv for \u00bbat sprede sig p\u00e5 jorden uden at sl\u00e5 rod\u00ab. En plante, der burde v\u00e6re i enhver have.    <\/p>\n","protected":false},"featured_media":42781,"template":"","meta":{"_acf_changed":false,"inline_featured_image":false,"_mbp_gutenberg_autopost":false},"product_brand":[],"product_cat":[1407,1405],"product_tag":[],"partner":[],"line":[],"class_list":{"0":"post-42780","1":"product","2":"type-product","3":"status-publish","4":"has-post-thumbnail","6":"product_cat-mere-om-det","7":"product_cat-uddeling","9":"first","10":"instock","11":"taxable","12":"shipping-taxable","13":"purchasable","14":"product-type-simple"},"bundle_layout":"","bundled_by":[],"bundled_items":[],"acf":[],"_links":{"self":[{"href":"https:\/\/wildenherbals.com\/da\/wp-json\/wp\/v2\/product\/42780","targetHints":{"allow":["GET"]}}],"collection":[{"href":"https:\/\/wildenherbals.com\/da\/wp-json\/wp\/v2\/product"}],"about":[{"href":"https:\/\/wildenherbals.com\/da\/wp-json\/wp\/v2\/types\/product"}],"wp:featuredmedia":[{"embeddable":true,"href":"https:\/\/wildenherbals.com\/da\/wp-json\/wp\/v2\/media\/42781"}],"wp:attachment":[{"href":"https:\/\/wildenherbals.com\/da\/wp-json\/wp\/v2\/media?parent=42780"}],"wp:term":[{"taxonomy":"product_brand","embeddable":true,"href":"https:\/\/wildenherbals.com\/da\/wp-json\/wp\/v2\/product_brand?post=42780"},{"taxonomy":"product_cat","embeddable":true,"href":"https:\/\/wildenherbals.com\/da\/wp-json\/wp\/v2\/product_cat?post=42780"},{"taxonomy":"product_tag","embeddable":true,"href":"https:\/\/wildenherbals.com\/da\/wp-json\/wp\/v2\/product_tag?post=42780"},{"taxonomy":"partner","embeddable":true,"href":"https:\/\/wildenherbals.com\/da\/wp-json\/wp\/v2\/partner?post=42780"},{"taxonomy":"line","embeddable":true,"href":"https:\/\/wildenherbals.com\/da\/wp-json\/wp\/v2\/line?post=42780"}],"curies":[{"name":"wp","href":"https:\/\/api.w.org\/{rel}","templated":true}]}}