{"id":41656,"date":"2021-11-10T15:22:04","date_gmt":"2025-05-30T14:05:19","guid":{"rendered":"https:\/\/wildenherbals.com\/shop\/Ikke%20kategoriseret\/remedium-oekologisk-urtete-nr-6-afslapning\/"},"modified":"2025-09-08T06:28:21","modified_gmt":"2025-09-08T04:28:21","slug":"remedium-oekologisk-urtete-nr-6-afslapning","status":"publish","type":"product","link":"https:\/\/wildenherbals.com\/da\/shop\/urteteer\/remedium-oekologisk-urtete-nr-6-afslapning\/","title":{"rendered":"Remedium \u00f8kologisk urtete nr. 6 &#8211; Afslapning"},"content":{"rendered":"<p><span style=\"font-weight: 400;\">Remedium No.6 Relax er en ideel urtete til at tage en pause og s\u00e6tte tempoet ned i den daglige rytme. Med aromatiske middelhavsdufte ledsager den \u00f8jeblikke af hvile og meditation takket v\u00e6re dens afslappende egenskaber.  <\/span><b><br \/>\n<\/b><b><br \/>\n<\/b><span style=\"font-weight: 400;\">  Indeni finder du passionsblomst, rosmarin, laurb\u00e6r, eneb\u00e6r, timian, lavendel, verbena, fennikel og tj\u00f8rn. Relax er vores f\u00f8rste infusion med planter, der udelukkende er f\u00f8dt og opvokset i Middelhavsomr\u00e5det, og den har en delikat, dyb smag. <\/span><span style=\"font-weight: 400;\"><br \/>\n<\/span><\/p>\n<p>Indtagelsesm\u00e5de: Hver pose er beregnet til brug i vand p\u00e5 op til 500 ml.<\/p>\n<p>N\u00e5r du k\u00f8ber vores urteteer i formatet med <em>30 stk. bomuldsposer<\/em>, f\u00e5r du vores praktiske og elegante <strong>bomuldspose<\/strong> som <strong>gave<\/strong>. Den er genanvendelig og perfekt som gavepakke, og det er en lille gestus, der g\u00f8r dine \u00f8jeblikke af afslapning endnu mere specielle. <\/p>\n","protected":false},"excerpt":{"rendered":"<p>Remedium No.6 Relax er en ideel urtete til at tage en pause og s\u00e6tte tempoet ned i den daglige rytme. Med aromatiske middelhavsdufte ledsager den \u00f8jeblikke af hvile og meditation takket v\u00e6re dens afslappende egenskaber. Indeni finder du passionsblomst, rosmarin, laurb\u00e6r, eneb\u00e6r, timian, lavendel, verbena, fennikel og tj\u00f8rn. Relax er vores f\u00f8rste infusion med planter, [&hellip;]<\/p>\n","protected":false},"featured_media":41657,"template":"","meta":{"_acf_changed":false,"inline_featured_image":false,"_mbp_gutenberg_autopost":false},"product_brand":[],"product_cat":[1423,1450],"product_tag":[1457,1575,1459],"partner":[],"line":[1439,1574],"class_list":{"0":"post-41656","1":"product","2":"type-product","3":"status-publish","4":"has-post-thumbnail","6":"product_cat-urteteer","7":"product_cat-i-pose","8":"product_tag-afslappende","9":"product_tag-meditativ-da","10":"product_tag-rolig","11":"line-remedia-line-da","12":"line-remedium-okologisk-urtete-nr-6-afslapning","14":"first","15":"instock","16":"taxable","17":"shipping-taxable","18":"purchasable","19":"product-type-variable"},"bundle_layout":"","bundled_by":["41577","41578","41573"],"bundled_items":[],"acf":[],"_links":{"self":[{"href":"https:\/\/wildenherbals.com\/da\/wp-json\/wp\/v2\/product\/41656","targetHints":{"allow":["GET"]}}],"collection":[{"href":"https:\/\/wildenherbals.com\/da\/wp-json\/wp\/v2\/product"}],"about":[{"href":"https:\/\/wildenherbals.com\/da\/wp-json\/wp\/v2\/types\/product"}],"wp:featuredmedia":[{"embeddable":true,"href":"https:\/\/wildenherbals.com\/da\/wp-json\/wp\/v2\/media\/41657"}],"wp:attachment":[{"href":"https:\/\/wildenherbals.com\/da\/wp-json\/wp\/v2\/media?parent=41656"}],"wp:term":[{"taxonomy":"product_brand","embeddable":true,"href":"https:\/\/wildenherbals.com\/da\/wp-json\/wp\/v2\/product_brand?post=41656"},{"taxonomy":"product_cat","embeddable":true,"href":"https:\/\/wildenherbals.com\/da\/wp-json\/wp\/v2\/product_cat?post=41656"},{"taxonomy":"product_tag","embeddable":true,"href":"https:\/\/wildenherbals.com\/da\/wp-json\/wp\/v2\/product_tag?post=41656"},{"taxonomy":"partner","embeddable":true,"href":"https:\/\/wildenherbals.com\/da\/wp-json\/wp\/v2\/partner?post=41656"},{"taxonomy":"line","embeddable":true,"href":"https:\/\/wildenherbals.com\/da\/wp-json\/wp\/v2\/line?post=41656"}],"curies":[{"name":"wp","href":"https:\/\/api.w.org\/{rel}","templated":true}]}}