{"id":41652,"date":"2021-10-15T17:36:32","date_gmt":"2025-05-30T14:05:18","guid":{"rendered":"https:\/\/wildenherbals.com\/shop\/Ikke%20kategoriseret\/kop-med-laag-underkop-brun\/"},"modified":"2025-05-31T10:09:18","modified_gmt":"2025-05-31T08:09:18","slug":"kop-med-laag-underkop-brun","status":"publish","type":"product","link":"https:\/\/wildenherbals.com\/da\/shop\/tilbehor\/kop-med-laag-underkop-brun\/","title":{"rendered":"Kop med l\u00e5g\/underkop (brun)"},"content":{"rendered":"<p><span style=\"font-weight: 400;\">Udsvunget krus med dobbeltfunktionsl\u00e5g, der kan omdannes til underkop eller poseholder, h\u00e5ndlavet p\u00e5 drejeb\u00e6nk.  <\/span><\/p>\n<p><span style=\"font-weight: 400;\">Den anvendte jord er en hvid semifast blanding med 40 % chamotte 0-0,2 mm, som er meget modstandsdygtig.<\/span><\/p>\n<p><span style=\"font-weight: 400;\">F\u00e6rdiggjort med keramisk emalje ved h\u00f8j temperatur.  <\/span><\/p>\n<p><span style=\"font-weight: 400;\">Kan vaskes i opvaskemaskine og mikrob\u00f8lgeovn.<\/span><\/p>\n<p>&nbsp;<\/p>\n<p><span style=\"font-weight: 400;\">Farve: Brun<\/span><\/p>\n<p>&nbsp;<\/p>\n","protected":false},"excerpt":{"rendered":"<p>Udsvunget krus med dobbeltfunktionsl\u00e5g, der kan omdannes til underkop eller poseholder, h\u00e5ndlavet p\u00e5 drejeb\u00e6nk. Den anvendte jord er en hvid semifast blanding med 40 % chamotte 0-0,2 mm, som er meget modstandsdygtig. F\u00e6rdiggjort med keramisk emalje ved h\u00f8j temperatur. Kan vaskes i opvaskemaskine og mikrob\u00f8lgeovn. &nbsp; Farve: Brun &nbsp;<\/p>\n","protected":false},"featured_media":41653,"template":"","meta":{"_acf_changed":false,"inline_featured_image":false,"_mbp_gutenberg_autopost":false},"product_brand":[],"product_cat":[1416,1417],"product_tag":[],"partner":[1400],"line":[],"class_list":{"0":"post-41652","1":"product","2":"type-product","3":"status-publish","4":"has-post-thumbnail","6":"product_cat-tilbehor","7":"product_cat-flasker-kopper-og-tekander","8":"partner-morena-keramik-da","10":"first","11":"instock","12":"taxable","13":"shipping-taxable","14":"purchasable","15":"product-type-simple"},"bundle_layout":"","bundled_by":[],"bundled_items":[],"acf":[],"_links":{"self":[{"href":"https:\/\/wildenherbals.com\/da\/wp-json\/wp\/v2\/product\/41652","targetHints":{"allow":["GET"]}}],"collection":[{"href":"https:\/\/wildenherbals.com\/da\/wp-json\/wp\/v2\/product"}],"about":[{"href":"https:\/\/wildenherbals.com\/da\/wp-json\/wp\/v2\/types\/product"}],"wp:featuredmedia":[{"embeddable":true,"href":"https:\/\/wildenherbals.com\/da\/wp-json\/wp\/v2\/media\/41653"}],"wp:attachment":[{"href":"https:\/\/wildenherbals.com\/da\/wp-json\/wp\/v2\/media?parent=41652"}],"wp:term":[{"taxonomy":"product_brand","embeddable":true,"href":"https:\/\/wildenherbals.com\/da\/wp-json\/wp\/v2\/product_brand?post=41652"},{"taxonomy":"product_cat","embeddable":true,"href":"https:\/\/wildenherbals.com\/da\/wp-json\/wp\/v2\/product_cat?post=41652"},{"taxonomy":"product_tag","embeddable":true,"href":"https:\/\/wildenherbals.com\/da\/wp-json\/wp\/v2\/product_tag?post=41652"},{"taxonomy":"partner","embeddable":true,"href":"https:\/\/wildenherbals.com\/da\/wp-json\/wp\/v2\/partner?post=41652"},{"taxonomy":"line","embeddable":true,"href":"https:\/\/wildenherbals.com\/da\/wp-json\/wp\/v2\/line?post=41652"}],"curies":[{"name":"wp","href":"https:\/\/api.w.org\/{rel}","templated":true}]}}