{"id":41631,"date":"2021-11-10T15:52:19","date_gmt":"2025-05-30T14:05:06","guid":{"rendered":"https:\/\/wildenherbals.com\/shop\/Ikke%20kategoriseret\/remedium-oekologisk-urtete-nr-7-detox\/"},"modified":"2025-05-31T10:21:10","modified_gmt":"2025-05-31T08:21:10","slug":"remedium-oekologisk-urtete-nr-7-detox","status":"publish","type":"product","link":"https:\/\/wildenherbals.com\/da\/shop\/urteteer\/remedium-oekologisk-urtete-nr-7-detox\/","title":{"rendered":"Remedium \u00f8kologisk urtete nr. 7 &#8211; Detox"},"content":{"rendered":"<p><span style=\"font-weight: 400;\">Remedium No.7 Detox er en urtete med rensende egenskaber, der hj\u00e6lper med at fjerne ophobede giftstoffer. En blanding af l\u00e6geplanter med en afgiftende virkning, et sandt universalmiddel for kroppen.  <\/span><span style=\"font-weight: 400;\"><br \/>\n<\/span><\/p>\n<p><span style=\"font-weight: 400;\">En harmonisk og afbalanceret blanding af bitre og balsamiske, let syrlige og snerpende noter med et strejf af s\u00f8dme fra skovm\u00e6rke og de skarpe, men delikate noter af bukkehorn og br\u00e6nden\u00e6lde sammen med helichrysum, ingef\u00e6r og padderokke.<\/span><\/p>\n<p>Indtagelsesm\u00e5de: Hver pose er beregnet til brug i vand p\u00e5 op til 500 ml.<\/p>\n<p>N\u00e5r du k\u00f8ber vores urteteer i formatet med <em>30 stk. bomuldsposer<\/em>, f\u00e5r du vores praktiske og elegante <strong>bomuldspose<\/strong> som <strong>gave<\/strong>. Den er genanvendelig og perfekt som gavepakke, og det er en lille gestus, der g\u00f8r dine \u00f8jeblikke af afslapning endnu mere specielle. <\/p>\n","protected":false},"excerpt":{"rendered":"<p>Remedium No.7 Detox er en urtete med rensende egenskaber, der hj\u00e6lper med at fjerne ophobede giftstoffer. En blanding af l\u00e6geplanter med en afgiftende virkning, et sandt universalmiddel for kroppen. En harmonisk og afbalanceret blanding af bitre og balsamiske, let syrlige og snerpende noter med et strejf af s\u00f8dme fra skovm\u00e6rke og de skarpe, men delikate [&hellip;]<\/p>\n","protected":false},"featured_media":41632,"template":"","meta":{"_acf_changed":false,"inline_featured_image":false,"_mbp_gutenberg_autopost":false},"product_brand":[],"product_cat":[1423,1450],"product_tag":[1573,1469,1458],"partner":[],"line":[1439,1572],"class_list":{"0":"post-41631","1":"product","2":"type-product","3":"status-publish","4":"has-post-thumbnail","6":"product_cat-urteteer","7":"product_cat-i-pose","8":"product_tag-balsamico-da","9":"product_tag-tonic-da","10":"product_tag-rensning","11":"line-remedia-line-da","12":"line-remedium-okologisk-urtete-nr-7-detox","14":"first","15":"instock","16":"taxable","17":"shipping-taxable","18":"purchasable","19":"product-type-variable"},"bundle_layout":"","bundled_by":["41577","41578","41573"],"bundled_items":[],"acf":[],"_links":{"self":[{"href":"https:\/\/wildenherbals.com\/da\/wp-json\/wp\/v2\/product\/41631","targetHints":{"allow":["GET"]}}],"collection":[{"href":"https:\/\/wildenherbals.com\/da\/wp-json\/wp\/v2\/product"}],"about":[{"href":"https:\/\/wildenherbals.com\/da\/wp-json\/wp\/v2\/types\/product"}],"wp:featuredmedia":[{"embeddable":true,"href":"https:\/\/wildenherbals.com\/da\/wp-json\/wp\/v2\/media\/41632"}],"wp:attachment":[{"href":"https:\/\/wildenherbals.com\/da\/wp-json\/wp\/v2\/media?parent=41631"}],"wp:term":[{"taxonomy":"product_brand","embeddable":true,"href":"https:\/\/wildenherbals.com\/da\/wp-json\/wp\/v2\/product_brand?post=41631"},{"taxonomy":"product_cat","embeddable":true,"href":"https:\/\/wildenherbals.com\/da\/wp-json\/wp\/v2\/product_cat?post=41631"},{"taxonomy":"product_tag","embeddable":true,"href":"https:\/\/wildenherbals.com\/da\/wp-json\/wp\/v2\/product_tag?post=41631"},{"taxonomy":"partner","embeddable":true,"href":"https:\/\/wildenherbals.com\/da\/wp-json\/wp\/v2\/partner?post=41631"},{"taxonomy":"line","embeddable":true,"href":"https:\/\/wildenherbals.com\/da\/wp-json\/wp\/v2\/line?post=41631"}],"curies":[{"name":"wp","href":"https:\/\/api.w.org\/{rel}","templated":true}]}}