{"id":41612,"date":"2022-10-24T17:07:07","date_gmt":"2022-10-24T15:07:07","guid":{"rendered":"https:\/\/wildenherbals.com\/shop\/Ikke%20kategoriseret\/kinto-to-go-drikkedunk-360-ml-khaki\/"},"modified":"2025-12-16T15:00:56","modified_gmt":"2025-12-16T14:00:56","slug":"kinto-to-go-drikkedunk-360-ml-khaki","status":"publish","type":"product","link":"https:\/\/wildenherbals.com\/da\/shop\/tilbehor\/flasker-kopper-og-tekander\/kinto-to-go-drikkedunk-360-ml-khaki\/","title":{"rendered":"Kinto To Go drikkedunk 360 ml (Khaki)"},"content":{"rendered":"<p>TO GO TUMBLER er ideel til forskellige tidspunkter i l\u00f8bet af dagen, til at tage p\u00e5 arbejde, k\u00f8re bil eller slappe af.<\/p>\n<p>Den nye version er udstyret med en h\u00e6tte, der forhindrer spild under rejsen. Den roterende h\u00e6tte kan nemt \u00e5bnes og lukkes, s\u00e5 det er nemt at drikke. <\/p>\n<p>L\u00e5get er minimalt struktureret, s\u00e5 det er behageligt at drikke.<\/p>\n<p>Det vakuumisolerede glas bevarer temperaturen og smagen af drikkevarer i lang tid, og den tilspidsede form g\u00f8r det nemt at transportere.<\/p>\n<p>Det rene design med en mat struktur og afd\u00e6mpede farver g\u00f8r det muligt at slappe af, n\u00e5r man er p\u00e5 farten.<\/p>\n","protected":false},"excerpt":{"rendered":"<p>TO GO TUMBLER er ideel til forskellige situationer i l\u00f8bet af dagen, uanset om man skal p\u00e5 arbejde, k\u00f8re bil eller slappe af. L\u00e5get er minimalt struktureret, s\u00e5 det er behageligt at drikke. Den vakuumisolerede drikkedunk holder p\u00e5 temperaturen og smagen i lang tid, og den koniske form g\u00f8r den nem at transportere. Det rene design, der er kendetegnet ved en uigennemsigtig struktur og afd\u00e6mpede farver, giver afslapning p\u00e5 farten.   <\/p>\n","protected":false},"featured_media":41614,"template":"","meta":{"_acf_changed":false,"inline_featured_image":false,"_mbp_gutenberg_autopost":false},"product_brand":[],"product_cat":[1417,1416],"product_tag":[],"partner":[],"line":[],"class_list":{"0":"post-41612","1":"product","2":"type-product","3":"status-publish","4":"has-post-thumbnail","6":"product_cat-flasker-kopper-og-tekander","7":"product_cat-tilbehor","9":"first","10":"instock","11":"taxable","12":"shipping-taxable","13":"purchasable","14":"product-type-simple"},"bundle_layout":"","bundled_by":[],"bundled_items":[],"acf":[],"_links":{"self":[{"href":"https:\/\/wildenherbals.com\/da\/wp-json\/wp\/v2\/product\/41612","targetHints":{"allow":["GET"]}}],"collection":[{"href":"https:\/\/wildenherbals.com\/da\/wp-json\/wp\/v2\/product"}],"about":[{"href":"https:\/\/wildenherbals.com\/da\/wp-json\/wp\/v2\/types\/product"}],"wp:featuredmedia":[{"embeddable":true,"href":"https:\/\/wildenherbals.com\/da\/wp-json\/wp\/v2\/media\/41614"}],"wp:attachment":[{"href":"https:\/\/wildenherbals.com\/da\/wp-json\/wp\/v2\/media?parent=41612"}],"wp:term":[{"taxonomy":"product_brand","embeddable":true,"href":"https:\/\/wildenherbals.com\/da\/wp-json\/wp\/v2\/product_brand?post=41612"},{"taxonomy":"product_cat","embeddable":true,"href":"https:\/\/wildenherbals.com\/da\/wp-json\/wp\/v2\/product_cat?post=41612"},{"taxonomy":"product_tag","embeddable":true,"href":"https:\/\/wildenherbals.com\/da\/wp-json\/wp\/v2\/product_tag?post=41612"},{"taxonomy":"partner","embeddable":true,"href":"https:\/\/wildenherbals.com\/da\/wp-json\/wp\/v2\/partner?post=41612"},{"taxonomy":"line","embeddable":true,"href":"https:\/\/wildenherbals.com\/da\/wp-json\/wp\/v2\/line?post=41612"}],"curies":[{"name":"wp","href":"https:\/\/api.w.org\/{rel}","templated":true}]}}