{"id":41611,"date":"2022-10-24T16:57:59","date_gmt":"2022-10-24T14:57:59","guid":{"rendered":"https:\/\/wildenherbals.com\/shop\/Ikke%20kategoriseret\/glaskaraffel-med-infusionshaette\/"},"modified":"2025-09-29T09:54:33","modified_gmt":"2025-09-29T07:54:33","slug":"glaskaraffel-med-infusionshaette","status":"publish","type":"product","link":"https:\/\/wildenherbals.com\/da\/shop\/tilbehor\/glaskaraffel-med-infusionshaette\/","title":{"rendered":"Glaskaraffel med infusionsh\u00e6tte"},"content":{"rendered":"<div class=\"\">Glaskaraffel af m\u00e6rket Wilden.herbals.<\/div>\n<div class=\"\">Ideel til tilberedning og servering af urtete fra Remedia-serien. Takket v\u00e6re den gennemsigtige glasoverflade g\u00f8r den infusions\u00f8jeblikket endnu mere behageligt og viser sk\u00f8nheden i de ingredienser, der er neds\u00e6nket i varmt eller koldt vand. <\/div>\n","protected":false},"excerpt":{"rendered":"<p>Wilden.herbals branded glass teapot<\/p>\n<p>Ideel til at tilberede og servere vores Remedia urtete.<\/p>\n","protected":false},"featured_media":41613,"template":"","meta":{"_acf_changed":false,"inline_featured_image":false,"_mbp_gutenberg_autopost":false},"product_brand":[],"product_cat":[1416,1479],"product_tag":[],"partner":[],"line":[],"class_list":{"0":"post-41611","1":"product","2":"type-product","3":"status-publish","4":"has-post-thumbnail","6":"product_cat-tilbehor","7":"product_cat-mere-om-det-da-2","9":"first","10":"instock","11":"taxable","12":"shipping-taxable","13":"purchasable","14":"product-type-simple"},"bundle_layout":"","bundled_by":[],"bundled_items":[],"acf":[],"_links":{"self":[{"href":"https:\/\/wildenherbals.com\/da\/wp-json\/wp\/v2\/product\/41611","targetHints":{"allow":["GET"]}}],"collection":[{"href":"https:\/\/wildenherbals.com\/da\/wp-json\/wp\/v2\/product"}],"about":[{"href":"https:\/\/wildenherbals.com\/da\/wp-json\/wp\/v2\/types\/product"}],"wp:featuredmedia":[{"embeddable":true,"href":"https:\/\/wildenherbals.com\/da\/wp-json\/wp\/v2\/media\/41613"}],"wp:attachment":[{"href":"https:\/\/wildenherbals.com\/da\/wp-json\/wp\/v2\/media?parent=41611"}],"wp:term":[{"taxonomy":"product_brand","embeddable":true,"href":"https:\/\/wildenherbals.com\/da\/wp-json\/wp\/v2\/product_brand?post=41611"},{"taxonomy":"product_cat","embeddable":true,"href":"https:\/\/wildenherbals.com\/da\/wp-json\/wp\/v2\/product_cat?post=41611"},{"taxonomy":"product_tag","embeddable":true,"href":"https:\/\/wildenherbals.com\/da\/wp-json\/wp\/v2\/product_tag?post=41611"},{"taxonomy":"partner","embeddable":true,"href":"https:\/\/wildenherbals.com\/da\/wp-json\/wp\/v2\/partner?post=41611"},{"taxonomy":"line","embeddable":true,"href":"https:\/\/wildenherbals.com\/da\/wp-json\/wp\/v2\/line?post=41611"}],"curies":[{"name":"wp","href":"https:\/\/api.w.org\/{rel}","templated":true}]}}