{"id":41609,"date":"2022-10-25T15:36:18","date_gmt":"2022-10-25T13:36:18","guid":{"rendered":"https:\/\/wildenherbals.com\/shop\/Ikke%20kategoriseret\/marmelade-af-vilde-brombaer-110-g\/"},"modified":"2025-09-29T09:40:16","modified_gmt":"2025-09-29T07:40:16","slug":"marmelade-af-vilde-brombaer-110-g","status":"publish","type":"product","link":"https:\/\/wildenherbals.com\/da\/shop\/uddeling\/marmelade-af-vilde-brombaer-110-g\/","title":{"rendered":"Marmelade af vilde bromb\u00e6r (110 g)"},"content":{"rendered":"<p>Konserven er fremstillet af sm\u00e5, fyldige og s\u00f8de bromb\u00e6r, som vokser vildt p\u00e5 Alba, en naturg\u00e5rd i hjertet af Molise. Pr\u00f8v den sammen med ost, med sm\u00f8r p\u00e5 en skive ristet hjemmebagt br\u00f8d, med yoghurt eller ricottaost enten i skefulde eller som topping p\u00e5 t\u00e6rter og ostekager. <\/p>\n<p>&nbsp;<\/p>\n","protected":false},"excerpt":{"rendered":"<p><span style=\"font-weight: 400;\">S\u00e5dan bruger du den<\/span><\/p>\n<p><span style=\"font-weight: 400;\">Som enkelt element er det et velsmagende tilbeh\u00f8r, i tilberedningerne passer det godt i couscous, med bl\u00e5 fisk eller med kanin.<\/span><\/p>\n","protected":false},"featured_media":41610,"template":"","meta":{"_acf_changed":false,"inline_featured_image":false,"_mbp_gutenberg_autopost":false},"product_brand":[],"product_cat":[1405,1408],"product_tag":[],"partner":[],"line":[],"class_list":{"0":"post-41609","1":"product","2":"type-product","3":"status-publish","4":"has-post-thumbnail","6":"product_cat-uddeling","7":"product_cat-honning-og-syltetoj","9":"first","10":"instock","11":"taxable","12":"shipping-taxable","13":"purchasable","14":"product-type-simple"},"bundle_layout":"","bundled_by":["41581","41583"],"bundled_items":[],"acf":[],"_links":{"self":[{"href":"https:\/\/wildenherbals.com\/da\/wp-json\/wp\/v2\/product\/41609","targetHints":{"allow":["GET"]}}],"collection":[{"href":"https:\/\/wildenherbals.com\/da\/wp-json\/wp\/v2\/product"}],"about":[{"href":"https:\/\/wildenherbals.com\/da\/wp-json\/wp\/v2\/types\/product"}],"wp:featuredmedia":[{"embeddable":true,"href":"https:\/\/wildenherbals.com\/da\/wp-json\/wp\/v2\/media\/41610"}],"wp:attachment":[{"href":"https:\/\/wildenherbals.com\/da\/wp-json\/wp\/v2\/media?parent=41609"}],"wp:term":[{"taxonomy":"product_brand","embeddable":true,"href":"https:\/\/wildenherbals.com\/da\/wp-json\/wp\/v2\/product_brand?post=41609"},{"taxonomy":"product_cat","embeddable":true,"href":"https:\/\/wildenherbals.com\/da\/wp-json\/wp\/v2\/product_cat?post=41609"},{"taxonomy":"product_tag","embeddable":true,"href":"https:\/\/wildenherbals.com\/da\/wp-json\/wp\/v2\/product_tag?post=41609"},{"taxonomy":"partner","embeddable":true,"href":"https:\/\/wildenherbals.com\/da\/wp-json\/wp\/v2\/partner?post=41609"},{"taxonomy":"line","embeddable":true,"href":"https:\/\/wildenherbals.com\/da\/wp-json\/wp\/v2\/line?post=41609"}],"curies":[{"name":"wp","href":"https:\/\/api.w.org\/{rel}","templated":true}]}}