{"id":41547,"date":"2023-01-30T22:32:26","date_gmt":"2025-05-30T14:03:29","guid":{"rendered":"https:\/\/wildenherbals.com\/shop\/Ikke%20kategoriseret\/quietea-oekologisk-urtete\/"},"modified":"2025-05-31T09:58:44","modified_gmt":"2025-05-31T07:58:44","slug":"quietea-oekologisk-urtete","status":"publish","type":"product","link":"https:\/\/wildenherbals.com\/da\/shop\/urteteer\/quietea-oekologisk-urtete\/","title":{"rendered":"QuieTea \u00f8kologisk urtete"},"content":{"rendered":"<p><span style=\"font-weight: 400;\">QuieTea er en urtete, der hj\u00e6lper med at slappe af og fremmer det mentale velbefindende takket v\u00e6re egenskaberne i kamille og tj\u00f8rn. Egenskaberne i rhodiola hj\u00e6lper med at afbalancere hum\u00f8ret og bek\u00e6mpe fysisk og mental tr\u00e6thed. <\/span><\/p>\n<p><span style=\"font-weight: 400;\">QuieTea har tydelige s\u00f8de og blomsteragtige noter af kamille og hvidtj\u00f8rn sammen med et strejf af rose fra rhodiola. Resultatet er frisk og delikat i duften og s\u00f8d i smagen, men samtidig d\u00e6mpet af de mere bitre noter fra appelsin. <\/span><\/p>\n<p><b>Indikationer for forbrug<\/b><\/p>\n<p><i><span style=\"font-weight: 400;\">Dosis og tilstand<\/span><\/i><\/p>\n<p><span style=\"font-weight: 400;\">Lad 1 pose tr\u00e6kke i 7-9 minutter i 300-500 ml 95\u00b0 vand.<\/span><\/p>\n<p><span style=\"font-weight: 400;\">Det anbefales ikke at overskride 2 poser om dagen.<\/span><\/p>\n<p>&nbsp;<\/p>\n<p><i><span style=\"font-weight: 400;\">Wilden.herbals Health urteteer er kosttilskud<\/span><\/i><\/p>\n<p><span style=\"font-weight: 400;\">Overskrid ikke den anbefalede daglige dosis. Kosttilskud b\u00f8r ikke bruges som erstatning for en varieret kost og en sund livsstil. Opbevares utilg\u00e6ngeligt for b\u00f8rn under tre \u00e5r. Overdreven indtagelse kan virke aff\u00f8rende.   <\/span><\/p>\n","protected":false},"excerpt":{"rendered":"<p>QuieTea er en urtete, der hj\u00e6lper med at slappe af og fremmer det mentale velbefindende takket v\u00e6re egenskaberne i kamille og tj\u00f8rn. Egenskaberne i rhodiola hj\u00e6lper med at afbalancere hum\u00f8ret og bek\u00e6mpe fysisk og mental tr\u00e6thed. QuieTea har tydelige s\u00f8de og blomsteragtige noter af kamille og hvidtj\u00f8rn sammen med et strejf af rose fra rhodiola. [&hellip;]<\/p>\n","protected":false},"featured_media":41548,"template":"","meta":{"_acf_changed":false,"inline_featured_image":false,"_mbp_gutenberg_autopost":false},"product_brand":[],"product_cat":[1423,1450],"product_tag":[1459,1461],"partner":[],"line":[1560,1561],"class_list":{"0":"post-41547","1":"product","2":"type-product","3":"status-publish","4":"has-post-thumbnail","6":"product_cat-urteteer","7":"product_cat-i-pose","8":"product_tag-rolig","9":"product_tag-velbefindende","10":"line-sundhedslinjen","11":"line-wilden-herbals-sundhed","13":"first","14":"outofstock","15":"taxable","16":"shipping-taxable","17":"purchasable","18":"product-type-variable"},"bundle_layout":"","bundled_by":[],"bundled_items":[],"acf":[],"_links":{"self":[{"href":"https:\/\/wildenherbals.com\/da\/wp-json\/wp\/v2\/product\/41547","targetHints":{"allow":["GET"]}}],"collection":[{"href":"https:\/\/wildenherbals.com\/da\/wp-json\/wp\/v2\/product"}],"about":[{"href":"https:\/\/wildenherbals.com\/da\/wp-json\/wp\/v2\/types\/product"}],"wp:featuredmedia":[{"embeddable":true,"href":"https:\/\/wildenherbals.com\/da\/wp-json\/wp\/v2\/media\/41548"}],"wp:attachment":[{"href":"https:\/\/wildenherbals.com\/da\/wp-json\/wp\/v2\/media?parent=41547"}],"wp:term":[{"taxonomy":"product_brand","embeddable":true,"href":"https:\/\/wildenherbals.com\/da\/wp-json\/wp\/v2\/product_brand?post=41547"},{"taxonomy":"product_cat","embeddable":true,"href":"https:\/\/wildenherbals.com\/da\/wp-json\/wp\/v2\/product_cat?post=41547"},{"taxonomy":"product_tag","embeddable":true,"href":"https:\/\/wildenherbals.com\/da\/wp-json\/wp\/v2\/product_tag?post=41547"},{"taxonomy":"partner","embeddable":true,"href":"https:\/\/wildenherbals.com\/da\/wp-json\/wp\/v2\/partner?post=41547"},{"taxonomy":"line","embeddable":true,"href":"https:\/\/wildenherbals.com\/da\/wp-json\/wp\/v2\/line?post=41547"}],"curies":[{"name":"wp","href":"https:\/\/api.w.org\/{rel}","templated":true}]}}