{"id":41514,"date":"2023-01-24T10:36:59","date_gmt":"2025-05-30T14:03:19","guid":{"rendered":"https:\/\/wildenherbals.com\/shop\/Ikke%20kategoriseret\/cistea-oekologisk-urtete\/"},"modified":"2025-06-17T17:56:37","modified_gmt":"2025-06-17T15:56:37","slug":"cistea-oekologisk-urtete","status":"publish","type":"product","link":"https:\/\/wildenherbals.com\/da\/shop\/urteteer\/cistea-oekologisk-urtete\/","title":{"rendered":"CisTea \u00f8kologisk urtete"},"content":{"rendered":"<p><span style=\"font-weight: 400;\">CisTea er en urtete med vanddrivende virkning. Bj\u00f8rneklo, eneb\u00e6r, padderokke, solb\u00e6r og majs fremmer urinvejsfunktionen, mens br\u00e6nden\u00e6lde og katost hj\u00e6lper med aff\u00f8rende og beroligende egenskaber. <\/span><\/p>\n<p><span style=\"font-weight: 400;\">CisTea har urteagtige noter af padderokke, men ogs\u00e5 mere frugtagtige noter af solb\u00e6r og blomsteragtige noter af hyldeblomst, afrundet af kanelens varme. Resultatet er en delikat, fyldig smag, der minder om krydderiernes s\u00f8dme og duften af nybagte kiks. <\/span><\/p>\n<p><b>Indikationer for forbrug<\/b><\/p>\n<p><i><span style=\"font-weight: 400;\">Dosis og tilstand<\/span><\/i><\/p>\n<p><span style=\"font-weight: 400;\">Lad 1 pose tr\u00e6kke i 7-9 minutter i 300-500 ml 95\u00b0 vand.<\/span><\/p>\n<p><span style=\"font-weight: 400;\">Det anbefales ikke at overskride 2 poser om dagen.<\/span><\/p>\n<p>&nbsp;<\/p>\n<p><i><span style=\"font-weight: 400;\">Wilden.herbals Health urteteer er kosttilskud<\/span><\/i><\/p>\n<p><span style=\"font-weight: 400;\">Overskrid ikke den anbefalede daglige dosis. Kosttilskud b\u00f8r ikke bruges som erstatning for en varieret kost og en sund livsstil. Opbevares utilg\u00e6ngeligt for b\u00f8rn under tre \u00e5r. Overdreven indtagelse kan virke aff\u00f8rende.   <\/span><\/p>\n","protected":false},"excerpt":{"rendered":"<p>CisTea er en urtete med vanddrivende virkning. Bj\u00f8rneklo, eneb\u00e6r, padderokke, solb\u00e6r og majs fremmer urinvejsfunktionen, mens br\u00e6nden\u00e6lde og katost hj\u00e6lper med aff\u00f8rende og beroligende egenskaber. CisTea har urteagtige noter af padderokke, men ogs\u00e5 mere frugtagtige noter af solb\u00e6r og blomsteragtige noter af hyldeblomst, afrundet af kanelens varme. Resultatet er en delikat, fyldig smag, der minder [&hellip;]<\/p>\n","protected":false},"featured_media":41518,"template":"","meta":{"_acf_changed":false,"inline_featured_image":false,"_mbp_gutenberg_autopost":false},"product_brand":[],"product_cat":[1423,1450],"product_tag":[1461],"partner":[],"line":[1560,1561],"class_list":{"0":"post-41514","1":"product","2":"type-product","3":"status-publish","4":"has-post-thumbnail","6":"product_cat-urteteer","7":"product_cat-i-pose","8":"product_tag-velbefindende","9":"line-sundhedslinjen","10":"line-wilden-herbals-sundhed","12":"first","13":"instock","14":"taxable","15":"shipping-taxable","16":"purchasable","17":"product-type-variable"},"bundle_layout":"","bundled_by":[],"bundled_items":[],"acf":[],"_links":{"self":[{"href":"https:\/\/wildenherbals.com\/da\/wp-json\/wp\/v2\/product\/41514","targetHints":{"allow":["GET"]}}],"collection":[{"href":"https:\/\/wildenherbals.com\/da\/wp-json\/wp\/v2\/product"}],"about":[{"href":"https:\/\/wildenherbals.com\/da\/wp-json\/wp\/v2\/types\/product"}],"wp:featuredmedia":[{"embeddable":true,"href":"https:\/\/wildenherbals.com\/da\/wp-json\/wp\/v2\/media\/41518"}],"wp:attachment":[{"href":"https:\/\/wildenherbals.com\/da\/wp-json\/wp\/v2\/media?parent=41514"}],"wp:term":[{"taxonomy":"product_brand","embeddable":true,"href":"https:\/\/wildenherbals.com\/da\/wp-json\/wp\/v2\/product_brand?post=41514"},{"taxonomy":"product_cat","embeddable":true,"href":"https:\/\/wildenherbals.com\/da\/wp-json\/wp\/v2\/product_cat?post=41514"},{"taxonomy":"product_tag","embeddable":true,"href":"https:\/\/wildenherbals.com\/da\/wp-json\/wp\/v2\/product_tag?post=41514"},{"taxonomy":"partner","embeddable":true,"href":"https:\/\/wildenherbals.com\/da\/wp-json\/wp\/v2\/partner?post=41514"},{"taxonomy":"line","embeddable":true,"href":"https:\/\/wildenherbals.com\/da\/wp-json\/wp\/v2\/line?post=41514"}],"curies":[{"name":"wp","href":"https:\/\/api.w.org\/{rel}","templated":true}]}}