{"id":41513,"date":"2023-01-24T10:34:01","date_gmt":"2025-05-30T14:03:19","guid":{"rendered":"https:\/\/wildenherbals.com\/shop\/Ikke%20kategoriseret\/precycle-oekologisk-urtete\/"},"modified":"2025-05-31T09:59:14","modified_gmt":"2025-05-31T07:59:14","slug":"precycle-oekologisk-urtete","status":"publish","type":"product","link":"https:\/\/wildenherbals.com\/da\/shop\/urteteer\/precycle-oekologisk-urtete\/","title":{"rendered":"PreCycle \u00f8kologisk urtete"},"content":{"rendered":"<p><span style=\"font-weight: 400;\">PreCycle er en urtete, der hj\u00e6lper dig med at opleve din menstruationscyklus mere fredeligt takket v\u00e6re egenskaberne i ingef\u00e6r, kastanjeb\u00e6r og r\u00f8llike, som modvirker kramper og maveforstyrrelser. Citronmelisse er en v\u00e6rdifuld allieret, der giver lindring og afslapning og afbalancerer hum\u00f8ret. <\/span><\/p>\n<p><span style=\"font-weight: 400;\">PreCycle har st\u00e6rke noter af roser og citronmelisse, der varmes op af krydret ingef\u00e6r. Resultatet er en aromatisk buket med rosenknoppernes blomsteragtige personlighed med mere snerpende accenter af underskov og br\u00e6ndt tr\u00e6. <\/span><\/p>\n<p><b>Indikationer for forbrug<\/b><\/p>\n<p><i><span style=\"font-weight: 400;\">Dosis og tilstand<\/span><\/i><\/p>\n<p><span style=\"font-weight: 400;\">Lad 1 pose tr\u00e6kke i 7-9 minutter i 300-500 ml 95\u00b0 vand.<\/span><\/p>\n<p><span style=\"font-weight: 400;\">Det anbefales ikke at overskride 2 poser om dagen.<\/span><\/p>\n<p>&nbsp;<\/p>\n<p><i><span style=\"font-weight: 400;\">Wilden.herbals Health urteteer er kosttilskud<\/span><\/i><\/p>\n<p><span style=\"font-weight: 400;\">Overskrid ikke den anbefalede daglige dosis. Kosttilskud b\u00f8r ikke bruges som erstatning for en varieret kost og en sund livsstil. Opbevares utilg\u00e6ngeligt for b\u00f8rn under tre \u00e5r. Overdreven indtagelse kan virke aff\u00f8rende.   <\/span><\/p>\n","protected":false},"excerpt":{"rendered":"<p>PreCycle er en urtete, der hj\u00e6lper dig med at opleve din menstruationscyklus mere fredeligt takket v\u00e6re egenskaberne i ingef\u00e6r, kastanjeb\u00e6r og r\u00f8llike, som modvirker kramper og maveforstyrrelser. Citronmelisse er en v\u00e6rdifuld allieret, der giver lindring og afslapning og afbalancerer hum\u00f8ret. PreCycle har st\u00e6rke noter af roser og citronmelisse, der varmes op af krydret ingef\u00e6r. Resultatet [&hellip;]<\/p>\n","protected":false},"featured_media":41515,"template":"","meta":{"_acf_changed":false,"inline_featured_image":false,"_mbp_gutenberg_autopost":false},"product_brand":[],"product_cat":[1423,1450],"product_tag":[1461],"partner":[],"line":[1560,1561],"class_list":{"0":"post-41513","1":"product","2":"type-product","3":"status-publish","4":"has-post-thumbnail","6":"product_cat-urteteer","7":"product_cat-i-pose","8":"product_tag-velbefindende","9":"line-sundhedslinjen","10":"line-wilden-herbals-sundhed","12":"first","13":"instock","14":"taxable","15":"shipping-taxable","16":"purchasable","17":"product-type-variable"},"bundle_layout":"","bundled_by":[],"bundled_items":[],"acf":[],"_links":{"self":[{"href":"https:\/\/wildenherbals.com\/da\/wp-json\/wp\/v2\/product\/41513","targetHints":{"allow":["GET"]}}],"collection":[{"href":"https:\/\/wildenherbals.com\/da\/wp-json\/wp\/v2\/product"}],"about":[{"href":"https:\/\/wildenherbals.com\/da\/wp-json\/wp\/v2\/types\/product"}],"wp:featuredmedia":[{"embeddable":true,"href":"https:\/\/wildenherbals.com\/da\/wp-json\/wp\/v2\/media\/41515"}],"wp:attachment":[{"href":"https:\/\/wildenherbals.com\/da\/wp-json\/wp\/v2\/media?parent=41513"}],"wp:term":[{"taxonomy":"product_brand","embeddable":true,"href":"https:\/\/wildenherbals.com\/da\/wp-json\/wp\/v2\/product_brand?post=41513"},{"taxonomy":"product_cat","embeddable":true,"href":"https:\/\/wildenherbals.com\/da\/wp-json\/wp\/v2\/product_cat?post=41513"},{"taxonomy":"product_tag","embeddable":true,"href":"https:\/\/wildenherbals.com\/da\/wp-json\/wp\/v2\/product_tag?post=41513"},{"taxonomy":"partner","embeddable":true,"href":"https:\/\/wildenherbals.com\/da\/wp-json\/wp\/v2\/partner?post=41513"},{"taxonomy":"line","embeddable":true,"href":"https:\/\/wildenherbals.com\/da\/wp-json\/wp\/v2\/line?post=41513"}],"curies":[{"name":"wp","href":"https:\/\/api.w.org\/{rel}","templated":true}]}}