{"id":41497,"date":"2023-01-24T10:40:20","date_gmt":"2025-05-30T14:03:08","guid":{"rendered":"https:\/\/wildenherbals.com\/shop\/Ikke%20kategoriseret\/nateavity-oekologisk-urtete\/"},"modified":"2025-05-31T09:58:56","modified_gmt":"2025-05-31T07:58:56","slug":"nateavity-oekologisk-urtete","status":"publish","type":"product","link":"https:\/\/wildenherbals.com\/da\/shop\/urteteer\/nateavity-oekologisk-urtete\/","title":{"rendered":"NaTeavity \u00f8kologisk urtete"},"content":{"rendered":"<p><span style=\"font-weight: 400;\">NaTeavity er en urtete, der underst\u00f8tter produktionen af brystm\u00e6lk takket v\u00e6re galega- og alfa-egenskaberne og fennikelens dr\u00e6nende effekt. Den ford\u00f8jelsesfremmende virkning af anis og verbena underst\u00f8tter velv\u00e6ret under amning. <\/span><\/p>\n<p><span style=\"font-weight: 400;\">NaTeavity har en udpr\u00e6get urtesmag med galega, s\u00f8de noter af anis og fennikel og citrusagtig lethed fra citron og verbena. Resultatet er en kompleks aromatisk bouquet, der minder om nysl\u00e5et gr\u00e6s og en naturlig, afslappende friskhed. <\/span><\/p>\n<p><b>Indikationer for forbrug<\/b><\/p>\n<p><i><span style=\"font-weight: 400;\">Dosis og tilstand<\/span><\/i><\/p>\n<p><span style=\"font-weight: 400;\">Lad 1 pose tr\u00e6kke i 7-9 minutter i 300-500 ml 95\u00b0 vand.<\/span><\/p>\n<p><span style=\"font-weight: 400;\">Det anbefales ikke at overskride 2 poser om dagen.<\/span><\/p>\n<p>&nbsp;<\/p>\n<p><i><span style=\"font-weight: 400;\">Wilden.herbals Health urteteer er kosttilskud<\/span><\/i><\/p>\n<p><span style=\"font-weight: 400;\">Overskrid ikke den anbefalede daglige dosis. Kosttilskud b\u00f8r ikke bruges som erstatning for en varieret kost og en sund livsstil. Opbevares utilg\u00e6ngeligt for b\u00f8rn under tre \u00e5r. Overdreven indtagelse kan virke aff\u00f8rende.   <\/span><\/p>\n","protected":false},"excerpt":{"rendered":"<p>NaTeavity er en urtete, der underst\u00f8tter produktionen af brystm\u00e6lk takket v\u00e6re galega- og alfa-egenskaberne og fennikelens dr\u00e6nende effekt. Den ford\u00f8jelsesfremmende virkning af anis og verbena underst\u00f8tter velv\u00e6ret under amning. NaTeavity har en udpr\u00e6get urtesmag med galega, s\u00f8de noter af anis og fennikel og citrusagtig lethed fra citron og verbena. Resultatet er en kompleks aromatisk bouquet, [&hellip;]<\/p>\n","protected":false},"featured_media":41498,"template":"","meta":{"_acf_changed":false,"inline_featured_image":false,"_mbp_gutenberg_autopost":false},"product_brand":[],"product_cat":[1423,1450],"product_tag":[1461],"partner":[],"line":[1560,1561],"class_list":{"0":"post-41497","1":"product","2":"type-product","3":"status-publish","4":"has-post-thumbnail","6":"product_cat-urteteer","7":"product_cat-i-pose","8":"product_tag-velbefindende","9":"line-sundhedslinjen","10":"line-wilden-herbals-sundhed","12":"first","13":"instock","14":"taxable","15":"shipping-taxable","16":"purchasable","17":"product-type-variable"},"bundle_layout":"","bundled_by":[],"bundled_items":[],"acf":[],"_links":{"self":[{"href":"https:\/\/wildenherbals.com\/da\/wp-json\/wp\/v2\/product\/41497","targetHints":{"allow":["GET"]}}],"collection":[{"href":"https:\/\/wildenherbals.com\/da\/wp-json\/wp\/v2\/product"}],"about":[{"href":"https:\/\/wildenherbals.com\/da\/wp-json\/wp\/v2\/types\/product"}],"wp:featuredmedia":[{"embeddable":true,"href":"https:\/\/wildenherbals.com\/da\/wp-json\/wp\/v2\/media\/41498"}],"wp:attachment":[{"href":"https:\/\/wildenherbals.com\/da\/wp-json\/wp\/v2\/media?parent=41497"}],"wp:term":[{"taxonomy":"product_brand","embeddable":true,"href":"https:\/\/wildenherbals.com\/da\/wp-json\/wp\/v2\/product_brand?post=41497"},{"taxonomy":"product_cat","embeddable":true,"href":"https:\/\/wildenherbals.com\/da\/wp-json\/wp\/v2\/product_cat?post=41497"},{"taxonomy":"product_tag","embeddable":true,"href":"https:\/\/wildenherbals.com\/da\/wp-json\/wp\/v2\/product_tag?post=41497"},{"taxonomy":"partner","embeddable":true,"href":"https:\/\/wildenherbals.com\/da\/wp-json\/wp\/v2\/partner?post=41497"},{"taxonomy":"line","embeddable":true,"href":"https:\/\/wildenherbals.com\/da\/wp-json\/wp\/v2\/line?post=41497"}],"curies":[{"name":"wp","href":"https:\/\/api.w.org\/{rel}","templated":true}]}}