{"id":41496,"date":"2023-11-02T11:57:03","date_gmt":"2025-05-30T14:03:08","guid":{"rendered":"https:\/\/wildenherbals.com\/shop\/Ikke%20kategoriseret\/remedia-energize-3-mix-48-poser-morgen-boost-og-fokus-2\/"},"modified":"2025-05-31T10:18:47","modified_gmt":"2025-05-31T08:18:47","slug":"remedia-energize-3-mix-48-poser-morgen-boost-og-fokus-2","status":"publish","type":"product","link":"https:\/\/wildenherbals.com\/da\/shop\/gaveaeske\/blanding-boks\/remedia-energize-3-mix-48-poser-morgen-boost-og-fokus-2\/","title":{"rendered":"Remedia Energize 3 Mix &#8211; 48 poser &#8211; Morgen, boost og fokus"},"content":{"rendered":"<p>Vores \u00f8kologiske infusioner er skabt til at hj\u00e6lpe dig med at leve i nuet og give dig energi p\u00e5 en naturlig m\u00e5de, og vi bruger de bedste l\u00e6geplanter med opkvikkende egenskaber til at give dig et ekstra boost og f\u00e5 dig til at f\u00f8le dig godt tilpas.<\/p>\n<p>Wildens Remedia urteteer er kombineret med en sund livsstil og en velsmagende, varieret og afbalanceret kost ideelle til at tage vare p\u00e5 dig selv.<\/p>\n<p>48 breve<\/p>\n<p>Remedium 0 &#8211; Morning<br \/>\nRemedium 2 &#8211; Boost<br \/>\nRemedium 5 &#8211; Focus<\/p>\n","protected":false},"excerpt":{"rendered":"<p>Vores \u00f8kologiske infusioner er skabt til at hj\u00e6lpe dig med at leve i nuet og give dig energi p\u00e5 en naturlig m\u00e5de, og vi bruger de bedste l\u00e6geplanter med opkvikkende egenskaber til at give dig et ekstra boost og f\u00e5 dig til at f\u00f8le dig godt tilpas. Wildens Remedia urteteer er kombineret med en sund [&hellip;]<\/p>\n","protected":false},"featured_media":41334,"template":"","meta":{"_acf_changed":false,"inline_featured_image":false,"_mbp_gutenberg_autopost":false},"product_brand":[],"product_cat":[1420,1419],"product_tag":[],"partner":[],"line":[],"class_list":{"0":"post-41496","1":"product","2":"type-product","3":"status-publish","4":"has-post-thumbnail","6":"product_cat-blanding-boks","7":"product_cat-bland","9":"first","10":"instock","11":"taxable","12":"shipping-taxable","13":"purchasable","14":"product-type-simple"},"bundle_layout":"","bundled_by":[],"bundled_items":[],"acf":[],"_links":{"self":[{"href":"https:\/\/wildenherbals.com\/da\/wp-json\/wp\/v2\/product\/41496","targetHints":{"allow":["GET"]}}],"collection":[{"href":"https:\/\/wildenherbals.com\/da\/wp-json\/wp\/v2\/product"}],"about":[{"href":"https:\/\/wildenherbals.com\/da\/wp-json\/wp\/v2\/types\/product"}],"wp:featuredmedia":[{"embeddable":true,"href":"https:\/\/wildenherbals.com\/da\/wp-json\/wp\/v2\/media\/41334"}],"wp:attachment":[{"href":"https:\/\/wildenherbals.com\/da\/wp-json\/wp\/v2\/media?parent=41496"}],"wp:term":[{"taxonomy":"product_brand","embeddable":true,"href":"https:\/\/wildenherbals.com\/da\/wp-json\/wp\/v2\/product_brand?post=41496"},{"taxonomy":"product_cat","embeddable":true,"href":"https:\/\/wildenherbals.com\/da\/wp-json\/wp\/v2\/product_cat?post=41496"},{"taxonomy":"product_tag","embeddable":true,"href":"https:\/\/wildenherbals.com\/da\/wp-json\/wp\/v2\/product_tag?post=41496"},{"taxonomy":"partner","embeddable":true,"href":"https:\/\/wildenherbals.com\/da\/wp-json\/wp\/v2\/partner?post=41496"},{"taxonomy":"line","embeddable":true,"href":"https:\/\/wildenherbals.com\/da\/wp-json\/wp\/v2\/line?post=41496"}],"curies":[{"name":"wp","href":"https:\/\/api.w.org\/{rel}","templated":true}]}}