{"id":41489,"date":"2023-11-03T15:56:14","date_gmt":"2023-11-03T14:56:14","guid":{"rendered":"https:\/\/wildenherbals.com\/shop\/Ikke%20kategoriseret\/wilden-krus-havre-og-maelk-af-giulia-valentino-ceramics\/"},"modified":"2025-09-29T20:21:23","modified_gmt":"2025-09-29T18:21:23","slug":"wilden-krus-havre-og-maelk-af-giulia-valentino-ceramics","status":"publish","type":"product","link":"https:\/\/wildenherbals.com\/da\/shop\/tilbehor\/wilden-krus-havre-og-maelk-af-giulia-valentino-ceramics\/","title":{"rendered":"Wilden. krus | Havre og M\u00c6LK af Giulia Valentino Ceramics"},"content":{"rendered":"<p>Bl\u00f8dt formet krus med ergonomisk h\u00e5nddrejet hank.<\/p>\n<p>Fremstillet p\u00e5 pottemagerens drejeskive af fransk brunt\/spansk hvidt stent\u00f8j, glaseret med hvid satinemalje. De semi-ildfaste blandinger med et h\u00f8jt chamotteindhold, br\u00e6ndt ved 1260\u00b0C, garanterer minimal por\u00f8sitet i materialet og fremragende styrke; glasuren bruger kun ingredienser fra europ\u00e6iske kilder og er f\u00f8devaresikkerhedscertificeret. <\/p>\n<p>Den kan vaskes i opvaskemaskinen.<\/p>\n","protected":false},"excerpt":{"rendered":"<p>Bl\u00f8dt formet krus med ergonomisk h\u00e5nddrejet hank. Fremstillet p\u00e5 pottemagerens drejeskive af fransk brunt\/spansk hvidt stent\u00f8j, glaseret med hvid satinemalje. De semi-ildfaste blandinger med et h\u00f8jt chamotteindhold, br\u00e6ndt ved 1260\u00b0C, garanterer minimal por\u00f8sitet i materialet og fremragende styrke; glasuren bruger kun ingredienser fra europ\u00e6iske kilder og er f\u00f8devaresikkerhedscertificeret. Den kan vaskes i opvaskemaskinen.<\/p>\n","protected":false},"featured_media":41490,"template":"","meta":{"_acf_changed":false,"inline_featured_image":false,"_mbp_gutenberg_autopost":false},"product_brand":[],"product_cat":[1416,1417],"product_tag":[],"partner":[],"line":[],"class_list":{"0":"post-41489","1":"product","2":"type-product","3":"status-publish","4":"has-post-thumbnail","6":"product_cat-tilbehor","7":"product_cat-flasker-kopper-og-tekander","9":"first","10":"instock","11":"taxable","12":"shipping-taxable","13":"purchasable","14":"product-type-variable"},"bundle_layout":"","bundled_by":[],"bundled_items":[],"acf":[],"_links":{"self":[{"href":"https:\/\/wildenherbals.com\/da\/wp-json\/wp\/v2\/product\/41489","targetHints":{"allow":["GET"]}}],"collection":[{"href":"https:\/\/wildenherbals.com\/da\/wp-json\/wp\/v2\/product"}],"about":[{"href":"https:\/\/wildenherbals.com\/da\/wp-json\/wp\/v2\/types\/product"}],"wp:featuredmedia":[{"embeddable":true,"href":"https:\/\/wildenherbals.com\/da\/wp-json\/wp\/v2\/media\/41490"}],"wp:attachment":[{"href":"https:\/\/wildenherbals.com\/da\/wp-json\/wp\/v2\/media?parent=41489"}],"wp:term":[{"taxonomy":"product_brand","embeddable":true,"href":"https:\/\/wildenherbals.com\/da\/wp-json\/wp\/v2\/product_brand?post=41489"},{"taxonomy":"product_cat","embeddable":true,"href":"https:\/\/wildenherbals.com\/da\/wp-json\/wp\/v2\/product_cat?post=41489"},{"taxonomy":"product_tag","embeddable":true,"href":"https:\/\/wildenherbals.com\/da\/wp-json\/wp\/v2\/product_tag?post=41489"},{"taxonomy":"partner","embeddable":true,"href":"https:\/\/wildenherbals.com\/da\/wp-json\/wp\/v2\/partner?post=41489"},{"taxonomy":"line","embeddable":true,"href":"https:\/\/wildenherbals.com\/da\/wp-json\/wp\/v2\/line?post=41489"}],"curies":[{"name":"wp","href":"https:\/\/api.w.org\/{rel}","templated":true}]}}