{"id":41485,"date":"2023-11-07T10:29:29","date_gmt":"2025-05-30T14:02:52","guid":{"rendered":"https:\/\/wildenherbals.com\/shop\/Ikke%20kategoriseret\/mix-purify-3-remedia-48-poser-fordoejelse-toemmermaend-og-detox-2\/"},"modified":"2025-05-31T10:18:39","modified_gmt":"2025-05-31T08:18:39","slug":"mix-purify-3-remedia-48-poser-fordoejelse-toemmermaend-og-detox-2","status":"publish","type":"product","link":"https:\/\/wildenherbals.com\/da\/shop\/gaveaeske\/blanding-boks\/mix-purify-3-remedia-48-poser-fordoejelse-toemmermaend-og-detox-2\/","title":{"rendered":"Mix Purify 3 Remedia &#8211; 48 poser &#8211; ford\u00f8jelse, t\u00f8mmerm\u00e6nd og detox"},"content":{"rendered":"<p>Vores \u00f8kologiske infusioner er skabt til at st\u00f8tte og styrke din krops naturlige processer og bruger de bedste l\u00e6geplanter med rensende egenskaber til at hj\u00e6lpe dig med at genvinde din balance og omfavne en ny rytme.<\/p>\n<p>Wildens Remedia urteteer er kombineret med en sund livsstil og en velsmagende, varieret og afbalanceret kost ideelle til at tage vare p\u00e5 dig selv.<\/p>\n<p>48 poser<\/p>\n<p>Remedium 3 &#8211; Ford\u00f8jelse<br \/>\nRemedium 4 &#8211; T\u00f8mmerm\u00e6nd<br \/>\nRemedium 7 &#8211; Detox<\/p>\n","protected":false},"excerpt":{"rendered":"<p>Vores \u00f8kologiske infusioner er skabt til at st\u00f8tte og styrke din krops naturlige processer og bruger de bedste l\u00e6geplanter med rensende egenskaber til at hj\u00e6lpe dig med at genvinde din balance og omfavne en ny rytme. Wildens Remedia urteteer er kombineret med en sund livsstil og en velsmagende, varieret og afbalanceret kost ideelle til at [&hellip;]<\/p>\n","protected":false},"featured_media":41344,"template":"","meta":{"_acf_changed":false,"inline_featured_image":false,"_mbp_gutenberg_autopost":false},"product_brand":[],"product_cat":[1419,1420],"product_tag":[],"partner":[],"line":[],"class_list":{"0":"post-41485","1":"product","2":"type-product","3":"status-publish","4":"has-post-thumbnail","6":"product_cat-bland","7":"product_cat-blanding-boks","9":"first","10":"instock","11":"taxable","12":"shipping-taxable","13":"purchasable","14":"product-type-simple"},"bundle_layout":"","bundled_by":[],"bundled_items":[],"acf":[],"_links":{"self":[{"href":"https:\/\/wildenherbals.com\/da\/wp-json\/wp\/v2\/product\/41485","targetHints":{"allow":["GET"]}}],"collection":[{"href":"https:\/\/wildenherbals.com\/da\/wp-json\/wp\/v2\/product"}],"about":[{"href":"https:\/\/wildenherbals.com\/da\/wp-json\/wp\/v2\/types\/product"}],"wp:featuredmedia":[{"embeddable":true,"href":"https:\/\/wildenherbals.com\/da\/wp-json\/wp\/v2\/media\/41344"}],"wp:attachment":[{"href":"https:\/\/wildenherbals.com\/da\/wp-json\/wp\/v2\/media?parent=41485"}],"wp:term":[{"taxonomy":"product_brand","embeddable":true,"href":"https:\/\/wildenherbals.com\/da\/wp-json\/wp\/v2\/product_brand?post=41485"},{"taxonomy":"product_cat","embeddable":true,"href":"https:\/\/wildenherbals.com\/da\/wp-json\/wp\/v2\/product_cat?post=41485"},{"taxonomy":"product_tag","embeddable":true,"href":"https:\/\/wildenherbals.com\/da\/wp-json\/wp\/v2\/product_tag?post=41485"},{"taxonomy":"partner","embeddable":true,"href":"https:\/\/wildenherbals.com\/da\/wp-json\/wp\/v2\/partner?post=41485"},{"taxonomy":"line","embeddable":true,"href":"https:\/\/wildenherbals.com\/da\/wp-json\/wp\/v2\/line?post=41485"}],"curies":[{"name":"wp","href":"https:\/\/api.w.org\/{rel}","templated":true}]}}