{"id":41474,"date":"2023-11-07T10:32:11","date_gmt":"2025-05-30T14:02:50","guid":{"rendered":"https:\/\/wildenherbals.com\/shop\/Ikke%20kategoriseret\/wilden-box-3-aesker-calm\/"},"modified":"2025-05-31T09:58:39","modified_gmt":"2025-05-31T07:58:39","slug":"wilden-box-3-aesker-calm","status":"publish","type":"product","link":"https:\/\/wildenherbals.com\/da\/shop\/gaveaeske\/blanding-boks\/wilden-box-3-aesker-calm\/","title":{"rendered":"Wilden Box &#8211; 3 \u00e6sker | CALM"},"content":{"rendered":"<p>Vores \u00f8kologiske infusioner er skabt til at give dig den bedst mulige pause og inspirere til afslappende s\u00f8vn, og vi bruger de bedste l\u00e6geplanter med beroligende og afslappende egenskaber til at hj\u00e6lpe dig med at lette dagens v\u00e6gt fra dine skuldre.<\/p>\n<p>Wildens Remedia urteteer er, kombineret med en sund livsstil og en velsmagende, varieret og afbalanceret kost, ideelle til at passe p\u00e5 dig selv.<\/p>\n<p>3 kartoner med 10 poser<\/p>\n<p>Remedium 1 &#8211; Night<br \/>\nRemedium 3 &#8211; Digestive<br \/>\nRemedium 6 &#8211; Relaxation<\/p>\n","protected":false},"excerpt":{"rendered":"<p>Vores \u00f8kologiske infusioner er skabt til at give dig den bedst mulige pause og inspirere til afslappende s\u00f8vn, og vi bruger de bedste l\u00e6geplanter med beroligende og afslappende egenskaber til at hj\u00e6lpe dig med at lette dagens v\u00e6gt fra dine skuldre. Wildens Remedia urteteer er, kombineret med en sund livsstil og en velsmagende, varieret og [&hellip;]<\/p>\n","protected":false},"featured_media":41475,"template":"","meta":{"_acf_changed":false,"inline_featured_image":false,"_mbp_gutenberg_autopost":false},"product_brand":[],"product_cat":[1420,1419],"product_tag":[],"partner":[],"line":[],"class_list":{"0":"post-41474","1":"product","2":"type-product","3":"status-publish","4":"has-post-thumbnail","6":"product_cat-blanding-boks","7":"product_cat-bland","9":"first","10":"instock","11":"taxable","12":"shipping-taxable","13":"purchasable","14":"product-type-variable"},"bundle_layout":"","bundled_by":[],"bundled_items":[],"acf":[],"_links":{"self":[{"href":"https:\/\/wildenherbals.com\/da\/wp-json\/wp\/v2\/product\/41474","targetHints":{"allow":["GET"]}}],"collection":[{"href":"https:\/\/wildenherbals.com\/da\/wp-json\/wp\/v2\/product"}],"about":[{"href":"https:\/\/wildenherbals.com\/da\/wp-json\/wp\/v2\/types\/product"}],"wp:featuredmedia":[{"embeddable":true,"href":"https:\/\/wildenherbals.com\/da\/wp-json\/wp\/v2\/media\/41475"}],"wp:attachment":[{"href":"https:\/\/wildenherbals.com\/da\/wp-json\/wp\/v2\/media?parent=41474"}],"wp:term":[{"taxonomy":"product_brand","embeddable":true,"href":"https:\/\/wildenherbals.com\/da\/wp-json\/wp\/v2\/product_brand?post=41474"},{"taxonomy":"product_cat","embeddable":true,"href":"https:\/\/wildenherbals.com\/da\/wp-json\/wp\/v2\/product_cat?post=41474"},{"taxonomy":"product_tag","embeddable":true,"href":"https:\/\/wildenherbals.com\/da\/wp-json\/wp\/v2\/product_tag?post=41474"},{"taxonomy":"partner","embeddable":true,"href":"https:\/\/wildenherbals.com\/da\/wp-json\/wp\/v2\/partner?post=41474"},{"taxonomy":"line","embeddable":true,"href":"https:\/\/wildenherbals.com\/da\/wp-json\/wp\/v2\/line?post=41474"}],"curies":[{"name":"wp","href":"https:\/\/api.w.org\/{rel}","templated":true}]}}