{"id":41457,"date":"2023-11-07T10:38:32","date_gmt":"2025-05-30T14:02:49","guid":{"rendered":"https:\/\/wildenherbals.com\/shop\/Ikke%20kategoriseret\/wilden-box-3-kasser-balance\/"},"modified":"2025-05-31T09:58:39","modified_gmt":"2025-05-31T07:58:39","slug":"wilden-box-3-kasser-balance","status":"publish","type":"product","link":"https:\/\/wildenherbals.com\/da\/shop\/gaveaeske\/blanding-boks\/wilden-box-3-kasser-balance\/","title":{"rendered":"Wilden Box &#8211; 3 kasser | BALANCE"},"content":{"rendered":"<p>Vores \u00f8kologiske infusioner, der er skabt til at fremme koncentration, ro og indre velv\u00e6re, bruger de bedste l\u00e6geplanter med stimulerende og antioxidante egenskaber til at hj\u00e6lpe dig med at leve fuldt ud i nuet.<\/p>\n<p>Wildens Remedia urteteer er kombineret med en sund livsstil og en velsmagende, varieret og afbalanceret kost ideelle til at passe p\u00e5 dig selv.<\/p>\n<p>3 kasser med 10 poser hver<\/p>\n<p>Remedium 2 &#8211; Boost<br \/>\nRemedium 7 &#8211; Detox<br \/>\nRemedium 9 &#8211; Reborn<\/p>\n","protected":false},"excerpt":{"rendered":"<p>Vores \u00f8kologiske infusioner, der er skabt til at fremme koncentration, ro og indre velv\u00e6re, bruger de bedste l\u00e6geplanter med stimulerende og antioxidante egenskaber til at hj\u00e6lpe dig med at leve fuldt ud i nuet. Wildens Remedia urteteer er kombineret med en sund livsstil og en velsmagende, varieret og afbalanceret kost ideelle til at passe p\u00e5 [&hellip;]<\/p>\n","protected":false},"featured_media":41458,"template":"","meta":{"_acf_changed":false,"inline_featured_image":false,"_mbp_gutenberg_autopost":false},"product_brand":[],"product_cat":[1420,1419],"product_tag":[],"partner":[],"line":[],"class_list":{"0":"post-41457","1":"product","2":"type-product","3":"status-publish","4":"has-post-thumbnail","6":"product_cat-blanding-boks","7":"product_cat-bland","9":"first","10":"instock","11":"taxable","12":"shipping-taxable","13":"purchasable","14":"product-type-variable"},"bundle_layout":"","bundled_by":[],"bundled_items":[],"acf":[],"_links":{"self":[{"href":"https:\/\/wildenherbals.com\/da\/wp-json\/wp\/v2\/product\/41457","targetHints":{"allow":["GET"]}}],"collection":[{"href":"https:\/\/wildenherbals.com\/da\/wp-json\/wp\/v2\/product"}],"about":[{"href":"https:\/\/wildenherbals.com\/da\/wp-json\/wp\/v2\/types\/product"}],"wp:featuredmedia":[{"embeddable":true,"href":"https:\/\/wildenherbals.com\/da\/wp-json\/wp\/v2\/media\/41458"}],"wp:attachment":[{"href":"https:\/\/wildenherbals.com\/da\/wp-json\/wp\/v2\/media?parent=41457"}],"wp:term":[{"taxonomy":"product_brand","embeddable":true,"href":"https:\/\/wildenherbals.com\/da\/wp-json\/wp\/v2\/product_brand?post=41457"},{"taxonomy":"product_cat","embeddable":true,"href":"https:\/\/wildenherbals.com\/da\/wp-json\/wp\/v2\/product_cat?post=41457"},{"taxonomy":"product_tag","embeddable":true,"href":"https:\/\/wildenherbals.com\/da\/wp-json\/wp\/v2\/product_tag?post=41457"},{"taxonomy":"partner","embeddable":true,"href":"https:\/\/wildenherbals.com\/da\/wp-json\/wp\/v2\/partner?post=41457"},{"taxonomy":"line","embeddable":true,"href":"https:\/\/wildenherbals.com\/da\/wp-json\/wp\/v2\/line?post=41457"}],"curies":[{"name":"wp","href":"https:\/\/api.w.org\/{rel}","templated":true}]}}