{"id":41420,"date":"2023-11-22T14:55:04","date_gmt":"2025-05-30T14:02:24","guid":{"rendered":"https:\/\/wildenherbals.com\/shop\/Ikke%20kategoriseret\/mix-box-9-remedium-54-poser-2\/"},"modified":"2025-05-31T10:19:03","modified_gmt":"2025-05-31T08:19:03","slug":"mix-box-9-remedium-54-poser-2","status":"publish","type":"product","link":"https:\/\/wildenherbals.com\/da\/shop\/gaveaeske\/blanding-boks\/mix-box-9-remedium-54-poser-2\/","title":{"rendered":"Mix Box 9 Remedium &#8211; 54 poser"},"content":{"rendered":"<p>Remedium, fra latin \u00bbmiddel, medicin, hj\u00e6lp\u00ab.<\/p>\n<p>Wilden&#8217;s Remedia er funktionelle urteteer, der er skabt til at give dig l\u00e6kker daglig st\u00f8tte ved enhver lejlighed.<\/p>\n<p>Denne serie er resultatet af omhyggelig forskning, udv\u00e6lgelse og eksperimentering med det form\u00e5l at tilbyde infusioner, der er afbalancerede i smagen og har en synergieffekt.<\/p>\n<p>Wildens Remedia urtete kombineret med en sund livsstil og en velsmagende, varieret og afbalanceret kost er ideel til at tage vare p\u00e5 sig selv.<\/p>\n<p>54 poser (morgen, aften, boost, ford\u00f8jelse, t\u00f8mmerm\u00e6nd, fokus, afslapning, detox og genf\u00f8dsel)<\/p>\n<p>no. 6 Remedium 0 &#8211; Morgen<br \/>\nno. 6 Remedium 1 &#8211; Night<br \/>\nn. 6 Remedium 2 &#8211; Boost<br \/>\nn. 6 Remedium 3 &#8211; Ford\u00f8jelse<br \/>\nn. 6 Remedium 4 &#8211; T\u00f8mmerm\u00e6nd<br \/>\nn. 6 Remedium 5 &#8211; Fokus<br \/>\nnr. 6 Remedium 6 &#8211; Relax<br \/>\nnr. 6 Remedium 7 &#8211; Detox<br \/>\nnr. 6 Remedium 8 &#8211; Reborn         <\/p>\n<p>&nbsp;<\/p>\n<p>&nbsp;<\/p>\n","protected":false},"excerpt":{"rendered":"<p>Remedium, fra latin \u00bbmiddel, medicin, hj\u00e6lp\u00ab. Wilden&#8217;s Remedia er funktionelle urteteer, der er skabt til at give dig l\u00e6kker daglig st\u00f8tte ved enhver lejlighed. Denne serie er resultatet af omhyggelig forskning, udv\u00e6lgelse og eksperimentering med det form\u00e5l at tilbyde infusioner, der er afbalancerede i smagen og har en synergieffekt. Wildens Remedia urtete kombineret med en [&hellip;]<\/p>\n","protected":false},"featured_media":41334,"template":"","meta":{"_acf_changed":false,"inline_featured_image":false,"_mbp_gutenberg_autopost":false},"product_brand":[],"product_cat":[1420,1419],"product_tag":[],"partner":[],"line":[],"class_list":{"0":"post-41420","1":"product","2":"type-product","3":"status-publish","4":"has-post-thumbnail","6":"product_cat-blanding-boks","7":"product_cat-bland","9":"first","10":"instock","11":"taxable","12":"shipping-taxable","13":"purchasable","14":"product-type-simple"},"bundle_layout":"","bundled_by":[],"bundled_items":[],"acf":[],"_links":{"self":[{"href":"https:\/\/wildenherbals.com\/da\/wp-json\/wp\/v2\/product\/41420","targetHints":{"allow":["GET"]}}],"collection":[{"href":"https:\/\/wildenherbals.com\/da\/wp-json\/wp\/v2\/product"}],"about":[{"href":"https:\/\/wildenherbals.com\/da\/wp-json\/wp\/v2\/types\/product"}],"wp:featuredmedia":[{"embeddable":true,"href":"https:\/\/wildenherbals.com\/da\/wp-json\/wp\/v2\/media\/41334"}],"wp:attachment":[{"href":"https:\/\/wildenherbals.com\/da\/wp-json\/wp\/v2\/media?parent=41420"}],"wp:term":[{"taxonomy":"product_brand","embeddable":true,"href":"https:\/\/wildenherbals.com\/da\/wp-json\/wp\/v2\/product_brand?post=41420"},{"taxonomy":"product_cat","embeddable":true,"href":"https:\/\/wildenherbals.com\/da\/wp-json\/wp\/v2\/product_cat?post=41420"},{"taxonomy":"product_tag","embeddable":true,"href":"https:\/\/wildenherbals.com\/da\/wp-json\/wp\/v2\/product_tag?post=41420"},{"taxonomy":"partner","embeddable":true,"href":"https:\/\/wildenherbals.com\/da\/wp-json\/wp\/v2\/partner?post=41420"},{"taxonomy":"line","embeddable":true,"href":"https:\/\/wildenherbals.com\/da\/wp-json\/wp\/v2\/line?post=41420"}],"curies":[{"name":"wp","href":"https:\/\/api.w.org\/{rel}","templated":true}]}}