{"id":41384,"date":"2023-12-21T11:27:06","date_gmt":"2025-05-30T14:02:11","guid":{"rendered":"https:\/\/wildenherbals.com\/shop\/Ikke%20kategoriseret\/remedium-oekologisk-urtete-nr-8-reborn\/"},"modified":"2025-07-07T18:04:40","modified_gmt":"2025-07-07T16:04:40","slug":"remedium-oekologisk-urtete-nr-8-reborn","status":"publish","type":"product","link":"https:\/\/wildenherbals.com\/da\/shop\/urteteer\/remedium-oekologisk-urtete-nr-8-reborn\/","title":{"rendered":"Remedium \u00f8kologisk urtete nr. 8 &#8211; Reborn"},"content":{"rendered":"<p>Funktionerne i Remedium No. 8 &#8211; Reborn er dedikeret til rensning, revitalisering og \u00f8get energi. En analogi, der virker meget passende for os, er elektroniske apparater, der fra tid til anden har brug for en opdatering, en opgradering. S\u00e5 vi har ogs\u00e5 brug for et \u00f8jeblik til at genoplade os selv i den mest bogstavelige forstand, dvs. til at finde opladningen til en ny begyndelse.  <\/p>\n<p>Indtagelsesm\u00e5de: Hver pose er beregnet til brug i vand p\u00e5 op til 500 ml.<\/p>\n<p>N\u00e5r du k\u00f8ber vores urteteer i formatet med <em>30 stk. bomuldsposer<\/em>, f\u00e5r du vores praktiske og elegante <strong>bomuldspose<\/strong> som <strong>gave<\/strong>. Den er genanvendelig og perfekt som gavepakke, og det er en lille gestus, der g\u00f8r dine \u00f8jeblikke af afslapning endnu mere specielle. <\/p>\n","protected":false},"excerpt":{"rendered":"<p>Funktionerne i Remedium No. 8 &#8211; Reborn er dedikeret til rensning, revitalisering og \u00f8get energi. En analogi, der virker meget passende for os, er elektroniske apparater, der fra tid til anden har brug for en opdatering, en opgradering. S\u00e5 vi har ogs\u00e5 brug for et \u00f8jeblik til at genoplade os selv i den mest bogstavelige [&hellip;]<\/p>\n","protected":false},"featured_media":41385,"template":"","meta":{"_acf_changed":false,"inline_featured_image":false,"_mbp_gutenberg_autopost":false},"product_brand":[],"product_cat":[1423,1450],"product_tag":[1534,1457,1533,1532,1461],"partner":[],"line":[1439,1531],"class_list":{"0":"post-41384","1":"product","2":"type-product","3":"status-publish","4":"has-post-thumbnail","6":"product_cat-urteteer","7":"product_cat-i-pose","8":"product_tag-rensende-da","9":"product_tag-afslappende","10":"product_tag-rensende","11":"product_tag-revitaliserende","12":"product_tag-velbefindende","13":"line-remedia-line-da","14":"line-remedium-okologisk-urtete-nr-8-reborn","16":"first","17":"instock","18":"taxable","19":"shipping-taxable","20":"purchasable","21":"product-type-variable"},"bundle_layout":"","bundled_by":[],"bundled_items":[],"acf":[],"_links":{"self":[{"href":"https:\/\/wildenherbals.com\/da\/wp-json\/wp\/v2\/product\/41384","targetHints":{"allow":["GET"]}}],"collection":[{"href":"https:\/\/wildenherbals.com\/da\/wp-json\/wp\/v2\/product"}],"about":[{"href":"https:\/\/wildenherbals.com\/da\/wp-json\/wp\/v2\/types\/product"}],"wp:featuredmedia":[{"embeddable":true,"href":"https:\/\/wildenherbals.com\/da\/wp-json\/wp\/v2\/media\/41385"}],"wp:attachment":[{"href":"https:\/\/wildenherbals.com\/da\/wp-json\/wp\/v2\/media?parent=41384"}],"wp:term":[{"taxonomy":"product_brand","embeddable":true,"href":"https:\/\/wildenherbals.com\/da\/wp-json\/wp\/v2\/product_brand?post=41384"},{"taxonomy":"product_cat","embeddable":true,"href":"https:\/\/wildenherbals.com\/da\/wp-json\/wp\/v2\/product_cat?post=41384"},{"taxonomy":"product_tag","embeddable":true,"href":"https:\/\/wildenherbals.com\/da\/wp-json\/wp\/v2\/product_tag?post=41384"},{"taxonomy":"partner","embeddable":true,"href":"https:\/\/wildenherbals.com\/da\/wp-json\/wp\/v2\/partner?post=41384"},{"taxonomy":"line","embeddable":true,"href":"https:\/\/wildenherbals.com\/da\/wp-json\/wp\/v2\/line?post=41384"}],"curies":[{"name":"wp","href":"https:\/\/api.w.org\/{rel}","templated":true}]}}