{"id":41375,"date":"2024-11-15T13:25:58","date_gmt":"2025-05-30T14:02:09","guid":{"rendered":"https:\/\/wildenherbals.com\/shop\/Ikke%20kategoriseret\/drinking-herbs-box-cup-loes-blanding-samarbejde-wilden-codalunga\/"},"modified":"2025-05-31T10:06:24","modified_gmt":"2025-05-31T08:06:24","slug":"drinking-herbs-box-cup-loes-blanding-samarbejde-wilden-codalunga","status":"publish","type":"product","link":"https:\/\/wildenherbals.com\/da\/shop\/gaveaeske\/blanding-boks\/drinking-herbs-box-cup-loes-blanding-samarbejde-wilden-codalunga\/","title":{"rendered":"DRINKING HERBS &#8211; Box cup + l\u00f8s blanding samarbejde Wilden &#8211; Codalunga"},"content":{"rendered":"<p>Oplev raffinementet i vores gave\u00e6ske i begr\u00e6nset oplag, der er resultatet af et eksklusivt samarbejde med <strong>Codalunga<\/strong> og f\u00e5s i elegant sort og hvid. En perfekt gaveid\u00e9 til dem, der elsker den autentiske smag af urter og \u00e6terisk design. <\/p>\n<p>Indenfor finder du:<\/p>\n<ul>\n<li><strong>En 45 g d\u00e5se \u00bbBere Erbe\u00ab l\u00f8s urtete<\/strong>, en unik blanding af <strong>br\u00e6nden\u00e6lde<\/strong>, <strong>skovm\u00e6rke<\/strong>, <strong>timian<\/strong> og <strong>lime<\/strong>, designet til at hj\u00e6lpe <strong>ford\u00f8jelsen<\/strong> og tilbyde et<strong>naturligt alternativ<\/strong> til <strong>traditionelle bittere<\/strong>.<\/li>\n<li><strong>Den eksklusive aluminiumskop fra Codalunga<\/strong>, ideel til at nyde urtete, n\u00e5r den er bedst.<\/li>\n<\/ul>\n<p>&nbsp;<\/p>\n<p>Urteteen \u00bbDrink Herbs\u00ab omslutter sanserne med den friske aroma af urter, forst\u00e6rket af s\u00f8dmen fra lime, og giver en oplevelse, der minder om en afslappende tur i skoven. Perfekt til at nyde efter et m\u00e5ltid eller som et \u00f8jebliks ren velv\u00e6re. <\/p>\n","protected":false},"excerpt":{"rendered":"<p>Oplev raffinementet i vores gave\u00e6ske i begr\u00e6nset oplag, der er resultatet af et eksklusivt samarbejde med Codalunga og f\u00e5s i elegant sort og hvid. En perfekt gaveid\u00e9 til dem, der elsker den autentiske smag af urter og \u00e6terisk design. Indenfor finder du: En 45 g d\u00e5se \u00bbBere Erbe\u00ab l\u00f8s urtete, en unik blanding af br\u00e6nden\u00e6lde, [&hellip;]<\/p>\n","protected":false},"featured_media":41376,"template":"","meta":{"_acf_changed":false,"inline_featured_image":false,"_mbp_gutenberg_autopost":false},"product_brand":[],"product_cat":[1420,1419],"product_tag":[],"partner":[],"line":[],"class_list":{"0":"post-41375","1":"product","2":"type-product","3":"status-publish","4":"has-post-thumbnail","6":"product_cat-blanding-boks","7":"product_cat-bland","9":"first","10":"instock","11":"taxable","12":"shipping-taxable","13":"purchasable","14":"product-type-variable"},"bundle_layout":"","bundled_by":[],"bundled_items":[],"acf":[],"_links":{"self":[{"href":"https:\/\/wildenherbals.com\/da\/wp-json\/wp\/v2\/product\/41375","targetHints":{"allow":["GET"]}}],"collection":[{"href":"https:\/\/wildenherbals.com\/da\/wp-json\/wp\/v2\/product"}],"about":[{"href":"https:\/\/wildenherbals.com\/da\/wp-json\/wp\/v2\/types\/product"}],"wp:featuredmedia":[{"embeddable":true,"href":"https:\/\/wildenherbals.com\/da\/wp-json\/wp\/v2\/media\/41376"}],"wp:attachment":[{"href":"https:\/\/wildenherbals.com\/da\/wp-json\/wp\/v2\/media?parent=41375"}],"wp:term":[{"taxonomy":"product_brand","embeddable":true,"href":"https:\/\/wildenherbals.com\/da\/wp-json\/wp\/v2\/product_brand?post=41375"},{"taxonomy":"product_cat","embeddable":true,"href":"https:\/\/wildenherbals.com\/da\/wp-json\/wp\/v2\/product_cat?post=41375"},{"taxonomy":"product_tag","embeddable":true,"href":"https:\/\/wildenherbals.com\/da\/wp-json\/wp\/v2\/product_tag?post=41375"},{"taxonomy":"partner","embeddable":true,"href":"https:\/\/wildenherbals.com\/da\/wp-json\/wp\/v2\/partner?post=41375"},{"taxonomy":"line","embeddable":true,"href":"https:\/\/wildenherbals.com\/da\/wp-json\/wp\/v2\/line?post=41375"}],"curies":[{"name":"wp","href":"https:\/\/api.w.org\/{rel}","templated":true}]}}