{"id":41363,"date":"2025-01-27T16:21:34","date_gmt":"2025-05-30T14:01:56","guid":{"rendered":"https:\/\/wildenherbals.com\/shop\/Ikke%20kategoriseret\/tisana-21-dage-detox-boost-reborn\/"},"modified":"2025-05-31T09:58:02","modified_gmt":"2025-05-31T07:58:02","slug":"tisana-21-dage-detox-boost-reborn","status":"publish","type":"product","link":"https:\/\/wildenherbals.com\/da\/shop\/gaveaeske\/blanding-boks\/tisana-21-dage-detox-boost-reborn\/","title":{"rendered":"TiSana 21 dage (Detox, Boost &amp; Reborn)"},"content":{"rendered":"<p><strong>TiSana 21 dage &#8211; 3-ugers detox-program<\/strong><\/p>\n<p><strong><em>TiSana<\/em> 21-dages<\/strong> programmet er en wellness-kur, der er designet til at afgifte og forny kroppen p\u00e5 tre uger. Med <strong>3 udvalgte urteteer<\/strong>, der hver is\u00e6r er designet til en bestemt fase, kan du nyde en effektiv<strong> rensende<\/strong>, <strong>stimulerende<\/strong> og <strong>regenererende<\/strong> virkning. Hver uge er dedikeret til et specifikt m\u00e5l for at f\u00f8lge dig skridt for skridt mod et varigt velbefindende.  <\/p>\n<p><strong>Hvad indeholder kufferten?<\/strong><\/p>\n<p>3 forskellige urteteer, en til hver uge i programmet. 7 poser af hver type urtete (<em> en<\/em> til<em> hver ugedag)<\/em>. <\/p>\n<p><strong>Uge 1<\/strong> &#8211; Detox: En blanding af urter, der er designet til at fremme udskillelsen af ophobede giftstoffer og rense kroppen.<\/p>\n<p><strong>Uge 2<\/strong> &#8211; Boost: En energigivende urtete, der hj\u00e6lper med at \u00f8ge stofskiftet og genoplade energien.<\/p>\n<p><strong>Uge 3<\/strong> &#8211; Reborn: En regenererende blanding, der underst\u00f8tter kroppens restitutions- og genoplivningsfase.<\/p>\n<p><strong>Metode til brug:<\/strong><\/p>\n<p>Brug 1 filter pr. 500 ml varmt vand.<br \/>\nLad det tr\u00e6kke i 5-7 minutter, og d\u00e6k koppen til for at bevare urternes aktive principper.<br \/>\nFor ekstra bekvemmelighed kan du opbevare din daglige dosis TiSana i en praktisk termokande.<\/p>\n<p><em>F\u00f8lg programmet konsekvent for at opn\u00e5 en fuldst\u00e6ndig detox-effekt og en langvarig f\u00f8lelse af fornyelse.<\/em><\/p>\n","protected":false},"excerpt":{"rendered":"<p>TiSana 21 dage &#8211; 3-ugers detox-program TiSana 21-dages programmet er en wellness-kur, der er designet til at afgifte og forny kroppen p\u00e5 tre uger. Med 3 udvalgte urteteer, der hver is\u00e6r er designet til en bestemt fase, kan du nyde en effektiv rensende, stimulerende og regenererende virkning. Hver uge er dedikeret til et specifikt m\u00e5l [&hellip;]<\/p>\n","protected":false},"featured_media":41364,"template":"","meta":{"_acf_changed":false,"inline_featured_image":false,"_mbp_gutenberg_autopost":false},"product_brand":[],"product_cat":[1420,1419,1423],"product_tag":[],"partner":[],"line":[],"class_list":{"0":"post-41363","1":"product","2":"type-product","3":"status-publish","4":"has-post-thumbnail","6":"product_cat-blanding-boks","7":"product_cat-bland","8":"product_cat-urteteer","10":"first","11":"instock","12":"shipping-taxable","13":"purchasable","14":"product-type-variable"},"bundle_layout":"","bundled_by":[],"bundled_items":[],"acf":[],"_links":{"self":[{"href":"https:\/\/wildenherbals.com\/da\/wp-json\/wp\/v2\/product\/41363","targetHints":{"allow":["GET"]}}],"collection":[{"href":"https:\/\/wildenherbals.com\/da\/wp-json\/wp\/v2\/product"}],"about":[{"href":"https:\/\/wildenherbals.com\/da\/wp-json\/wp\/v2\/types\/product"}],"wp:featuredmedia":[{"embeddable":true,"href":"https:\/\/wildenherbals.com\/da\/wp-json\/wp\/v2\/media\/41364"}],"wp:attachment":[{"href":"https:\/\/wildenherbals.com\/da\/wp-json\/wp\/v2\/media?parent=41363"}],"wp:term":[{"taxonomy":"product_brand","embeddable":true,"href":"https:\/\/wildenherbals.com\/da\/wp-json\/wp\/v2\/product_brand?post=41363"},{"taxonomy":"product_cat","embeddable":true,"href":"https:\/\/wildenherbals.com\/da\/wp-json\/wp\/v2\/product_cat?post=41363"},{"taxonomy":"product_tag","embeddable":true,"href":"https:\/\/wildenherbals.com\/da\/wp-json\/wp\/v2\/product_tag?post=41363"},{"taxonomy":"partner","embeddable":true,"href":"https:\/\/wildenherbals.com\/da\/wp-json\/wp\/v2\/partner?post=41363"},{"taxonomy":"line","embeddable":true,"href":"https:\/\/wildenherbals.com\/da\/wp-json\/wp\/v2\/line?post=41363"}],"curies":[{"name":"wp","href":"https:\/\/api.w.org\/{rel}","templated":true}]}}