{"id":41201,"date":"2020-06-23T11:21:00","date_gmt":"2020-06-23T09:21:00","guid":{"rendered":"https:\/\/wildenherbals.com\/shop\/Ikke%20kategoriseret\/tekande-af-glas\/"},"modified":"2025-10-14T12:09:36","modified_gmt":"2025-10-14T10:09:36","slug":"tekande-af-glas","status":"publish","type":"product","link":"https:\/\/wildenherbals.com\/da\/shop\/tilbehor\/tekande-af-glas\/","title":{"rendered":"Tekande af glas"},"content":{"rendered":"<p><strong>Wilden.herbals-glaskanden<\/strong> er det perfekte tilbeh\u00f8r til dem, der \u00f8nsker at fordybe sig i den autentiske oplevelse af naturlige infusioner. Den er lavet af holdbart glas og har et raffineret design og er designet til at fremh\u00e6ve alle nuancer og aromaer i urteteer fra Wilden.herbals. <a href=\"https:\/\/wildenherbals.com\/da\/product-type\/urteteer\/?filter_line=linea-remedia\" target=\"_blank\" rel=\"noopener\"><strong>linje<\/strong> <strong>Remedia<\/strong><\/a>og giver dig mulighed for at beundre de sarte farver under tilberedningen. <\/p>\n<p>Denne tekande er ideel som gave, is\u00e6r sammen med en eller flere <strong>Remedia<\/strong> urteteer, og er en invitation til at opdage et dagligt ritual med <em>langsom<\/em> wellness. Med hver infusion vil du fork\u00e6le dig selv med et \u00f8jeblik af ren ro og harmoni, perfekt til dem, der s\u00e6tter pris p\u00e5 afslappende pauser og autentiske naturlige smagsoplevelser. <\/p>\n<p>\u2713 Perfekt gaveid\u00e9 til urtete-elskere<br \/>\n\u2713 Gives sammen med en af vores <a href=\"https:\/\/wildenherbals.com\/da\/product-type\/urteteer\/\" target=\"_blank\" rel=\"noopener\"><strong>Urteteer<\/strong><\/a><em>f\u00e5s i <strong>forskellige st\u00f8rrelser<\/strong><\/em>!<br \/>\n\u2713 Lavet af holdbart glas og med et raffineret design<\/p>\n","protected":false},"excerpt":{"rendered":"<p>Wilden.herbals-glaskanden er det perfekte tilbeh\u00f8r til dem, der \u00f8nsker at fordybe sig i den autentiske oplevelse af naturlige infusioner. Den er lavet af holdbart glas og har et raffineret design og er designet til at fremh\u00e6ve alle nuancer og aromaer i urteteer fra Wilden.herbals. linje Remediaog giver dig mulighed for at beundre de sarte farver [&hellip;]<\/p>\n","protected":false},"featured_media":41202,"template":"","meta":{"_acf_changed":false,"inline_featured_image":false,"_mbp_gutenberg_autopost":false},"product_brand":[],"product_cat":[1416,1417],"product_tag":[],"partner":[],"line":[],"class_list":{"0":"post-41201","1":"product","2":"type-product","3":"status-publish","4":"has-post-thumbnail","6":"product_cat-tilbehor","7":"product_cat-flasker-kopper-og-tekander","9":"first","10":"instock","11":"taxable","12":"shipping-taxable","13":"purchasable","14":"product-type-simple"},"bundle_layout":"","bundled_by":[],"bundled_items":[],"acf":[],"_links":{"self":[{"href":"https:\/\/wildenherbals.com\/da\/wp-json\/wp\/v2\/product\/41201","targetHints":{"allow":["GET"]}}],"collection":[{"href":"https:\/\/wildenherbals.com\/da\/wp-json\/wp\/v2\/product"}],"about":[{"href":"https:\/\/wildenherbals.com\/da\/wp-json\/wp\/v2\/types\/product"}],"wp:featuredmedia":[{"embeddable":true,"href":"https:\/\/wildenherbals.com\/da\/wp-json\/wp\/v2\/media\/41202"}],"wp:attachment":[{"href":"https:\/\/wildenherbals.com\/da\/wp-json\/wp\/v2\/media?parent=41201"}],"wp:term":[{"taxonomy":"product_brand","embeddable":true,"href":"https:\/\/wildenherbals.com\/da\/wp-json\/wp\/v2\/product_brand?post=41201"},{"taxonomy":"product_cat","embeddable":true,"href":"https:\/\/wildenherbals.com\/da\/wp-json\/wp\/v2\/product_cat?post=41201"},{"taxonomy":"product_tag","embeddable":true,"href":"https:\/\/wildenherbals.com\/da\/wp-json\/wp\/v2\/product_tag?post=41201"},{"taxonomy":"partner","embeddable":true,"href":"https:\/\/wildenherbals.com\/da\/wp-json\/wp\/v2\/partner?post=41201"},{"taxonomy":"line","embeddable":true,"href":"https:\/\/wildenherbals.com\/da\/wp-json\/wp\/v2\/line?post=41201"}],"curies":[{"name":"wp","href":"https:\/\/api.w.org\/{rel}","templated":true}]}}