{"id":41187,"date":"2020-06-23T11:21:00","date_gmt":"2020-06-23T09:21:00","guid":{"rendered":"https:\/\/wildenherbals.com\/shop\/Ikke%20kategoriseret\/bottlit-glaskaraffel\/"},"modified":"2025-10-14T12:17:28","modified_gmt":"2025-10-14T10:17:28","slug":"bottlit-glaskaraffel","status":"publish","type":"product","link":"https:\/\/wildenherbals.com\/da\/shop\/tilbehor\/bottlit-glaskaraffel\/","title":{"rendered":"BOTTLIT glaskaraffel"},"content":{"rendered":"<p>BOTTLIT er formet som en flaske og tilf\u00f8jer personlighed til dit hjem. BOTTLIT-kanderne er behagelige at holde om, og indholdet kommer let ud, n\u00e5r de vippes. <\/p>\n<p>Farven p\u00e5 det indre indhold, det raffinerede glas og den organiske runde form giver elegance til dit k\u00f8kken og dit bord.<\/p>\n<p>Kapacitet: 1 liter.<\/p>\n","protected":false},"excerpt":{"rendered":"<p>BOTTLIT er formet som en flaske og tilf\u00f8jer personlighed til dit hjem. BOTTLIT-kanderne er behagelige at holde om, og indholdet kommer let ud, n\u00e5r de vippes. Farven p\u00e5 det indre indhold, det raffinerede glas og den organiske runde form giver elegance til dit k\u00f8kken og dit bord. Kapacitet: 1 liter.<\/p>\n","protected":false},"featured_media":41189,"template":"","meta":{"_acf_changed":false,"inline_featured_image":false,"_mbp_gutenberg_autopost":false},"product_brand":[],"product_cat":[1416,1479],"product_tag":[],"partner":[],"line":[],"class_list":{"0":"post-41187","1":"product","2":"type-product","3":"status-publish","4":"has-post-thumbnail","6":"product_cat-tilbehor","7":"product_cat-mere-om-det-da-2","9":"first","10":"instock","11":"taxable","12":"shipping-taxable","13":"purchasable","14":"product-type-simple"},"bundle_layout":"","bundled_by":[],"bundled_items":[],"acf":[],"_links":{"self":[{"href":"https:\/\/wildenherbals.com\/da\/wp-json\/wp\/v2\/product\/41187","targetHints":{"allow":["GET"]}}],"collection":[{"href":"https:\/\/wildenherbals.com\/da\/wp-json\/wp\/v2\/product"}],"about":[{"href":"https:\/\/wildenherbals.com\/da\/wp-json\/wp\/v2\/types\/product"}],"wp:featuredmedia":[{"embeddable":true,"href":"https:\/\/wildenherbals.com\/da\/wp-json\/wp\/v2\/media\/41189"}],"wp:attachment":[{"href":"https:\/\/wildenherbals.com\/da\/wp-json\/wp\/v2\/media?parent=41187"}],"wp:term":[{"taxonomy":"product_brand","embeddable":true,"href":"https:\/\/wildenherbals.com\/da\/wp-json\/wp\/v2\/product_brand?post=41187"},{"taxonomy":"product_cat","embeddable":true,"href":"https:\/\/wildenherbals.com\/da\/wp-json\/wp\/v2\/product_cat?post=41187"},{"taxonomy":"product_tag","embeddable":true,"href":"https:\/\/wildenherbals.com\/da\/wp-json\/wp\/v2\/product_tag?post=41187"},{"taxonomy":"partner","embeddable":true,"href":"https:\/\/wildenherbals.com\/da\/wp-json\/wp\/v2\/partner?post=41187"},{"taxonomy":"line","embeddable":true,"href":"https:\/\/wildenherbals.com\/da\/wp-json\/wp\/v2\/line?post=41187"}],"curies":[{"name":"wp","href":"https:\/\/api.w.org\/{rel}","templated":true}]}}