{"id":41179,"date":"2020-06-23T11:21:00","date_gmt":"2025-05-30T13:59:01","guid":{"rendered":"https:\/\/wildenherbals.com\/shop\/Ikke%20kategoriseret\/skovhonning-250-g\/"},"modified":"2025-05-31T10:11:45","modified_gmt":"2025-05-31T08:11:45","slug":"skovhonning-250-g","status":"publish","type":"product","link":"https:\/\/wildenherbals.com\/da\/shop\/uddeling\/honning-og-syltetoj\/skovhonning-250-g\/","title":{"rendered":"Skovhonning (250 g)"},"content":{"rendered":"<p>Duften af denne honning er st\u00e6rk og gennemtr\u00e6ngende, af hellig vin, abrikoskompot, moden figen, sorte krydderier med en lakridsfinish. Smagen er pr\u00e6get af toner af johannesbr\u00f8d, rabarber og gr\u00f8n tomatmarmelade med en eftersmag af kogt r\u00f8rsukker. Langt den rigeste p\u00e5 mineraler, op til 1,5 procent, med en overv\u00e6gt af kalium. Det er sportsfolkenes honning!<br \/>\n* krystalliserer generelt langsomt og i n\u00e6rv\u00e6r af solsikke-nektar og solidago.<\/p>\n<p>&nbsp;<\/p>\n","protected":false},"excerpt":{"rendered":"<p>Duften af denne honning er st\u00e6rk og gennemtr\u00e6ngende, af hellig vin, abrikoskompot, moden figen, sorte krydderier med en lakridsfinish. Smagen er pr\u00e6get af toner af johannesbr\u00f8d, rabarber og gr\u00f8n tomatmarmelade med en eftersmag af kogt r\u00f8rsukker. Langt den rigeste p\u00e5 mineraler, op til 1,5 procent, med en overv\u00e6gt af kalium. Det er sportsfolkenes honning!<br \/>\n* krystalliserer generelt langsomt og i n\u00e6rv\u00e6r af solsikke-nektar og solidago.<\/p>\n","protected":false},"featured_media":41180,"template":"","meta":{"_acf_changed":false,"inline_featured_image":false,"_mbp_gutenberg_autopost":false},"product_brand":[],"product_cat":[1408,1405],"product_tag":[],"partner":[1404],"line":[],"class_list":{"0":"post-41179","1":"product","2":"type-product","3":"status-publish","4":"has-post-thumbnail","6":"product_cat-honning-og-syltetoj","7":"product_cat-uddeling","8":"partner-thun-honeys","10":"first","11":"outofstock","12":"taxable","13":"shipping-taxable","14":"purchasable","15":"product-type-simple"},"bundle_layout":"","bundled_by":[],"bundled_items":[],"acf":[],"_links":{"self":[{"href":"https:\/\/wildenherbals.com\/da\/wp-json\/wp\/v2\/product\/41179","targetHints":{"allow":["GET"]}}],"collection":[{"href":"https:\/\/wildenherbals.com\/da\/wp-json\/wp\/v2\/product"}],"about":[{"href":"https:\/\/wildenherbals.com\/da\/wp-json\/wp\/v2\/types\/product"}],"wp:featuredmedia":[{"embeddable":true,"href":"https:\/\/wildenherbals.com\/da\/wp-json\/wp\/v2\/media\/41180"}],"wp:attachment":[{"href":"https:\/\/wildenherbals.com\/da\/wp-json\/wp\/v2\/media?parent=41179"}],"wp:term":[{"taxonomy":"product_brand","embeddable":true,"href":"https:\/\/wildenherbals.com\/da\/wp-json\/wp\/v2\/product_brand?post=41179"},{"taxonomy":"product_cat","embeddable":true,"href":"https:\/\/wildenherbals.com\/da\/wp-json\/wp\/v2\/product_cat?post=41179"},{"taxonomy":"product_tag","embeddable":true,"href":"https:\/\/wildenherbals.com\/da\/wp-json\/wp\/v2\/product_tag?post=41179"},{"taxonomy":"partner","embeddable":true,"href":"https:\/\/wildenherbals.com\/da\/wp-json\/wp\/v2\/partner?post=41179"},{"taxonomy":"line","embeddable":true,"href":"https:\/\/wildenherbals.com\/da\/wp-json\/wp\/v2\/line?post=41179"}],"curies":[{"name":"wp","href":"https:\/\/api.w.org\/{rel}","templated":true}]}}