{"id":41155,"date":"2020-09-30T17:17:56","date_gmt":"2020-09-30T15:17:56","guid":{"rendered":"https:\/\/wildenherbals.com\/shop\/Ikke%20kategoriseret\/mini-bakke\/"},"modified":"2025-09-29T09:54:54","modified_gmt":"2025-09-29T07:54:54","slug":"mini-bakke","status":"publish","type":"product","link":"https:\/\/wildenherbals.com\/da\/shop\/tilbehor\/mini-bakke\/","title":{"rendered":"Mini bakke"},"content":{"rendered":"<p>Lille bakke med aluminiumsbund og flerlags tr\u00e6kant.<\/p>\n<p>Materialer: Okoum\u00e8 marine krydsfiner, aluminium.<\/p>\n<p>Finish p\u00e5 indersiden af aluminiumsbunden: HACCP-certificeret transparent epoxyharpiks<br \/>\nFlerlagskanten er beskyttet med shellak og vandbaseret klar lak.<\/p>\n","protected":false},"excerpt":{"rendered":"<p>Lille bakke med aluminiumsbund og flerlags tr\u00e6kant. Materialer: Okoum\u00e8 marine krydsfiner, aluminium. Finish p\u00e5 indersiden af aluminiumsbunden: HACCP-certificeret transparent epoxyharpiks Flerlagskanten er beskyttet med shellak og vandbaseret klar lak.<\/p>\n","protected":false},"featured_media":41160,"template":"","meta":{"_acf_changed":false,"inline_featured_image":false,"_mbp_gutenberg_autopost":false},"product_brand":[],"product_cat":[1416,1479],"product_tag":[],"partner":[1478],"line":[],"class_list":{"0":"post-41155","1":"product","2":"type-product","3":"status-publish","4":"has-post-thumbnail","6":"product_cat-tilbehor","7":"product_cat-mere-om-det-da-2","8":"partner-intrecci-toscani-da","10":"first","11":"instock","12":"taxable","13":"shipping-taxable","14":"purchasable","15":"product-type-simple"},"bundle_layout":"","bundled_by":[],"bundled_items":[],"acf":[],"_links":{"self":[{"href":"https:\/\/wildenherbals.com\/da\/wp-json\/wp\/v2\/product\/41155","targetHints":{"allow":["GET"]}}],"collection":[{"href":"https:\/\/wildenherbals.com\/da\/wp-json\/wp\/v2\/product"}],"about":[{"href":"https:\/\/wildenherbals.com\/da\/wp-json\/wp\/v2\/types\/product"}],"wp:featuredmedia":[{"embeddable":true,"href":"https:\/\/wildenherbals.com\/da\/wp-json\/wp\/v2\/media\/41160"}],"wp:attachment":[{"href":"https:\/\/wildenherbals.com\/da\/wp-json\/wp\/v2\/media?parent=41155"}],"wp:term":[{"taxonomy":"product_brand","embeddable":true,"href":"https:\/\/wildenherbals.com\/da\/wp-json\/wp\/v2\/product_brand?post=41155"},{"taxonomy":"product_cat","embeddable":true,"href":"https:\/\/wildenherbals.com\/da\/wp-json\/wp\/v2\/product_cat?post=41155"},{"taxonomy":"product_tag","embeddable":true,"href":"https:\/\/wildenherbals.com\/da\/wp-json\/wp\/v2\/product_tag?post=41155"},{"taxonomy":"partner","embeddable":true,"href":"https:\/\/wildenherbals.com\/da\/wp-json\/wp\/v2\/partner?post=41155"},{"taxonomy":"line","embeddable":true,"href":"https:\/\/wildenherbals.com\/da\/wp-json\/wp\/v2\/line?post=41155"}],"curies":[{"name":"wp","href":"https:\/\/api.w.org\/{rel}","templated":true}]}}