{"id":41148,"date":"2020-10-08T16:33:00","date_gmt":"2020-10-08T14:33:00","guid":{"rendered":"https:\/\/wildenherbals.com\/shop\/Ikke%20kategoriseret\/forklaede-med-lomme-naturfarve\/"},"modified":"2025-09-29T09:58:42","modified_gmt":"2025-09-29T07:58:42","slug":"forklaede-med-lomme-naturfarve","status":"publish","type":"product","link":"https:\/\/wildenherbals.com\/da\/shop\/tekstil\/forklaede-med-lomme-naturfarve\/","title":{"rendered":"Forkl\u00e6de med lomme &#8211; Naturfarve"},"content":{"rendered":"<p><span style=\"font-weight: 400;\">Unisex, multifunktionelt forkl\u00e6de i italiensk h\u00f8r. Komfortabelt og elegant. Praktisk lomme foran.    <\/span><\/p>\n<p><span style=\"font-weight: 400;\">Perfekt til brug i fritiden i k\u00f8kkenet, i haven eller derhjemme.<\/span><\/p>\n<p><span style=\"font-weight: 400;\">Farver: Naturlig  <\/span><\/p>\n<p>M\u00e5l: 50&#215;32 cm &#8211; dybde: 10\/12 cm<\/p>\n<p><em>&#8220;Tak, fordi du valgte denne genstand, som er h\u00e5ndlavet af naturlige vegetabilske fibre. <\/em><br \/>\n<em>Hvert stykke er h\u00e5ndfarvet med naturlige farver udvundet af planter i henhold til gamle farveopskrifter.  <\/em><\/p>\n","protected":false},"excerpt":{"rendered":"<p>Unisex, multifunktionelt forkl\u00e6de i italiensk h\u00f8r. Komfortabelt og elegant. Praktisk lomme foran. Perfekt til brug i fritiden i k\u00f8kkenet, i haven eller derhjemme. Farver: Naturlig M\u00e5l: 50&#215;32 cm &#8211; dybde: 10\/12 cm &#8220;Tak, fordi du valgte denne genstand, som er h\u00e5ndlavet af naturlige vegetabilske fibre. Hvert stykke er h\u00e5ndfarvet med naturlige farver udvundet af planter [&hellip;]<\/p>\n","protected":false},"featured_media":41154,"template":"","meta":{"_acf_changed":false,"inline_featured_image":false,"_mbp_gutenberg_autopost":false},"product_brand":[],"product_cat":[1467,1471],"product_tag":[],"partner":[1393],"line":[],"class_list":{"0":"post-41148","1":"product","2":"type-product","3":"status-publish","4":"has-post-thumbnail","6":"product_cat-tekstil","7":"product_cat-mere-om-det-da","8":"partner-paola-barzano-for-wilden","10":"first","11":"instock","12":"taxable","13":"shipping-taxable","14":"purchasable","15":"product-type-simple"},"bundle_layout":"","bundled_by":[],"bundled_items":[],"acf":[],"_links":{"self":[{"href":"https:\/\/wildenherbals.com\/da\/wp-json\/wp\/v2\/product\/41148","targetHints":{"allow":["GET"]}}],"collection":[{"href":"https:\/\/wildenherbals.com\/da\/wp-json\/wp\/v2\/product"}],"about":[{"href":"https:\/\/wildenherbals.com\/da\/wp-json\/wp\/v2\/types\/product"}],"wp:featuredmedia":[{"embeddable":true,"href":"https:\/\/wildenherbals.com\/da\/wp-json\/wp\/v2\/media\/41154"}],"wp:attachment":[{"href":"https:\/\/wildenherbals.com\/da\/wp-json\/wp\/v2\/media?parent=41148"}],"wp:term":[{"taxonomy":"product_brand","embeddable":true,"href":"https:\/\/wildenherbals.com\/da\/wp-json\/wp\/v2\/product_brand?post=41148"},{"taxonomy":"product_cat","embeddable":true,"href":"https:\/\/wildenherbals.com\/da\/wp-json\/wp\/v2\/product_cat?post=41148"},{"taxonomy":"product_tag","embeddable":true,"href":"https:\/\/wildenherbals.com\/da\/wp-json\/wp\/v2\/product_tag?post=41148"},{"taxonomy":"partner","embeddable":true,"href":"https:\/\/wildenherbals.com\/da\/wp-json\/wp\/v2\/partner?post=41148"},{"taxonomy":"line","embeddable":true,"href":"https:\/\/wildenherbals.com\/da\/wp-json\/wp\/v2\/line?post=41148"}],"curies":[{"name":"wp","href":"https:\/\/api.w.org\/{rel}","templated":true}]}}