{"id":41098,"date":"2020-10-11T10:24:06","date_gmt":"2020-10-11T08:24:06","guid":{"rendered":"https:\/\/wildenherbals.com\/shop\/Ikke%20kategoriseret\/remedium-oekologisk-urtete-no-0-morgen\/"},"modified":"2025-12-10T11:14:04","modified_gmt":"2025-12-10T10:14:04","slug":"remedium-oekologisk-urtete-no-0-morgen","status":"publish","type":"product","link":"https:\/\/wildenherbals.com\/da\/shop\/urteteer\/remedium-oekologisk-urtete-no-0-morgen\/","title":{"rendered":"Remedium \u00f8kologisk urtete nr. 0 &#8211; Morgen"},"content":{"rendered":"<p>Remedium &#8211; 0 er Wildens f\u00f8rste infusionsblanding. Den t\u00f8rre urteblanding fungerer som en morgentonic og energizer, perfekt til at starte dagen p\u00e5.<\/p>\n<p>En blanding af 8 urter, der afbalancerer og forst\u00e6rker hinanden: Den skarpe, st\u00e6rke smag af kakao og kanel harmonerer med den s\u00f8de aroma af honning og den n\u00f8ddeagtige duft af rooibos. Endelig virker ginkgo, perikon, cyclopia og karkad\u00e8 i synergi og fremmer tonus, godt hum\u00f8r og energi.<\/p>\n<p>Indtagelsesm\u00e5de: Hver pose er beregnet til brug i vand p\u00e5 op til 500 ml.<\/p>\n<p>N\u00e5r du k\u00f8ber vores urteteer i formatet med <em>30 stk. bomuldsposer<\/em>, f\u00e5r du vores praktiske og elegante <strong>bomuldspose<\/strong> som <strong>gave<\/strong>. Den er genanvendelig og perfekt som gavepakke, og det er en lille gestus, der g\u00f8r dine \u00f8jeblikke af afslapning endnu mere specielle.<\/p>\n","protected":false},"excerpt":{"rendered":"<p>Remedium &#8211; 0 er Wildens f\u00f8rste infusionsblanding. Den t\u00f8rre urteblanding fungerer som en morgentonic og energizer, perfekt til at starte dagen p\u00e5. En blanding af 8 urter, der afbalancerer og forst\u00e6rker hinanden: Den skarpe, st\u00e6rke smag af kakao og kanel harmonerer med den s\u00f8de aroma af honning og den n\u00f8ddeagtige duft af rooibos. Endelig virker [&hellip;]<\/p>\n","protected":false},"featured_media":41099,"template":"","meta":{"_acf_changed":false,"inline_featured_image":false,"_mbp_gutenberg_autopost":false},"product_brand":[],"product_cat":[1423,1450],"product_tag":[1453,1469],"partner":[],"line":[1439,1468],"class_list":{"0":"post-41098","1":"product","2":"type-product","3":"status-publish","4":"has-post-thumbnail","6":"product_cat-urteteer","7":"product_cat-i-pose","8":"product_tag-energi","9":"product_tag-tonic-da","10":"line-remedia-line-da","11":"line-remedium-okologisk-urtete-no-0-morgen","13":"first","14":"instock","15":"taxable","16":"shipping-taxable","17":"purchasable","18":"product-type-variable"},"bundle_layout":"","bundled_by":[],"bundled_items":[],"acf":[],"_links":{"self":[{"href":"https:\/\/wildenherbals.com\/da\/wp-json\/wp\/v2\/product\/41098","targetHints":{"allow":["GET"]}}],"collection":[{"href":"https:\/\/wildenherbals.com\/da\/wp-json\/wp\/v2\/product"}],"about":[{"href":"https:\/\/wildenherbals.com\/da\/wp-json\/wp\/v2\/types\/product"}],"wp:featuredmedia":[{"embeddable":true,"href":"https:\/\/wildenherbals.com\/da\/wp-json\/wp\/v2\/media\/41099"}],"wp:attachment":[{"href":"https:\/\/wildenherbals.com\/da\/wp-json\/wp\/v2\/media?parent=41098"}],"wp:term":[{"taxonomy":"product_brand","embeddable":true,"href":"https:\/\/wildenherbals.com\/da\/wp-json\/wp\/v2\/product_brand?post=41098"},{"taxonomy":"product_cat","embeddable":true,"href":"https:\/\/wildenherbals.com\/da\/wp-json\/wp\/v2\/product_cat?post=41098"},{"taxonomy":"product_tag","embeddable":true,"href":"https:\/\/wildenherbals.com\/da\/wp-json\/wp\/v2\/product_tag?post=41098"},{"taxonomy":"partner","embeddable":true,"href":"https:\/\/wildenherbals.com\/da\/wp-json\/wp\/v2\/partner?post=41098"},{"taxonomy":"line","embeddable":true,"href":"https:\/\/wildenherbals.com\/da\/wp-json\/wp\/v2\/line?post=41098"}],"curies":[{"name":"wp","href":"https:\/\/api.w.org\/{rel}","templated":true}]}}