{"id":41051,"date":"2020-10-11T10:38:29","date_gmt":"2025-05-30T13:57:11","guid":{"rendered":"https:\/\/wildenherbals.com\/shop\/Ikke%20kategoriseret\/remedium-oekologisk-urtete-no-1-nat\/"},"modified":"2025-07-07T18:07:32","modified_gmt":"2025-07-07T16:07:32","slug":"remedium-oekologisk-urtete-no-1-nat","status":"publish","type":"product","link":"https:\/\/wildenherbals.com\/da\/shop\/urteteer\/remedium-oekologisk-urtete-no-1-nat\/","title":{"rendered":"Remedium \u00f8kologisk urtete nr. 1 &#8211; Nat"},"content":{"rendered":"<p>Remedium &#8211; 1 er en urtete med beroligende og sl\u00f8vende egenskaber, der kan hj\u00e6lpe med at sove og forbedre kvaliteten af nattes\u00f8vnen, perfekt som afslutning p\u00e5 en lang dag.<\/p>\n<p>Remedium &#8211; 1 er en blanding af 8 urter, der afbalancerer hinanden godt og forst\u00e6rker deres virkning: Den s\u00f8de smag af appelsin, den delikate smag af katost og kamille kombineres med den behagelige aroma af duftstjerne. Citronmelisse, passionsblomst, lind og tj\u00f8rn virker synergistisk for at fremme intens og behagelig afslapning.<\/p>\n<p>Indtagelsesm\u00e5de: Hver pose er beregnet til brug i vand p\u00e5 op til 500 ml.<\/p>\n<p>N\u00e5r du k\u00f8ber vores urteteer i formatet med <em>30 stk. bomuldsposer<\/em>, f\u00e5r du vores praktiske og elegante <strong>bomuldspose<\/strong> som <strong>gave<\/strong>. Den er genanvendelig og perfekt som gavepakke, og det er en lille gestus, der g\u00f8r dine \u00f8jeblikke af afslapning endnu mere specielle.<\/p>\n","protected":false},"excerpt":{"rendered":"<p>Remedium &#8211; 1 er en urtete med beroligende og sl\u00f8vende egenskaber, der kan hj\u00e6lpe med at sove og forbedre kvaliteten af nattes\u00f8vnen, perfekt som afslutning p\u00e5 en lang dag. Remedium &#8211; 1 er en blanding af 8 urter, der afbalancerer hinanden godt og forst\u00e6rker deres virkning: Den s\u00f8de smag af appelsin, den delikate smag af [&hellip;]<\/p>\n","protected":false},"featured_media":41062,"template":"","meta":{"_acf_changed":false,"inline_featured_image":false,"_mbp_gutenberg_autopost":false},"product_brand":[],"product_cat":[1423,1450],"product_tag":[1457,1459],"partner":[],"line":[1439,1462],"class_list":{"0":"post-41051","1":"product","2":"type-product","3":"status-publish","4":"has-post-thumbnail","6":"product_cat-urteteer","7":"product_cat-i-pose","8":"product_tag-afslappende","9":"product_tag-rolig","10":"line-remedia-line-da","11":"line-remedium-okologisk-urtete-no-1-nat","13":"first","14":"instock","15":"taxable","16":"shipping-taxable","17":"purchasable","18":"product-type-variable"},"bundle_layout":"","bundled_by":[],"bundled_items":[],"acf":[],"_links":{"self":[{"href":"https:\/\/wildenherbals.com\/da\/wp-json\/wp\/v2\/product\/41051","targetHints":{"allow":["GET"]}}],"collection":[{"href":"https:\/\/wildenherbals.com\/da\/wp-json\/wp\/v2\/product"}],"about":[{"href":"https:\/\/wildenherbals.com\/da\/wp-json\/wp\/v2\/types\/product"}],"wp:featuredmedia":[{"embeddable":true,"href":"https:\/\/wildenherbals.com\/da\/wp-json\/wp\/v2\/media\/41062"}],"wp:attachment":[{"href":"https:\/\/wildenherbals.com\/da\/wp-json\/wp\/v2\/media?parent=41051"}],"wp:term":[{"taxonomy":"product_brand","embeddable":true,"href":"https:\/\/wildenherbals.com\/da\/wp-json\/wp\/v2\/product_brand?post=41051"},{"taxonomy":"product_cat","embeddable":true,"href":"https:\/\/wildenherbals.com\/da\/wp-json\/wp\/v2\/product_cat?post=41051"},{"taxonomy":"product_tag","embeddable":true,"href":"https:\/\/wildenherbals.com\/da\/wp-json\/wp\/v2\/product_tag?post=41051"},{"taxonomy":"partner","embeddable":true,"href":"https:\/\/wildenherbals.com\/da\/wp-json\/wp\/v2\/partner?post=41051"},{"taxonomy":"line","embeddable":true,"href":"https:\/\/wildenherbals.com\/da\/wp-json\/wp\/v2\/line?post=41051"}],"curies":[{"name":"wp","href":"https:\/\/api.w.org\/{rel}","templated":true}]}}