{"id":41050,"date":"2020-10-09T14:15:06","date_gmt":"2025-05-30T13:57:11","guid":{"rendered":"https:\/\/wildenherbals.com\/shop\/Ikke%20kategoriseret\/remedium-oekologisk-urtete-nr-2-boost\/"},"modified":"2025-07-07T18:04:26","modified_gmt":"2025-07-07T16:04:26","slug":"remedium-oekologisk-urtete-nr-2-boost","status":"publish","type":"product","link":"https:\/\/wildenherbals.com\/da\/shop\/urteteer\/remedium-oekologisk-urtete-nr-2-boost\/","title":{"rendered":"Remedium \u00f8kologisk urtete nr. 2 &#8211; Boost"},"content":{"rendered":"<p>Remedium &#8211; 2 er en blanding med antioxidante og immunstimulerende egenskaber, der kan styrke immunforsvaret, beskytte kroppen mod risikofaktorer og forebygge og behandle fork\u00f8lelsessymptomer.<\/p>\n<p>Remedium &#8211; 2 er en blanding af 9 urter, hvor gurkemejens farmakologiske egenskaber underst\u00f8ttes af virkningen af andre urter som hyld og laurb\u00e6r. De aktive ingredienser og den friske, skarpe smag af ingef\u00e6r blandes med den let krydrede peber, den behagelige aroma af citrongr\u00e6s og den s\u00f8de smag af appelsin. <\/p>\n<p>Indtagelsesm\u00e5de: Hver pose er beregnet til brug i vand p\u00e5 op til 500 ml.<\/p>\n<p>N\u00e5r du k\u00f8ber vores urteteer i formatet med <em>30 stk. bomuldsposer<\/em>, f\u00e5r du vores praktiske og elegante <strong>bomuldspose<\/strong> som <strong>gave<\/strong>. Den er genanvendelig og perfekt som gavepakke, og det er en lille gestus, der g\u00f8r dine \u00f8jeblikke af afslapning endnu mere specielle. <\/p>\n","protected":false},"excerpt":{"rendered":"<p>Remedium &#8211; 2 er en blanding med antioxidante og immunstimulerende egenskaber, der kan styrke immunforsvaret, beskytte kroppen mod risikofaktorer og forebygge og behandle fork\u00f8lelsessymptomer. Remedium &#8211; 2 er en blanding af 9 urter, hvor gurkemejens farmakologiske egenskaber underst\u00f8ttes af virkningen af andre urter som hyld og laurb\u00e6r. De aktive ingredienser og den friske, skarpe smag [&hellip;]<\/p>\n","protected":false},"featured_media":41052,"template":"","meta":{"_acf_changed":false,"inline_featured_image":false,"_mbp_gutenberg_autopost":false},"product_brand":[],"product_cat":[1423,1450],"product_tag":[1453,1451,1461],"partner":[],"line":[1439,1460],"class_list":{"0":"post-41050","1":"product","2":"type-product","3":"status-publish","4":"has-post-thumbnail","6":"product_cat-urteteer","7":"product_cat-i-pose","8":"product_tag-energi","9":"product_tag-forstaerker","10":"product_tag-velbefindende","11":"line-remedia-line-da","12":"line-remedium-okologisk-urtete-nr-2-boost","14":"first","15":"instock","16":"taxable","17":"shipping-taxable","18":"purchasable","19":"product-type-variable"},"bundle_layout":"","bundled_by":[],"bundled_items":[],"acf":[],"_links":{"self":[{"href":"https:\/\/wildenherbals.com\/da\/wp-json\/wp\/v2\/product\/41050","targetHints":{"allow":["GET"]}}],"collection":[{"href":"https:\/\/wildenherbals.com\/da\/wp-json\/wp\/v2\/product"}],"about":[{"href":"https:\/\/wildenherbals.com\/da\/wp-json\/wp\/v2\/types\/product"}],"wp:featuredmedia":[{"embeddable":true,"href":"https:\/\/wildenherbals.com\/da\/wp-json\/wp\/v2\/media\/41052"}],"wp:attachment":[{"href":"https:\/\/wildenherbals.com\/da\/wp-json\/wp\/v2\/media?parent=41050"}],"wp:term":[{"taxonomy":"product_brand","embeddable":true,"href":"https:\/\/wildenherbals.com\/da\/wp-json\/wp\/v2\/product_brand?post=41050"},{"taxonomy":"product_cat","embeddable":true,"href":"https:\/\/wildenherbals.com\/da\/wp-json\/wp\/v2\/product_cat?post=41050"},{"taxonomy":"product_tag","embeddable":true,"href":"https:\/\/wildenherbals.com\/da\/wp-json\/wp\/v2\/product_tag?post=41050"},{"taxonomy":"partner","embeddable":true,"href":"https:\/\/wildenherbals.com\/da\/wp-json\/wp\/v2\/partner?post=41050"},{"taxonomy":"line","embeddable":true,"href":"https:\/\/wildenherbals.com\/da\/wp-json\/wp\/v2\/line?post=41050"}],"curies":[{"name":"wp","href":"https:\/\/api.w.org\/{rel}","templated":true}]}}