{"id":41004,"date":"2020-10-09T14:34:38","date_gmt":"2020-10-09T12:34:38","guid":{"rendered":"https:\/\/wildenherbals.com\/shop\/Ikke%20kategoriseret\/remedium-no-3-oekologisk-urtete-fordoejelsessystemet\/"},"modified":"2026-02-18T10:04:48","modified_gmt":"2026-02-18T09:04:48","slug":"remedium-no-3-oekologisk-urtete-fordoejelsessystemet","status":"publish","type":"product","link":"https:\/\/wildenherbals.com\/da\/shop\/urteteer\/remedium-no-3-oekologisk-urtete-fordoejelsessystemet\/","title":{"rendered":"Remedium \u00f8kologisk urtete nr. 3 &#8211; ford\u00f8jelsessystemet"},"content":{"rendered":"<p>Remedium &#8211; 3 er en let, frisk smagende urtete, der kan nydes efter hvert m\u00e5ltid. Den fremmer ford\u00f8jelsen og bidrager til en korrekt tarmcyklus.<\/p>\n<p>8 klassiske planter, der kombinerer og afbalancerer hinanden og virker synergistisk. Den friske, intense smag af citron, mynte og ingef\u00e6r forst\u00e6rkes af lakrids og rosmarin. Salvie, citronmelisse og fennikel lukker smagscirklen med en s\u00f8d og delikat eftersmag, der sikrer en gavnlig og beskyttende effekt for leveren.<\/p>\n<p>Indtagelsesm\u00e5de: Hver pose er beregnet til brug i vand p\u00e5 op til 500 ml.<\/p>\n<p>N\u00e5r du k\u00f8ber vores urteteer i formatet med <em>30 stk. bomuldsposer<\/em>, f\u00e5r du vores praktiske og elegante <strong>bomuldspose<\/strong> som <strong>gave<\/strong>. Den er genanvendelig og perfekt som gavepakke, og det er en lille gestus, der g\u00f8r dine \u00f8jeblikke af afslapning endnu mere specielle.<\/p>\n","protected":false},"excerpt":{"rendered":"<p>Remedium &#8211; 3 er en let, frisk smagende urtete, der kan nydes efter hvert m\u00e5ltid. Den fremmer ford\u00f8jelsen og bidrager til en korrekt tarmcyklus. 8 klassiske planter, der kombinerer og afbalancerer hinanden og virker synergistisk. Den friske, intense smag af citron, mynte og ingef\u00e6r forst\u00e6rkes af lakrids og rosmarin. Salvie, citronmelisse og fennikel lukker smagscirklen [&hellip;]<\/p>\n","protected":false},"featured_media":41005,"template":"","meta":{"_acf_changed":false,"inline_featured_image":false,"_mbp_gutenberg_autopost":false},"product_brand":[],"product_cat":[1423,1450],"product_tag":[1457,1459,1458],"partner":[],"line":[1439,1456],"class_list":{"0":"post-41004","1":"product","2":"type-product","3":"status-publish","4":"has-post-thumbnail","6":"product_cat-urteteer","7":"product_cat-i-pose","8":"product_tag-afslappende","9":"product_tag-rolig","10":"product_tag-rensning","11":"line-remedia-line-da","12":"line-remedium-no-3-okologisk-urtete-fordojelsessystemet","14":"first","15":"instock","16":"taxable","17":"shipping-taxable","18":"purchasable","19":"product-type-variable"},"bundle_layout":"","bundled_by":[],"bundled_items":[],"acf":[],"_links":{"self":[{"href":"https:\/\/wildenherbals.com\/da\/wp-json\/wp\/v2\/product\/41004","targetHints":{"allow":["GET"]}}],"collection":[{"href":"https:\/\/wildenherbals.com\/da\/wp-json\/wp\/v2\/product"}],"about":[{"href":"https:\/\/wildenherbals.com\/da\/wp-json\/wp\/v2\/types\/product"}],"wp:featuredmedia":[{"embeddable":true,"href":"https:\/\/wildenherbals.com\/da\/wp-json\/wp\/v2\/media\/41005"}],"wp:attachment":[{"href":"https:\/\/wildenherbals.com\/da\/wp-json\/wp\/v2\/media?parent=41004"}],"wp:term":[{"taxonomy":"product_brand","embeddable":true,"href":"https:\/\/wildenherbals.com\/da\/wp-json\/wp\/v2\/product_brand?post=41004"},{"taxonomy":"product_cat","embeddable":true,"href":"https:\/\/wildenherbals.com\/da\/wp-json\/wp\/v2\/product_cat?post=41004"},{"taxonomy":"product_tag","embeddable":true,"href":"https:\/\/wildenherbals.com\/da\/wp-json\/wp\/v2\/product_tag?post=41004"},{"taxonomy":"partner","embeddable":true,"href":"https:\/\/wildenherbals.com\/da\/wp-json\/wp\/v2\/partner?post=41004"},{"taxonomy":"line","embeddable":true,"href":"https:\/\/wildenherbals.com\/da\/wp-json\/wp\/v2\/line?post=41004"}],"curies":[{"name":"wp","href":"https:\/\/api.w.org\/{rel}","templated":true}]}}