{"id":41003,"date":"2020-10-09T14:44:00","date_gmt":"2025-05-30T13:56:56","guid":{"rendered":"https:\/\/wildenherbals.com\/shop\/Ikke%20kategoriseret\/remedium-oekologisk-urtete-nr-4-toemmermaend\/"},"modified":"2025-07-07T17:58:13","modified_gmt":"2025-07-07T15:58:13","slug":"remedium-oekologisk-urtete-nr-4-toemmermaend","status":"publish","type":"product","link":"https:\/\/wildenherbals.com\/da\/shop\/urteteer\/remedium-oekologisk-urtete-nr-4-toemmermaend\/","title":{"rendered":"Remedium \u00f8kologisk urtete nr. 4 &#8211; T\u00f8mmerm\u00e6nd"},"content":{"rendered":"<p>Remedium &#8211; 4 er en kompleks opskrift best\u00e5ende af 12 s\u00e6rligt udvalgte urter, der sikrer en foryngende f\u00f8lelse og hj\u00e6lper med at komme tilbage p\u00e5 sporet, is\u00e6r n\u00e5r man har \u00bbt\u00f8mmerm\u00e6nd\u00ab.<\/p>\n<p>I dette Remedium finder vi citron, citrongr\u00e6s og appelsin, ingredienser, der er rige p\u00e5 C-vitamin og har opkvikkende egenskaber; mynte og ingef\u00e6r pr\u00e6ger smagen og giver infusionen en frisk, velduftende smag. Sort peber og gurkemeje supplerer hinanden, mens katost, ensian og kamille skaber balance mellem alle urterne og fremmer en synergetisk virkning til fordel for lever, mave og tarm, hvilket giver en markant fornemmelse af styrke og energi. <\/p>\n<p>Indtagelsesm\u00e5de: Hver pose er beregnet til brug i vand p\u00e5 op til 500 ml.<\/p>\n<p>N\u00e5r du k\u00f8ber vores urteteer i formatet med <em>30 stk. bomuldsposer<\/em>, f\u00e5r du vores praktiske og elegante <strong>bomuldspose<\/strong> som <strong>gave<\/strong>. Den er genanvendelig og perfekt som gavepakke, og det er en lille gestus, der g\u00f8r dine \u00f8jeblikke af afslapning endnu mere specielle. <\/p>\n","protected":false},"excerpt":{"rendered":"<p>Remedium &#8211; 4 er en kompleks opskrift best\u00e5ende af 12 s\u00e6rligt udvalgte urter, der sikrer en foryngende f\u00f8lelse og hj\u00e6lper med at komme tilbage p\u00e5 sporet, is\u00e6r n\u00e5r man har \u00bbt\u00f8mmerm\u00e6nd\u00ab. I dette Remedium finder vi citron, citrongr\u00e6s og appelsin, ingredienser, der er rige p\u00e5 C-vitamin og har opkvikkende egenskaber; mynte og ingef\u00e6r pr\u00e6ger smagen [&hellip;]<\/p>\n","protected":false},"featured_media":41027,"template":"","meta":{"_acf_changed":false,"inline_featured_image":false,"_mbp_gutenberg_autopost":false},"product_brand":[],"product_cat":[1423,1450],"product_tag":[1458],"partner":[],"line":[1439,1454],"class_list":{"0":"post-41003","1":"product","2":"type-product","3":"status-publish","4":"has-post-thumbnail","6":"product_cat-urteteer","7":"product_cat-i-pose","8":"product_tag-rensning","9":"line-remedia-line-da","10":"line-remedium-okologisk-urtete-nr-4-tommermaend","12":"first","13":"instock","14":"taxable","15":"shipping-taxable","16":"purchasable","17":"product-type-variable"},"bundle_layout":"","bundled_by":[],"bundled_items":[],"acf":[],"_links":{"self":[{"href":"https:\/\/wildenherbals.com\/da\/wp-json\/wp\/v2\/product\/41003","targetHints":{"allow":["GET"]}}],"collection":[{"href":"https:\/\/wildenherbals.com\/da\/wp-json\/wp\/v2\/product"}],"about":[{"href":"https:\/\/wildenherbals.com\/da\/wp-json\/wp\/v2\/types\/product"}],"wp:featuredmedia":[{"embeddable":true,"href":"https:\/\/wildenherbals.com\/da\/wp-json\/wp\/v2\/media\/41027"}],"wp:attachment":[{"href":"https:\/\/wildenherbals.com\/da\/wp-json\/wp\/v2\/media?parent=41003"}],"wp:term":[{"taxonomy":"product_brand","embeddable":true,"href":"https:\/\/wildenherbals.com\/da\/wp-json\/wp\/v2\/product_brand?post=41003"},{"taxonomy":"product_cat","embeddable":true,"href":"https:\/\/wildenherbals.com\/da\/wp-json\/wp\/v2\/product_cat?post=41003"},{"taxonomy":"product_tag","embeddable":true,"href":"https:\/\/wildenherbals.com\/da\/wp-json\/wp\/v2\/product_tag?post=41003"},{"taxonomy":"partner","embeddable":true,"href":"https:\/\/wildenherbals.com\/da\/wp-json\/wp\/v2\/partner?post=41003"},{"taxonomy":"line","embeddable":true,"href":"https:\/\/wildenherbals.com\/da\/wp-json\/wp\/v2\/line?post=41003"}],"curies":[{"name":"wp","href":"https:\/\/api.w.org\/{rel}","templated":true}]}}