{"id":40978,"date":"2020-10-24T09:18:54","date_gmt":"2020-10-24T07:18:54","guid":{"rendered":"https:\/\/wildenherbals.com\/shop\/Ikke%20kategoriseret\/remedium-oekologisk-urtete-no-5-fokus\/"},"modified":"2026-03-02T09:58:50","modified_gmt":"2026-03-02T08:58:50","slug":"remedium-oekologisk-urtete-no-5-fokus","status":"publish","type":"product","link":"https:\/\/wildenherbals.com\/da\/shop\/urteteer\/remedium-oekologisk-urtete-no-5-fokus\/","title":{"rendered":"Remedium \u00f8kologisk urtete nr. 5 &#8211; Fokus"},"content":{"rendered":"<p>Remedium &#8211; 5 er en infusion, der er skabt til at t\u00e6nke. Balancen i denne urtete bygger p\u00e5 smag og aroma for at genoprette harmonien og sublimere hvert \u00f8jebliks pause.<\/p>\n<p>Den er sammensat af 9 urter, der udvikler sig i munden og giver den rette smagsbalance. En hel middelhavsrejse takket v\u00e6re friskheden fra mynte og basilikum, som bliver s\u00f8d med verbena og melissa moldavica. Cirklen fuldendes af rosmarin og rhodiola rosea, som sammen med den sammentr\u00e6kkende krop, der er udviklet p\u00e5 mat\u00e9, ginkgo og centella asiatica, g\u00f8r denne Remedium til den ideelle rejsekammerat til at genfinde det rette fokus.<\/p>\n<p>Indtagelsesm\u00e5de: Hver pose er beregnet til brug i vand p\u00e5 op til 500 ml.<\/p>\n<p>N\u00e5r du k\u00f8ber vores urteteer i formatet med <em>30 stk. bomuldsposer<\/em>, f\u00e5r du vores praktiske og elegante <strong>bomuldspose<\/strong> som <strong>gave<\/strong>. Den er genanvendelig og perfekt som gavepakke, og det er en lille gestus, der g\u00f8r dine \u00f8jeblikke af afslapning endnu mere specielle.<\/p>\n","protected":false},"excerpt":{"rendered":"<p>Remedium &#8211; 5 er en infusion, der er skabt til at t\u00e6nke. Balancen i denne urtete bygger p\u00e5 smag og aroma for at genoprette harmonien og sublimere hvert \u00f8jebliks pause. Den er sammensat af 9 urter, der udvikler sig i munden og giver den rette smagsbalance. En hel middelhavsrejse takket v\u00e6re friskheden fra mynte og [&hellip;]<\/p>\n","protected":false},"featured_media":40979,"template":"","meta":{"_acf_changed":false,"inline_featured_image":false,"_mbp_gutenberg_autopost":false},"product_brand":[],"product_cat":[1423,1450],"product_tag":[1453,1451,1452],"partner":[],"line":[1439,1440],"class_list":{"0":"post-40978","1":"product","2":"type-product","3":"status-publish","4":"has-post-thumbnail","6":"product_cat-urteteer","7":"product_cat-i-pose","8":"product_tag-energi","9":"product_tag-forstaerker","10":"product_tag-regenererende","11":"line-remedia-line-da","12":"line-remedium-okologisk-urtete-no-5-fokus","14":"first","15":"instock","16":"taxable","17":"shipping-taxable","18":"purchasable","19":"product-type-variable"},"bundle_layout":"","bundled_by":[],"bundled_items":[],"acf":[],"_links":{"self":[{"href":"https:\/\/wildenherbals.com\/da\/wp-json\/wp\/v2\/product\/40978","targetHints":{"allow":["GET"]}}],"collection":[{"href":"https:\/\/wildenherbals.com\/da\/wp-json\/wp\/v2\/product"}],"about":[{"href":"https:\/\/wildenherbals.com\/da\/wp-json\/wp\/v2\/types\/product"}],"wp:featuredmedia":[{"embeddable":true,"href":"https:\/\/wildenherbals.com\/da\/wp-json\/wp\/v2\/media\/40979"}],"wp:attachment":[{"href":"https:\/\/wildenherbals.com\/da\/wp-json\/wp\/v2\/media?parent=40978"}],"wp:term":[{"taxonomy":"product_brand","embeddable":true,"href":"https:\/\/wildenherbals.com\/da\/wp-json\/wp\/v2\/product_brand?post=40978"},{"taxonomy":"product_cat","embeddable":true,"href":"https:\/\/wildenherbals.com\/da\/wp-json\/wp\/v2\/product_cat?post=40978"},{"taxonomy":"product_tag","embeddable":true,"href":"https:\/\/wildenherbals.com\/da\/wp-json\/wp\/v2\/product_tag?post=40978"},{"taxonomy":"partner","embeddable":true,"href":"https:\/\/wildenherbals.com\/da\/wp-json\/wp\/v2\/partner?post=40978"},{"taxonomy":"line","embeddable":true,"href":"https:\/\/wildenherbals.com\/da\/wp-json\/wp\/v2\/line?post=40978"}],"curies":[{"name":"wp","href":"https:\/\/api.w.org\/{rel}","templated":true}]}}